{"id":2103,"date":"2021-03-23T04:33:54","date_gmt":"2021-03-23T04:33:54","guid":{"rendered":"http:\/\/localhost\/nuss\/?page_id=103"},"modified":"2025-12-04T08:10:44","modified_gmt":"2025-12-04T08:10:44","slug":"uber-uns","status":"publish","type":"page","link":"https:\/\/zhonganhotel.com\/de\/uber-uns\/","title":{"rendered":"\u00dcber uns"},"content":{"rendered":"<div data-elementor-type=\"wp-page\" data-elementor-id=\"2103\" class=\"elementor elementor-2103\">\n\t\t\t\t\t\t<section class=\"elementor-section elementor-top-section elementor-element elementor-element-8f5bb9d elementor-section-boxed elementor-section-gap-beside-yes elementor-section-height-default elementor-section-height-default elementor-section-column-vertical-align-stretch\" data-id=\"8f5bb9d\" data-element_type=\"section\" data-e-type=\"section\">\n\t\t\t\t\t\t<div class=\"elementor-container elementor-column-gap-extended\">\n\t\t\t\t\t<div class=\"elementor-column elementor-col-100 elementor-top-column elementor-element elementor-element-7ec4215\" data-id=\"7ec4215\" data-element_type=\"column\" data-e-type=\"column\">\n\t\t\t<div class=\"elementor-widget-wrap elementor-element-populated\">\n\t\t\t\t\t\t<div class=\"elementor-element elementor-element-edd9d03 elementor-widget__width-initial elementor-invisible elementor-widget elementor-widget-text-editor\" data-id=\"edd9d03\" data-element_type=\"widget\" data-e-type=\"widget\" data-settings=\"{&quot;_animation&quot;:&quot;nussFadeInUp&quot;}\" data-widget_type=\"text-editor.default\">\n\t\t\t\t\t\t\t\t\t<p>Unsere Geschichte ist einfach. Wir lieben NUSS. Die Besitzer haben hier geheiratet und Generationen ihrer Familie haben hier gelebt und leben noch immer hier.<\/p>\t\t\t\t\t\t\t\t<\/div>\n\t\t\t\t\t<\/div>\n\t\t<\/div>\n\t\t\t\t\t<\/div>\n\t\t<\/section>\n\t\t\t\t<section class=\"elementor-section elementor-top-section elementor-element elementor-element-22f368b elementor-section-boxed elementor-section-gap-beside-yes elementor-section-height-default elementor-section-height-default elementor-section-column-vertical-align-stretch\" data-id=\"22f368b\" data-element_type=\"section\" data-e-type=\"section\">\n\t\t\t\t\t\t<div class=\"elementor-container elementor-column-gap-extended\">\n\t\t\t\t\t<div class=\"elementor-column elementor-col-50 elementor-top-column elementor-element elementor-element-cd50ecf\" data-id=\"cd50ecf\" data-element_type=\"column\" data-e-type=\"column\">\n\t\t\t<div class=\"elementor-widget-wrap elementor-element-populated\">\n\t\t\t\t\t\t<div class=\"elementor-element elementor-element-e8c92e2 elementor-invisible elementor-widget elementor-widget-text-editor\" data-id=\"e8c92e2\" data-element_type=\"widget\" data-e-type=\"widget\" data-settings=\"{&quot;_animation&quot;:&quot;nussFadeInUp&quot;}\" data-widget_type=\"text-editor.default\">\n\t\t\t\t\t\t\t\t\t<p data-spm-anchor-id=\"a2ty_o01.29997173.0.i11.3db3c921hBvKzf\">Eingebettet in das pulsierende <strong>Bezirk Dongcheng<\/strong> von Peking an einer erstklassigen und geschichtstr\u00e4chtigen Adresse \u2013<strong>Nr. 6 Kuijiachang, Dayangmao Hutong, Beijing Station East Street, Peking, 100005, China<\/strong>-Die <strong>Beijing Zhong&#039;an Hotel<\/strong> bietet Reisenden eine seltene Mischung aus <strong>authentischer Charme, moderner Komfort und unschlagbare Bequemlichkeit<\/strong>. Mehr als nur ein Ort zum Ausruhen, dient dieses durchdachte Hotel als idealer Ausgangspunkt f\u00fcr Entdecker, Gesch\u00e4ftsleute und Kulturliebhaber, die die <strong>wahre Essenz von Peking<\/strong>, wo alte Traditionen auf modernes Stadtleben treffen.<\/p>\t\t\t\t\t\t\t\t<\/div>\n\t\t\t\t\t<\/div>\n\t\t<\/div>\n\t\t\t\t<div class=\"elementor-column elementor-col-50 elementor-top-column elementor-element elementor-element-414be75\" data-id=\"414be75\" data-element_type=\"column\" data-e-type=\"column\">\n\t\t\t<div class=\"elementor-widget-wrap elementor-element-populated\">\n\t\t\t\t\t\t<div class=\"elementor-element elementor-element-73d6bb9 elementor-widget elementor-widget-image\" data-id=\"73d6bb9\" data-element_type=\"widget\" data-e-type=\"widget\" data-widget_type=\"image.default\">\n\t\t\t\t\t\t\t\t\t\t\t\t\t\t\t<img fetchpriority=\"high\" decoding=\"async\" width=\"639\" height=\"853\" src=\"https:\/\/zhonganhotel.com\/wp-content\/uploads\/2025\/08\/Beijing-Zhongan-Hotel-109.webp\" class=\"attachment-large size-large wp-image-5550\" alt=\"\" srcset=\"https:\/\/zhonganhotel.com\/wp-content\/uploads\/2025\/08\/Beijing-Zhongan-Hotel-109.webp 639w, https:\/\/zhonganhotel.com\/wp-content\/uploads\/2025\/08\/Beijing-Zhongan-Hotel-109-225x300.webp 225w, https:\/\/zhonganhotel.com\/wp-content\/uploads\/2025\/08\/Beijing-Zhongan-Hotel-109-9x12.webp 9w\" sizes=\"(max-width: 639px) 100vw, 639px\" \/>\t\t\t\t\t\t\t\t\t\t\t\t\t\t\t<\/div>\n\t\t\t\t\t<\/div>\n\t\t<\/div>\n\t\t\t\t\t<\/div>\n\t\t<\/section>\n\t\t\t\t<section class=\"elementor-section elementor-top-section elementor-element elementor-element-2393bc4 elementor-section-height-min-height elementor-section-stretched elementor-section-full_width elementor-section-items-stretch elementor-section-height-default elementor-section-column-vertical-align-stretch\" data-id=\"2393bc4\" data-element_type=\"section\" data-e-type=\"section\" data-settings=\"{&quot;stretch_section&quot;:&quot;section-stretched&quot;}\">\n\t\t\t\t\t\t<div class=\"elementor-container elementor-column-gap-no\">\n\t\t\t\t\t<div class=\"elementor-column elementor-col-50 elementor-top-column elementor-element elementor-element-41b487e\" data-id=\"41b487e\" data-element_type=\"column\" data-e-type=\"column\">\n\t\t\t<div class=\"elementor-widget-wrap elementor-element-populated\">\n\t\t\t\t\t\t<div class=\"elementor-element elementor-element-d12a3c0 elementor-widget__width-initial elementor-widget-mobile__width-inherit elementor-invisible nuss-elementor-loading nuss-slide-in-right elementor-widget elementor-widget-image\" data-id=\"d12a3c0\" data-element_type=\"widget\" data-e-type=\"widget\" data-settings=\"{&quot;_animation&quot;:&quot;nussSlideInRight&quot;}\" data-widget_type=\"image.default\">\n\t\t\t\t\t\t\t\t\t\t\t\t\t\t\t<img decoding=\"async\" width=\"1254\" height=\"853\" src=\"https:\/\/zhonganhotel.com\/wp-content\/uploads\/2025\/08\/Beijing-Zhongan-Hotel-100.webp\" class=\"attachment-full size-full wp-image-5541\" alt=\"\" srcset=\"https:\/\/zhonganhotel.com\/wp-content\/uploads\/2025\/08\/Beijing-Zhongan-Hotel-100.webp 1254w, https:\/\/zhonganhotel.com\/wp-content\/uploads\/2025\/08\/Beijing-Zhongan-Hotel-100-300x204.webp 300w, https:\/\/zhonganhotel.com\/wp-content\/uploads\/2025\/08\/Beijing-Zhongan-Hotel-100-1024x697.webp 1024w, https:\/\/zhonganhotel.com\/wp-content\/uploads\/2025\/08\/Beijing-Zhongan-Hotel-100-768x522.webp 768w, https:\/\/zhonganhotel.com\/wp-content\/uploads\/2025\/08\/Beijing-Zhongan-Hotel-100-18x12.webp 18w\" sizes=\"(max-width: 1254px) 100vw, 1254px\" \/>\t\t\t\t\t\t\t\t\t\t\t\t\t\t\t<\/div>\n\t\t\t\t\t<\/div>\n\t\t<\/div>\n\t\t\t\t<div class=\"elementor-column elementor-col-50 elementor-top-column elementor-element elementor-element-281747b\" data-id=\"281747b\" data-element_type=\"column\" data-e-type=\"column\">\n\t\t\t<div class=\"elementor-widget-wrap elementor-element-populated\">\n\t\t\t\t\t\t<div class=\"elementor-element elementor-element-2ba7908 elementor-invisible elementor-widget elementor-widget-text-editor\" data-id=\"2ba7908\" data-element_type=\"widget\" data-e-type=\"widget\" data-settings=\"{&quot;_animation&quot;:&quot;nussFadeInUp&quot;}\" data-widget_type=\"text-editor.default\">\n\t\t\t\t\t\t\t\t\t<p data-spm-anchor-id=\"a2ty_o01.29997173.0.i13.3db3c921hBvKzf\">Nur wenige Schritte entfernt <strong>Bahnhof Peking<\/strong>, einem der wichtigsten Verkehrsknotenpunkte der Stadt, ist das Zhong&#039;an Hotel die erste Wahl f\u00fcr in- und ausl\u00e4ndische Reisende, die eine nahtlose Anbindung suchen. Egal, ob Sie mit dem Hochgeschwindigkeitszug G aus Shanghai anreisen, mit dem Airport Express vom Flughafen umsteigen oder eine Reise durch mehrere St\u00e4dte in China beginnen, das Hotel <strong>N\u00e4he zu wichtigen Verkehrswegen<\/strong> sorgt daf\u00fcr, dass Ihr Abenteuer reibungslos und stressfrei beginnt.<\/p><div class=\"my-2\">\u00a0<\/div><p data-spm-anchor-id=\"a2ty_o01.29997173.0.i15.3db3c921hBvKzf\">Aber was das Beijing Zhong&#039;an Hotel wirklich auszeichnet, ist seine <strong>einzigartige Lage in einem traditionellen Pekinger Hutong<\/strong>\u2013 ein Netzwerk aus engen, verwinkelten Gassen, die seit Generationen von Einheimischen bewohnt werden und die stillen, intimen Geschichten der Stadtgeschichte erz\u00e4hlen. Wenn Sie den Eingang des Hotels betreten, checken Sie nicht nur in ein Zimmer ein \u2013 Sie betreten ein lebendiges St\u00fcck Pekings kulturelles Gef\u00fcge. Die umliegende <strong>Dayangmao Hutong<\/strong> verbindet jahrhundertealte Architektur mit moderner urbaner Energie und bietet den G\u00e4sten die M\u00f6glichkeit, <strong>Lokales Leben abseits der Touristenpfade<\/strong>Trinken Sie Ihren Morgentee an einem Stand in der Nachbarschaft, schauen Sie den \u00c4lteren beim Schachspielen in den Ecken des Innenhofs zu oder schlendern Sie an rot lackierten Toren vorbei, die Geschichten aus dem Peking der Kaiserzeit erz\u00e4hlen.<\/p>\t\t\t\t\t\t\t\t<\/div>\n\t\t\t\t\t<\/div>\n\t\t<\/div>\n\t\t\t\t\t<\/div>\n\t\t<\/section>\n\t\t\t\t<section class=\"elementor-section elementor-top-section elementor-element elementor-element-c776481 elementor-section-height-min-height elementor-section-stretched elementor-section-full_width elementor-section-items-stretch elementor-section-height-default elementor-section-column-vertical-align-stretch\" data-id=\"c776481\" data-element_type=\"section\" data-e-type=\"section\" data-settings=\"{&quot;stretch_section&quot;:&quot;section-stretched&quot;}\">\n\t\t\t\t\t\t<div class=\"elementor-container elementor-column-gap-no\">\n\t\t\t\t\t<div class=\"elementor-column elementor-col-50 elementor-top-column elementor-element elementor-element-5b7c927\" data-id=\"5b7c927\" data-element_type=\"column\" data-e-type=\"column\">\n\t\t\t<div class=\"elementor-widget-wrap elementor-element-populated\">\n\t\t\t\t\t\t<div class=\"elementor-element elementor-element-831e36f elementor-widget__width-initial elementor-widget-mobile__width-inherit elementor-invisible nuss-elementor-loading nuss-slide-in-right elementor-widget elementor-widget-image\" data-id=\"831e36f\" data-element_type=\"widget\" data-e-type=\"widget\" data-settings=\"{&quot;_animation&quot;:&quot;nussSlideInRight&quot;}\" data-widget_type=\"image.default\">\n\t\t\t\t\t\t\t\t\t\t\t\t\t\t\t<img decoding=\"async\" width=\"1006\" height=\"724\" src=\"https:\/\/zhonganhotel.com\/wp-content\/uploads\/2025\/08\/Beijing-Zhongan-Hotel-22.webp\" class=\"attachment-full size-full wp-image-5463\" alt=\"\" srcset=\"https:\/\/zhonganhotel.com\/wp-content\/uploads\/2025\/08\/Beijing-Zhongan-Hotel-22.webp 1006w, https:\/\/zhonganhotel.com\/wp-content\/uploads\/2025\/08\/Beijing-Zhongan-Hotel-22-300x216.webp 300w, https:\/\/zhonganhotel.com\/wp-content\/uploads\/2025\/08\/Beijing-Zhongan-Hotel-22-768x553.webp 768w, https:\/\/zhonganhotel.com\/wp-content\/uploads\/2025\/08\/Beijing-Zhongan-Hotel-22-18x12.webp 18w\" sizes=\"(max-width: 1006px) 100vw, 1006px\" \/>\t\t\t\t\t\t\t\t\t\t\t\t\t\t\t<\/div>\n\t\t\t\t\t<\/div>\n\t\t<\/div>\n\t\t\t\t<div class=\"elementor-column elementor-col-50 elementor-top-column elementor-element elementor-element-e938469\" data-id=\"e938469\" data-element_type=\"column\" data-e-type=\"column\">\n\t\t\t<div class=\"elementor-widget-wrap elementor-element-populated\">\n\t\t\t\t\t\t<div class=\"elementor-element elementor-element-d815c08 elementor-invisible elementor-widget elementor-widget-text-editor\" data-id=\"d815c08\" data-element_type=\"widget\" data-e-type=\"widget\" data-settings=\"{&quot;_animation&quot;:&quot;nussFadeInUp&quot;}\" data-widget_type=\"text-editor.default\">\n\t\t\t\t\t\t\t\t\t<p data-spm-anchor-id=\"a2ty_o01.29997173.0.i16.3db3c921hBvKzf\">Trotz seiner ruhigen Wohnlage ist das Hotel <strong>\u00fcberraschend nah an Pekings ber\u00fchmtesten Wahrzeichen<\/strong>. Nach einem kurzen Spaziergang oder einer kurzen U-Bahnfahrt k\u00f6nnen Sie Folgendes erkunden:<\/p><ul><li><strong>Platz des Himmlischen Friedens<\/strong> (3 km) \u2013 Der gr\u00f6\u00dfte \u00f6ffentliche Platz der Welt und Symbol des modernen China<\/li><li data-spm-anchor-id=\"a2ty_o01.29997173.0.i17.3db3c921hBvKzf\"><strong>Die Verbotene Stadt<\/strong> (3,5 km) \u2013 Der majest\u00e4tische Kaiserpalast der Ming- und Qing-Dynastien<\/li><li><strong>Wangfujing-Stra\u00dfe<\/strong> (2,5 km) \u2013 Ein gesch\u00e4ftiges Einkaufs- und Speiseziel<\/li><li><strong>Himmelstempel<\/strong> (6 km) \u2013 Ein ruhiges UNESCO-Weltkulturerbe<\/li><li><strong>Jingshan-Park<\/strong> (3,8 km) \u2013 Bietet einen Panoramablick auf die Skyline der Stadt<\/li><\/ul>\t\t\t\t\t\t\t\t<\/div>\n\t\t\t\t\t<\/div>\n\t\t<\/div>\n\t\t\t\t\t<\/div>\n\t\t<\/section>\n\t\t\t\t<section class=\"elementor-section elementor-top-section elementor-element elementor-element-203c19a elementor-section-height-min-height elementor-section-stretched elementor-section-full_width elementor-section-items-stretch elementor-section-height-default elementor-section-column-vertical-align-stretch\" data-id=\"203c19a\" data-element_type=\"section\" data-e-type=\"section\" data-settings=\"{&quot;stretch_section&quot;:&quot;section-stretched&quot;}\">\n\t\t\t\t\t\t<div class=\"elementor-container elementor-column-gap-no\">\n\t\t\t\t\t<div class=\"elementor-column elementor-col-50 elementor-top-column elementor-element elementor-element-a79002e\" data-id=\"a79002e\" data-element_type=\"column\" data-e-type=\"column\">\n\t\t\t<div class=\"elementor-widget-wrap elementor-element-populated\">\n\t\t\t\t\t\t<div class=\"elementor-element elementor-element-53fa3e9 elementor-widget__width-initial elementor-widget-mobile__width-inherit elementor-invisible nuss-elementor-loading nuss-slide-in-right elementor-widget elementor-widget-image\" data-id=\"53fa3e9\" data-element_type=\"widget\" data-e-type=\"widget\" data-settings=\"{&quot;_animation&quot;:&quot;nussSlideInRight&quot;}\" data-widget_type=\"image.default\">\n\t\t\t\t\t\t\t\t\t\t\t\t\t\t\t<img loading=\"lazy\" decoding=\"async\" width=\"1280\" height=\"853\" src=\"https:\/\/zhonganhotel.com\/wp-content\/uploads\/2025\/08\/Beijing-Zhongan-Hotel-57.webp\" class=\"attachment-full size-full wp-image-5498\" alt=\"\" srcset=\"https:\/\/zhonganhotel.com\/wp-content\/uploads\/2025\/08\/Beijing-Zhongan-Hotel-57.webp 1280w, https:\/\/zhonganhotel.com\/wp-content\/uploads\/2025\/08\/Beijing-Zhongan-Hotel-57-300x200.webp 300w, https:\/\/zhonganhotel.com\/wp-content\/uploads\/2025\/08\/Beijing-Zhongan-Hotel-57-1024x682.webp 1024w, https:\/\/zhonganhotel.com\/wp-content\/uploads\/2025\/08\/Beijing-Zhongan-Hotel-57-768x512.webp 768w, https:\/\/zhonganhotel.com\/wp-content\/uploads\/2025\/08\/Beijing-Zhongan-Hotel-57-18x12.webp 18w\" sizes=\"(max-width: 1280px) 100vw, 1280px\" \/>\t\t\t\t\t\t\t\t\t\t\t\t\t\t\t<\/div>\n\t\t\t\t\t<\/div>\n\t\t<\/div>\n\t\t\t\t<div class=\"elementor-column elementor-col-50 elementor-top-column elementor-element elementor-element-fb99c04\" data-id=\"fb99c04\" data-element_type=\"column\" data-e-type=\"column\">\n\t\t\t<div class=\"elementor-widget-wrap elementor-element-populated\">\n\t\t\t\t\t\t<div class=\"elementor-element elementor-element-5616244 elementor-invisible elementor-widget elementor-widget-text-editor\" data-id=\"5616244\" data-element_type=\"widget\" data-e-type=\"widget\" data-settings=\"{&quot;_animation&quot;:&quot;nussFadeInUp&quot;}\" data-widget_type=\"text-editor.default\">\n\t\t\t\t\t\t\t\t\t<p>Das Beijing Zhong&#039;an Hotel vereint <strong>Funktionalit\u00e4t mit Charme<\/strong>Das Hotel bietet saubere, gut ausgestattete G\u00e4stezimmer mit modernen Annehmlichkeiten wie Highspeed-WLAN, Klimaanlage, eigenem Bad und bequemen Betten f\u00fcr einen erholsamen Aufenthalt nach einem Tag voller Entdeckungen. Dank der 24-Stunden-Rezeption, der Gep\u00e4ckaufbewahrung und des mehrsprachigen Personals f\u00fchlt sich jeder Gast willkommen, egal ob er gesch\u00e4ftlich, auf der Durchreise oder zum Vergn\u00fcgen hier ist.<\/p><div class=\"my-2\">\u00a0<\/div><p>F\u00fcr den Feinschmecker ist die Gegend um das Hotel ein <strong>verstecktes kulinarisches Juwel<\/strong>. Aus dampfenden Sch\u00fcsseln mit <em>jianbing<\/em> (Chinesische Cr\u00eapes) im Morgengrauen bis sp\u00e4t in die Nacht Spie\u00dfe von <em>Yangrou Chuan<\/em> (Lamm-Barbecue) bietet die lokale Streetfood-Szene einen k\u00f6stlichen Einblick in die allt\u00e4glichen Aromen Pekings. Gem\u00fctlich <em>Xiaochi<\/em> (Imbiss-)St\u00e4nde und familiengef\u00fchrte <em>Diner-Stil<\/em> Restaurants servieren Klassiker wie <em>zhajiangmian<\/em> (Nudeln mit gebratener Bohnensauce) und <em>Baozi<\/em> (ged\u00e4mpfte Br\u00f6tchen), nur wenige Minuten von Ihrer Haust\u00fcr entfernt.<\/p>\t\t\t\t\t\t\t\t<\/div>\n\t\t\t\t\t<\/div>\n\t\t<\/div>\n\t\t\t\t\t<\/div>\n\t\t<\/section>\n\t\t\t\t<section class=\"elementor-section elementor-top-section elementor-element elementor-element-64a434c elementor-section-height-min-height elementor-section-stretched elementor-section-full_width elementor-section-items-stretch elementor-section-height-default elementor-section-column-vertical-align-stretch\" data-id=\"64a434c\" data-element_type=\"section\" data-e-type=\"section\" data-settings=\"{&quot;stretch_section&quot;:&quot;section-stretched&quot;}\">\n\t\t\t\t\t\t<div class=\"elementor-container elementor-column-gap-no\">\n\t\t\t\t\t<div class=\"elementor-column elementor-col-50 elementor-top-column elementor-element elementor-element-a04266b\" data-id=\"a04266b\" data-element_type=\"column\" data-e-type=\"column\">\n\t\t\t<div class=\"elementor-widget-wrap elementor-element-populated\">\n\t\t\t\t\t\t<div class=\"elementor-element elementor-element-1acd728 elementor-widget__width-initial elementor-widget-mobile__width-inherit elementor-invisible nuss-elementor-loading nuss-slide-in-right elementor-widget elementor-widget-image\" data-id=\"1acd728\" data-element_type=\"widget\" data-e-type=\"widget\" data-settings=\"{&quot;_animation&quot;:&quot;nussSlideInRight&quot;}\" data-widget_type=\"image.default\">\n\t\t\t\t\t\t\t\t\t\t\t\t\t\t\t<img loading=\"lazy\" decoding=\"async\" width=\"1280\" height=\"853\" src=\"https:\/\/zhonganhotel.com\/wp-content\/uploads\/2025\/08\/Beijing-Zhongan-Hotel-95.webp\" class=\"attachment-full size-full wp-image-5536\" alt=\"\" srcset=\"https:\/\/zhonganhotel.com\/wp-content\/uploads\/2025\/08\/Beijing-Zhongan-Hotel-95.webp 1280w, https:\/\/zhonganhotel.com\/wp-content\/uploads\/2025\/08\/Beijing-Zhongan-Hotel-95-300x200.webp 300w, https:\/\/zhonganhotel.com\/wp-content\/uploads\/2025\/08\/Beijing-Zhongan-Hotel-95-1024x682.webp 1024w, https:\/\/zhonganhotel.com\/wp-content\/uploads\/2025\/08\/Beijing-Zhongan-Hotel-95-768x512.webp 768w, https:\/\/zhonganhotel.com\/wp-content\/uploads\/2025\/08\/Beijing-Zhongan-Hotel-95-18x12.webp 18w\" sizes=\"(max-width: 1280px) 100vw, 1280px\" \/>\t\t\t\t\t\t\t\t\t\t\t\t\t\t\t<\/div>\n\t\t\t\t\t<\/div>\n\t\t<\/div>\n\t\t\t\t<div class=\"elementor-column elementor-col-50 elementor-top-column elementor-element elementor-element-63a6c8d\" data-id=\"63a6c8d\" data-element_type=\"column\" data-e-type=\"column\">\n\t\t\t<div class=\"elementor-widget-wrap elementor-element-populated\">\n\t\t\t\t\t\t<div class=\"elementor-element elementor-element-7239b78 elementor-invisible elementor-widget elementor-widget-text-editor\" data-id=\"7239b78\" data-element_type=\"widget\" data-e-type=\"widget\" data-settings=\"{&quot;_animation&quot;:&quot;nussFadeInUp&quot;}\" data-widget_type=\"text-editor.default\">\n\t\t\t\t\t\t\t\t\t<p data-spm-anchor-id=\"a2ty_o01.29997173.0.i19.3db3c921hBvKzf\">Entworfen mit beiden <strong>Komfort und Kultur im Blick<\/strong>Das Beijing Zhong&#039;an Hotel bietet die perfekte Balance zwischen Zug\u00e4nglichkeit und Authentizit\u00e4t. Es ist kein steriles Kettenhotel in einem Glasturm \u2013 es ist ein <strong>lokale Erfahrung mit globaler Gastfreundschaft<\/strong>, wo Sie von den Ger\u00e4uschen eines echten Pekinger Viertels geweckt werden und trotzdem innerhalb von 20 Minuten in der Gro\u00dfen Halle des Volkes oder im Nationalmuseum sein k\u00f6nnen.<\/p><div class=\"my-2\">\u00a0<\/div><p>Egal, ob Sie ein alleinreisender Rucksacktourist, eine Familie auf einer kulturellen Reise oder ein Gesch\u00e4ftsreisender mit einem engen Zeitplan sind, <strong>Beijing Zhong&#039;an Hotel<\/strong> bietet den idealen Ausgangspunkt f\u00fcr Ihr Peking-Abenteuer. Hier besuchen Sie nicht nur die Stadt \u2013 Sie <strong>darin leben<\/strong>, auch wenn es nur f\u00fcr ein paar N\u00e4chte ist.<\/p><div class=\"my-2\">\u00a0<\/div><p>Entdecken Sie die Seele Pekings mit der Ruhe, die Sie durch den Aufenthalt in einem <strong>vertrauensw\u00fcrdiges, zentral gelegenes und kulturell immersives Hotel<\/strong>. Im Beijing Zhong&#039;an Hotel ist jeder Aufenthalt mehr als ein Besuch \u2013 es ist eine Verbindung.<\/p>\t\t\t\t\t\t\t\t<\/div>\n\t\t\t\t\t<\/div>\n\t\t<\/div>\n\t\t\t\t\t<\/div>\n\t\t<\/section>\n\t\t\t\t<\/div>","protected":false},"excerpt":{"rendered":"<p>Our story is a simple one. We love NUSS. The owners were married here and generations of their family have lived and still live here. Nestled in the vibrant Dongcheng District of Beijing at a prime and historically rich address\u2014No. 6 Kuijiachang, Dayangmao Hutong, Beijing Station East Street, Beijing, 100005, China\u2014the Beijing Zhong&#8217;an Hotel offers [&hellip;]<\/p>\n","protected":false},"author":1,"featured_media":0,"parent":0,"menu_order":0,"comment_status":"closed","ping_status":"closed","template":"elementor_header_footer","meta":{"footnotes":""},"class_list":["post-2103","page","type-page","status-publish","hentry","post-no-thumbnail"],"_links":{"self":[{"href":"https:\/\/zhonganhotel.com\/de\/wp-json\/wp\/v2\/pages\/2103","targetHints":{"allow":["GET"]}}],"collection":[{"href":"https:\/\/zhonganhotel.com\/de\/wp-json\/wp\/v2\/pages"}],"about":[{"href":"https:\/\/zhonganhotel.com\/de\/wp-json\/wp\/v2\/types\/page"}],"author":[{"embeddable":true,"href":"https:\/\/zhonganhotel.com\/de\/wp-json\/wp\/v2\/users\/1"}],"replies":[{"embeddable":true,"href":"https:\/\/zhonganhotel.com\/de\/wp-json\/wp\/v2\/comments?post=2103"}],"version-history":[{"count":0,"href":"https:\/\/zhonganhotel.com\/de\/wp-json\/wp\/v2\/pages\/2103\/revisions"}],"wp:attachment":[{"href":"https:\/\/zhonganhotel.com\/de\/wp-json\/wp\/v2\/media?parent=2103"}],"curies":[{"name":"wp","href":"https:\/\/api.w.org\/{rel}","templated":true}]}}