{"id":2104,"date":"2021-03-23T09:33:48","date_gmt":"2021-03-23T09:33:48","guid":{"rendered":"http:\/\/localhost\/nuss\/?page_id=167"},"modified":"2025-08-19T04:34:09","modified_gmt":"2025-08-19T04:34:09","slug":"unsere-geschichte","status":"publish","type":"page","link":"https:\/\/zhonganhotel.com\/de\/unsere-geschichte\/","title":{"rendered":"Unsere Geschichte"},"content":{"rendered":"<div data-elementor-type=\"wp-page\" data-elementor-id=\"2104\" class=\"elementor elementor-2104\">\n\t\t\t\t\t\t<section class=\"elementor-section elementor-top-section elementor-element elementor-element-8f5bb9d elementor-section-boxed elementor-section-gap-beside-yes elementor-section-height-default elementor-section-height-default elementor-section-column-vertical-align-stretch\" data-id=\"8f5bb9d\" data-element_type=\"section\" data-e-type=\"section\">\n\t\t\t\t\t\t<div class=\"elementor-container elementor-column-gap-extended\">\n\t\t\t\t\t<div class=\"elementor-column elementor-col-100 elementor-top-column elementor-element elementor-element-7ec4215\" data-id=\"7ec4215\" data-element_type=\"column\" data-e-type=\"column\">\n\t\t\t<div class=\"elementor-widget-wrap elementor-element-populated\">\n\t\t\t\t\t\t<div class=\"elementor-element elementor-element-edd9d03 elementor-widget__width-initial elementor-invisible elementor-widget elementor-widget-text-editor\" data-id=\"edd9d03\" data-element_type=\"widget\" data-e-type=\"widget\" data-settings=\"{&quot;_animation&quot;:&quot;nussFadeInUp&quot;}\" data-widget_type=\"text-editor.default\">\n\t\t\t\t\t\t\t\t\tDas Herz und Erbe des Beijing Zhong&#039;an Hotels\t\t\t\t\t\t\t\t<\/div>\n\t\t\t\t\t<\/div>\n\t\t<\/div>\n\t\t\t\t\t<\/div>\n\t\t<\/section>\n\t\t<div class=\"elementor-element elementor-element-692b694 e-flex e-con-boxed e-con e-parent\" data-id=\"692b694\" data-element_type=\"container\" data-e-type=\"container\">\n\t\t\t\t\t<div class=\"e-con-inner\">\n\t\t\t\t<div class=\"elementor-element elementor-element-cd1bb5c elementor-widget elementor-widget-text-editor\" data-id=\"cd1bb5c\" data-element_type=\"widget\" data-e-type=\"widget\" data-widget_type=\"text-editor.default\">\n\t\t\t\t\t\t\t\t\t<p data-spm-anchor-id=\"a2ty_o01.29997173.0.i36.3db3c921hBvKzf\">Eingebettet in die ruhige Umarmung von <strong>Dayangmao Hutong<\/strong>, nur wenige Schritte vom Puls des gesch\u00e4ftigsten Eisenbahnknotenpunkts Pekings entfernt, <strong>Beijing Zhong&#039;an Hotel<\/strong> ist mehr als ein Ort zum Ausruhen \u2013 es ist eine Geschichte, geschrieben in der Sprache der Tradition, Widerstandsf\u00e4higkeit und herzlichen Gastfreundschaft. Gelegen in <strong>Nr. 6 Kuijiachang, Beijing Station East Street, Bezirk Dongcheng, Peking, 100005<\/strong>Unser Hotel liegt an der Kreuzung des alten und des neuen China, wo die Echos der kaiserlichen Geschichte auf den Rhythmus des modernen Reisens treffen.<\/p><p>Unsere Reise begann nicht mit Erhabenheit, sondern mit Zielstrebigkeit. Jahrzehntelang war diese Ecke Pekings \u2013 in der N\u00e4he von <strong>Bahnhof Peking<\/strong> und doch versteckt in einem Labyrinth aus engen Gassen \u2013 hat Reisende aus allen Teilen des Landes und der Welt willkommen gehei\u00dfen. In den 1980er Jahren, als China seine T\u00fcren f\u00fcr den globalen Tourismus \u00f6ffnete, wurde dieser Ort zu einem bescheidenen G\u00e4stehaus f\u00fcr m\u00fcde Besucher, die mit dem Zug anreisten und eine saubere, sichere und erschwingliche Unterkunft suchten, bevor sie zu ihren Abenteuern in der Hauptstadt aufbrachen. Im Laufe der Zeit entwickelte sich aus dieser einfachen Mission etwas Tieferes: ein Engagement f\u00fcr <strong>authentische Verbindung, kultureller Erhalt und echter Service<\/strong>.<\/p><p>In den fr\u00fchen 2000er Jahren wurde das Anwesen sorgf\u00e4ltig restauriert und neu gestaltet als <strong>Beijing Zhong&#039;an Hotel<\/strong>, ein Name, der unsere Grundwerte widerspiegelt: <em>Zhong<\/em> (\u4e2d) bedeutet \u201ezentral\u201c oder \u201eHarmonie\u201c und <em>Ein<\/em> (\u5b89) bedeutet \u201eFrieden\u201c oder \u201eSicherheit\u201c. Zusammen verk\u00f6rpern sie unsere Vision \u2013 ein <strong>Zentrum der Ruhe und des Komforts<\/strong> im Herzen einer gesch\u00e4ftigen Metropole.<\/p><p>Im Gegensatz zu den hoch aufragenden Glashotels, die Pekings Gesch\u00e4ftsviertel s\u00e4umen, wurde das Zhong&#039;an Hotel so konzipiert, dass es sich einf\u00fcgt und nicht hervorsticht. Wir haben uns entschieden, die <strong>traditionelle Hutong-Architektur<\/strong>, zu Ehren des jahrhundertealten Viertels, das seit der Ming-Dynastie Gelehrte, Handwerker und Familien beherbergte. Unsere Zimmer sind zwar modernisiert und verf\u00fcgen \u00fcber den n\u00f6tigen Komfort wie Highspeed-WLAN, private Badezimmer und Klimaanlage, bewahren aber die W\u00e4rme der Holzbalken, die sanfte Beleuchtung und die intime Raumaufteilung, die die Wohnseele Pekings widerspiegeln.<\/p><p>Wir glauben, dass es bei wahrer Gastfreundschaft nicht um Luxus geht, sondern um <strong>Pflege<\/strong>. Von dem Moment an, in dem ein Gast uns anruft und nach dem Weg fragt, oft m\u00fcde und in einer fremden Stadt unterwegs, bis hin zur Ruhe \u201e<em>z\u01ceo \u0101n<\/em>\u201e(Guten Morgen)\u201c von unserem Personal an der Kasse, jede Interaktion wird von einem einfachen Prinzip geleitet: <strong>Behandeln Sie jeden Reisenden wie einen Gast in unserem Haus<\/strong>.<\/p><p>Im Laufe der Jahre haben wir Rucksacktouristen aus Europa, Familien auf ihrer ersten Chinareise, Gesch\u00e4ftsreisende mit fr\u00fchen Z\u00fcgen und sogar Filmemacher und Schriftsteller, die von der poetischen Stille unserer Hutongs angezogen wurden, willkommen gehei\u00dfen. Wir haben bei pl\u00f6tzlichen Sommerregen Regenschirme verteilt, erleichterten G\u00e4sten geholfen, verlorene P\u00e4sse wiederzufinden, und bei einer Tasse Jasmintee in unserem kleinen Vorhof Geschichten ausgetauscht. Diese kleinen und spontanen Momente sind der wahre Stoff unserer Geschichte.<\/p><p>Das Beijing Zhong&#039;an Hotel hat nie versucht, das gr\u00f6\u00dfte oder opulenteste zu sein. Stattdessen streben wir danach, das <strong>menschlichste<\/strong>\u2013 ein Ort, an dem Lage und Tradition aufeinandertreffen, wo Komfort mit Charakter gepaart ist und wo ein Aufenthalt nicht nur eine Transaktion, sondern eine entstehende Erinnerung ist.<\/p><p>Heute, w\u00e4hrend sich Peking weiter ver\u00e4ndert, bleiben wir in unserer Gasse verwurzelt, ein stiller W\u00e4chter einer anderen Art des Reisens \u2013 einer Art, die Wert legt auf <strong>Verbindung statt Spektakel, Authentizit\u00e4t statt Glanz und Ruhe statt L\u00e4rm<\/strong>.<\/p><p>Das ist unsere Geschichte.<br \/>Und wir laden Sie ein, ein Teil davon zu werden.<\/p><div class=\"my-2\">\u00a0<\/div><p data-spm-anchor-id=\"a2ty_o01.29997173.0.i37.3db3c921hBvKzf\">Willkommen im Beijing Zhong&#039;an Hotel \u2013 wo jede Reise ein Zuhause findet. \ud83c\udfee\ud83e\uddf3\u2764\ufe0f<\/p>\t\t\t\t\t\t\t\t<\/div>\n\t\t\t\t\t<\/div>\n\t\t\t\t<\/div>\n\t\t\t\t<\/div>","protected":false},"excerpt":{"rendered":"<p>The Heart and Heritage of Beijing Zhong\u2019an Hotel Nestled in the quiet embrace of Dayangmao Hutong, just steps from the pulse of Beijing\u2019s busiest rail hub, Beijing Zhong\u2019an Hotel is more than a place to rest\u2014it\u2019s a story written in the language of tradition, resilience, and heartfelt hospitality. Located at No. 6 Kuijiachang, Beijing Station [&hellip;]<\/p>\n","protected":false},"author":1,"featured_media":0,"parent":0,"menu_order":0,"comment_status":"closed","ping_status":"closed","template":"elementor_header_footer","meta":{"footnotes":""},"class_list":["post-2104","page","type-page","status-publish","hentry","post-no-thumbnail"],"_links":{"self":[{"href":"https:\/\/zhonganhotel.com\/de\/wp-json\/wp\/v2\/pages\/2104","targetHints":{"allow":["GET"]}}],"collection":[{"href":"https:\/\/zhonganhotel.com\/de\/wp-json\/wp\/v2\/pages"}],"about":[{"href":"https:\/\/zhonganhotel.com\/de\/wp-json\/wp\/v2\/types\/page"}],"author":[{"embeddable":true,"href":"https:\/\/zhonganhotel.com\/de\/wp-json\/wp\/v2\/users\/1"}],"replies":[{"embeddable":true,"href":"https:\/\/zhonganhotel.com\/de\/wp-json\/wp\/v2\/comments?post=2104"}],"version-history":[{"count":0,"href":"https:\/\/zhonganhotel.com\/de\/wp-json\/wp\/v2\/pages\/2104\/revisions"}],"wp:attachment":[{"href":"https:\/\/zhonganhotel.com\/de\/wp-json\/wp\/v2\/media?parent=2104"}],"curies":[{"name":"wp","href":"https:\/\/api.w.org\/{rel}","templated":true}]}}