{"id":2105,"date":"2021-03-24T07:25:45","date_gmt":"2021-03-24T07:25:45","guid":{"rendered":"http:\/\/localhost\/nuss\/?page_id=235"},"modified":"2025-08-19T04:11:34","modified_gmt":"2025-08-19T04:11:34","slug":"faqs","status":"publish","type":"page","link":"https:\/\/zhonganhotel.com\/de\/faqs\/","title":{"rendered":"FAQs"},"content":{"rendered":"<div data-elementor-type=\"wp-page\" data-elementor-id=\"2105\" class=\"elementor elementor-2105\">\n\t\t\t\t\t\t<section class=\"elementor-section elementor-top-section elementor-element elementor-element-2a96a73 elementor-section-boxed elementor-section-gap-beside-yes elementor-section-height-default elementor-section-height-default elementor-section-column-vertical-align-stretch\" data-id=\"2a96a73\" data-element_type=\"section\" data-e-type=\"section\">\n\t\t\t\t\t\t<div class=\"elementor-container elementor-column-gap-extended\">\n\t\t\t\t\t<div class=\"elementor-column elementor-col-100 elementor-top-column elementor-element elementor-element-98ef20c\" data-id=\"98ef20c\" data-element_type=\"column\" data-e-type=\"column\">\n\t\t\t<div class=\"elementor-widget-wrap elementor-element-populated\">\n\t\t\t\t\t\t<div class=\"elementor-element elementor-element-97088c0 elementor-widget__width-initial elementor-invisible elementor-widget elementor-widget-text-editor\" data-id=\"97088c0\" data-element_type=\"widget\" data-e-type=\"widget\" data-settings=\"{&quot;_animation&quot;:&quot;nussFadeInUp&quot;}\" data-widget_type=\"text-editor.default\">\n\t\t\t\t\t\t\t\t\t<p>Nachfolgend finden Sie eine Liste der am h\u00e4ufigsten von unseren G\u00e4sten gestellten Fragen.<\/p>\t\t\t\t\t\t\t\t<\/div>\n\t\t\t\t\t<\/div>\n\t\t<\/div>\n\t\t\t\t\t<\/div>\n\t\t<\/section>\n\t\t\t\t<section class=\"elementor-section elementor-top-section elementor-element elementor-element-b184647 elementor-section-gap-beside-no elementor-section-boxed elementor-section-height-default elementor-section-height-default elementor-section-column-vertical-align-stretch\" data-id=\"b184647\" data-element_type=\"section\" data-e-type=\"section\">\n\t\t\t\t\t\t<div class=\"elementor-container elementor-column-gap-extended\">\n\t\t\t\t\t<div class=\"elementor-column elementor-col-100 elementor-top-column elementor-element elementor-element-1d49749\" data-id=\"1d49749\" data-element_type=\"column\" data-e-type=\"column\">\n\t\t\t<div class=\"elementor-widget-wrap elementor-element-populated\">\n\t\t\t\t\t\t<div class=\"elementor-element elementor-element-b986a9e elementor-invisible elementor-widget elementor-widget-nuss-heading\" data-id=\"b986a9e\" data-element_type=\"widget\" data-e-type=\"widget\" data-settings=\"{&quot;_animation&quot;:&quot;nussFadeInUp&quot;}\" data-widget_type=\"nuss-heading.default\">\n\t\t\t\t<div class=\"elementor-widget-container\">\n\t\t\t\t\t\t\t<div class=\"nuss-modern-heading\">\r\n\t\t\t\r\n\t\t\t\t\t\t<div class=\"heading-primary-wrap\">\r\n\t\t\t\t<h4 class=\"heading-primary elementor-heading-title\">H\u00e4ufig gestellte Fragen<\/h4>\t\t\t<\/div>\r\n\t\t\r\n\t\t\t\t\t\t<div class=\"heading-divider-wrap\">\r\n\t\t\t\t<div class=\"heading-divider\" style=\"left: 0px;top: 6px\"><\/div>\r\n\t\t\t<\/div>\r\n\t\r\n\t\t\t\t\t<\/div>\r\n\t\t\t\t\t<\/div>\n\t\t\t\t<\/div>\n\t\t\t\t<div class=\"elementor-element elementor-element-50f0733 elementor-invisible elementor-widget elementor-widget-heading\" data-id=\"50f0733\" data-element_type=\"widget\" data-e-type=\"widget\" data-settings=\"{&quot;_animation&quot;:&quot;nussFadeInUp&quot;}\" data-widget_type=\"heading.default\">\n\t\t\t\t\t<h2 class=\"elementor-heading-title elementor-size-default\">Fragen &amp; Antworten<\/h2>\t\t\t\t<\/div>\n\t\t\t\t<div class=\"elementor-element elementor-element-f3bce58 elementor-widget elementor-widget-text-editor\" data-id=\"f3bce58\" data-element_type=\"widget\" data-e-type=\"widget\" data-widget_type=\"text-editor.default\">\n\t\t\t\t\t\t\t\t\t<ol start=\"1\"><li data-spm-anchor-id=\"a2ty_o01.29997173.0.i29.3db3c921hBvKzf\"><p><strong>Wo befindet sich das Beijing Zhong&#039;an Hotel?<\/strong><br \/>Das Hotel befindet sich in <strong>Nr. 6 Kuijiachang, Dayangmao Hutong, Beijing Station East Street, Bezirk Dongcheng, Peking, 100005<\/strong>\u2013 nur ein <strong>5 Gehminuten vom Bahnhof Peking<\/strong>.<\/p><\/li><li><p><strong>Wie nah ist das Hotel am Bahnhof Peking?<\/strong><br \/>Es ist <strong>nur 300\u2013400 Meter entfernt<\/strong>, etwa ein <strong>5 Minuten zu Fu\u00df<\/strong>. Ausgang B des Pekinger Bahnhofs f\u00fchrt direkt zum Hutong.<\/p><\/li><li><p><strong>Ist das Hotel leicht zu finden?<\/strong><br \/>Ja, aber der Eingang befindet sich in einer traditionellen Hutong (Gasse). Halten Sie Ausschau nach dem roten Schild mit der Aufschrift \u201eZhong&#039;an Hotel\u201c auf Chinesisch und Englisch. Das Personal kann Sie bei Bedarf telefonisch anleiten.<\/p><\/li><li><p><strong>Bieten Sie Flughafentransfers an?<\/strong><br \/>Nicht direkt, aber wir k\u00f6nnen Ihnen helfen, ein Taxi oder Didi (Chinas Uber) zu organisieren. <strong>Flughafen Peking (PEK)<\/strong> ist ca. 30 km entfernt (~40 Min. mit dem Auto).<\/p><\/li><li><p><strong>Gibt es kostenloses WLAN?<\/strong><br \/>Ja, <strong>kostenloses Highspeed-WLAN<\/strong> ist in allen Zimmern und Gemeinschaftsbereichen verf\u00fcgbar.<\/p><\/li><\/ol><div class=\"my-2\">\u00a0<\/div><ol start=\"6\"><li><p><strong>Welche Sprachen sprechen die Mitarbeiter?<\/strong><br \/>Das Personal an der Rezeption spricht <strong>Grundkenntnisse in Englisch<\/strong> und Mandarin. Zur Unterst\u00fctzung internationaler G\u00e4ste werden \u00dcbersetzungs-Apps verwendet.<\/p><\/li><li><p><strong>Sind die Zimmer sauber und ruhig?<\/strong><br \/>Ja. Die Zimmer werden t\u00e4glich gereinigt und sind <strong>gut gepflegt<\/strong>. Trotz der Hutong-Lage sind die meisten Zimmer \u00fcberraschend <strong>ruhig und isoliert vom Stra\u00dfenl\u00e4rm<\/strong>.<\/p><\/li><li><p><strong>Haben Sie in jedem Zimmer ein eigenes Badezimmer?<\/strong><br \/>Ja, alle G\u00e4stezimmer verf\u00fcgen \u00fcber <strong>private Badezimmer<\/strong> mit Warmwasser, Handt\u00fcchern und grundlegenden Toilettenartikeln.<\/p><\/li><\/ol><div class=\"my-2\">\u00a0<\/div><ol start=\"9\"><li><p><strong>Gibt es eine Klimaanlage und eine Heizung?<\/strong><br \/>Ja. Alle Zimmer sind ausgestattet mit <strong>Klimaanlage und Winterheizung<\/strong> f\u00fcr ganzj\u00e4hrigen Komfort.<\/p><\/li><li><p><strong>Wie sind die Check-in- und Check-out-Zeiten?<\/strong><\/p><\/li><\/ol><div class=\"my-2\">\u00a0<\/div><ul><li><strong>Einchecken<\/strong>: 14:00 Uhr<\/li><li><strong>Kasse<\/strong>: 12:00 Uhr (Mittag)<br \/>Ein fr\u00fcher Check-in\/sp\u00e4ter Check-out ist je nach Verf\u00fcgbarkeit m\u00f6glich.<\/li><\/ul><div class=\"my-2\">\u00a0<\/div><ol start=\"11\"><li><p><strong>Kann ich mein Gep\u00e4ck vor dem Check-in oder nach dem Check-out aufbewahren?<\/strong><br \/>Ja, <strong>kostenlose Gep\u00e4ckaufbewahrung<\/strong> ist an der Rezeption erh\u00e4ltlich.<\/p><\/li><li><p><strong>Gibt es Restaurants in der N\u00e4he des Hotels?<\/strong><br \/>Ja! Die umliegenden Hutongs und der nahegelegene Bahnhof Peking haben <strong>lokale Fr\u00fchst\u00fccksst\u00e4nde, Nudell\u00e4den und 24-Stunden-Convenience-Stores<\/strong>Weitere gastronomische Einrichtungen bietet Wangfujing (2,5 km).<\/p><\/li><\/ol><div class=\"my-2\">\u00a0<\/div><ol start=\"13\"><li><p><strong>Ist die Gegend nachts sicher?<\/strong><br \/>Ja, der Bezirk Dongcheng ist <strong>sicher und gut beleuchtet<\/strong>Der Hutong ist ein ruhiges Wohngebiet mit Anwohnern und Sicherheitspatrouillen in der N\u00e4he.<\/p><\/li><li><p><strong>Kann ich ein Zimmer online buchen?<\/strong><br \/>Ja. Zimmer k\u00f6nnen gebucht werden \u00fcber <strong>Trip.com, Booking.com, Ctrip oder Agoda<\/strong>. Eine direkte Buchung per Telefon ist ebenfalls m\u00f6glich.<\/p><\/li><li><p><strong>Akzeptieren Sie Kreditkarten?<\/strong><br \/>Ja, wir akzeptieren <strong>Visa, Mastercard und UnionPay<\/strong>Auch WeChat Pay und Alipay sind weit verbreitet.<\/p><\/li><li><p><strong>Ist das Fr\u00fchst\u00fcck inbegriffen?<\/strong><br \/>Das Fr\u00fchst\u00fcck ist <strong>nicht automatisch enthalten<\/strong>, aber ein einfaches <strong>Chinesisches Fr\u00fchst\u00fcck<\/strong> (Porridge, Br\u00f6tchen, Eier) ist gegen Aufpreis erh\u00e4ltlich.<\/p><\/li><li><p><strong>Ist das Hotel f\u00fcr G\u00e4ste mit eingeschr\u00e4nkter Mobilit\u00e4t zug\u00e4nglich?<\/strong><br \/>Das Hotel liegt in einem traditionellen Hutong mit engen Gassen und Treppen. <strong>Es ist nicht f\u00fcr Rollstuhlfahrer zug\u00e4nglich<\/strong>. Bitte kontaktieren Sie uns im Voraus, wenn Sie besondere W\u00fcnsche haben.<\/p><\/li><li><p><strong>Wie weit ist das Hotel von der Verbotenen Stadt entfernt?<\/strong><br \/>Etwa <strong>3,5 km<\/strong>. A <strong>15-min\u00fctige Taxifahrt<\/strong> oder <strong>20-min\u00fctige U-Bahnfahrt<\/strong> (Linie 2 nach Qianmen oder Jianguomen) bringt Sie dorthin.<\/p><\/li><li><p><strong>Gibt es eine 24-Stunden-Rezeption?<\/strong><br \/>Ja, die Rezeption ist <strong>24 Stunden besetzt<\/strong> f\u00fcr G\u00e4stebetreuung, Sicherheit und Unterst\u00fctzung beim Check-in.<\/p><\/li><li><p><strong>Gibt es in der N\u00e4he Sehensw\u00fcrdigkeiten?<\/strong><br \/>Ja! Im Umkreis von 3\u20136 km:<\/p><\/li><\/ol><div class=\"my-2\">\u00a0<\/div><ul><li><strong>Platz des Himmlischen Friedens<\/strong> (3 km)<\/li><li><strong>Verbotene Stadt<\/strong> (3,5 km)<\/li><li><strong>Wangfujing-Stra\u00dfe<\/strong> (2,5 km)<\/li><li><strong>Himmelstempel<\/strong> (6 km)<\/li><li><strong>Jingshan-Park<\/strong> (3,8 km)<\/li><\/ul><div class=\"my-2\">\u00a0<\/div><div class=\"py-2 my-3\"><hr \/><\/div><div class=\"my-2\">\u00a0<\/div><h3>\u2705 <strong>Warum diese FAQs wichtig sind<\/strong><\/h3><p>Diese Fragen spiegeln die <strong>echte Sorgen der Reisenden<\/strong>\u2014von Logistik und Sicherheit bis hin zu Komfort und Konnektivit\u00e4t. Das Beijing Zhong&#039;an Hotel ist stolz darauf, eine <strong>bequemer, sauberer und kulturell reicher Aufenthalt<\/strong> f\u00fcr G\u00e4ste aus aller Welt.<\/p><div class=\"my-2\">\u00a0<\/div><p>Indem wir diese h\u00e4ufigen Fragen im Voraus beantworten, m\u00f6chten wir Ihre Reise nach Peking <strong>reibungsloser, sicherer und angenehmer<\/strong>.<\/p><div class=\"my-2\">\u00a0<\/div><div class=\"py-2 my-3\"><hr \/><\/div><div class=\"my-2\">\u00a0<\/div><p>\ud83d\udccd <strong>Planen Sie Ihren Aufenthalt<\/strong><br \/><strong>Beijing Zhong&#039;an Hotel<\/strong><br \/>Nr. 6 Kuijiachang, Dayangmao Hutong, Beijing Station East Street, Bezirk Dongcheng, Peking, 100005<br \/>\ud83d\udcde +861065221122 | \ud83c\udf10 <a href=\"https:\/\/zhonganhotel.com\/de\/\" target=\"_blank\" rel=\"nofollow noopener\">www.zhonganhotel.com <\/a> <\/p><div class=\"my-2\">\u00a0<\/div><p data-spm-anchor-id=\"a2ty_o01.29997173.0.i30.3db3c921hBvKzf\"><em>Ihr authentisches Peking-Erlebnis beginnt hier.<\/em> \ud83d\ude89\ud83c\udfef\ud83e\udd5f<\/p>\t\t\t\t\t\t\t\t<\/div>\n\t\t\t\t\t<\/div>\n\t\t<\/div>\n\t\t\t\t\t<\/div>\n\t\t<\/section>\n\t\t\t\t<\/div>","protected":false},"excerpt":{"rendered":"<p>Below, you will find a list of the questions most frequently asked by our guests. FAQ&#8217;S Questions &amp; Answers Where is Beijing Zhong\u2019an Hotel located?The hotel is located at No. 6 Kuijiachang, Dayangmao Hutong, Beijing Station East Street, Dongcheng District, Beijing, 100005\u2014just a 5-minute walk from Beijing Railway Station. How close is the hotel to [&hellip;]<\/p>\n","protected":false},"author":1,"featured_media":0,"parent":0,"menu_order":0,"comment_status":"closed","ping_status":"closed","template":"elementor_header_footer","meta":{"footnotes":""},"class_list":["post-2105","page","type-page","status-publish","hentry","post-no-thumbnail"],"_links":{"self":[{"href":"https:\/\/zhonganhotel.com\/de\/wp-json\/wp\/v2\/pages\/2105","targetHints":{"allow":["GET"]}}],"collection":[{"href":"https:\/\/zhonganhotel.com\/de\/wp-json\/wp\/v2\/pages"}],"about":[{"href":"https:\/\/zhonganhotel.com\/de\/wp-json\/wp\/v2\/types\/page"}],"author":[{"embeddable":true,"href":"https:\/\/zhonganhotel.com\/de\/wp-json\/wp\/v2\/users\/1"}],"replies":[{"embeddable":true,"href":"https:\/\/zhonganhotel.com\/de\/wp-json\/wp\/v2\/comments?post=2105"}],"version-history":[{"count":0,"href":"https:\/\/zhonganhotel.com\/de\/wp-json\/wp\/v2\/pages\/2105\/revisions"}],"wp:attachment":[{"href":"https:\/\/zhonganhotel.com\/de\/wp-json\/wp\/v2\/media?parent=2105"}],"curies":[{"name":"wp","href":"https:\/\/api.w.org\/{rel}","templated":true}]}}