{"id":647,"date":"2021-03-29T02:13:52","date_gmt":"2021-03-29T02:13:52","guid":{"rendered":"http:\/\/localhost\/nuss\/?page_id=647"},"modified":"2025-08-19T04:52:07","modified_gmt":"2025-08-19T04:52:07","slug":"dienstleistungen","status":"publish","type":"page","link":"https:\/\/zhonganhotel.com\/de\/dienstleistungen\/","title":{"rendered":"Leistungen"},"content":{"rendered":"<div data-elementor-type=\"wp-page\" data-elementor-id=\"647\" class=\"elementor elementor-647\">\n\t\t\t\t\t\t<section class=\"elementor-section elementor-top-section elementor-element elementor-element-3353bc8 elementor-section-boxed elementor-section-gap-beside-yes elementor-section-height-default elementor-section-height-default elementor-section-column-vertical-align-stretch\" data-id=\"3353bc8\" data-element_type=\"section\" data-e-type=\"section\">\n\t\t\t\t\t\t<div class=\"elementor-container elementor-column-gap-extended\">\n\t\t\t\t\t<div class=\"elementor-column elementor-col-100 elementor-top-column elementor-element elementor-element-0a2bc64\" data-id=\"0a2bc64\" data-element_type=\"column\" data-e-type=\"column\">\n\t\t\t<div class=\"elementor-widget-wrap elementor-element-populated\">\n\t\t\t\t\t\t<div class=\"elementor-element elementor-element-447e3ef elementor-widget__width-initial elementor-invisible elementor-widget elementor-widget-text-editor\" data-id=\"447e3ef\" data-element_type=\"widget\" data-e-type=\"widget\" data-settings=\"{&quot;_animation&quot;:&quot;nussFadeInUp&quot;}\" data-widget_type=\"text-editor.default\">\n\t\t\t\t\t\t\t\t\t<p>Wir tun unser Bestes, um allen unseren G\u00e4sten die Dienstleistungen und Einrichtungen zu bieten, die ihren Aufenthalt unvergesslich machen.<\/p>\t\t\t\t\t\t\t\t<\/div>\n\t\t\t\t\t<\/div>\n\t\t<\/div>\n\t\t\t\t\t<\/div>\n\t\t<\/section>\n\t\t<div class=\"elementor-element elementor-element-f1219df e-flex e-con-boxed e-con e-parent\" data-id=\"f1219df\" data-element_type=\"container\" data-e-type=\"container\">\n\t\t\t\t\t<div class=\"e-con-inner\">\n\t\t\t\t<div class=\"elementor-element elementor-element-0d76ea7 elementor-widget elementor-widget-text-editor\" data-id=\"0d76ea7\" data-element_type=\"widget\" data-e-type=\"widget\" data-widget_type=\"text-editor.default\">\n\t\t\t\t\t\t\t\t\t<p data-spm-anchor-id=\"a2ty_o01.29997173.0.i47.3db3c921hBvKzf\">Bei <strong>Beijing Zhong&#039;an Hotel<\/strong>, gelegen im historischen <strong>Dayangmao Hutong<\/strong> bei <strong>Nr. 6 Kuijiachang, Beijing Station East Street, Bezirk Dongcheng, Peking, 100005<\/strong>Wir glauben, dass wahre Gastfreundschaft nicht an gro\u00dfen Gesten gemessen wird, sondern an den stillen, durchdachten Details, die die Reise eines Reisenden angenehmer, sicherer und bedeutungsvoller machen. W\u00e4hrend unsere charmante Lage \u2013 nur einen Katzensprung <strong>5 Gehminuten vom Bahnhof Peking<\/strong>\u2014bietet un\u00fcbertroffenen Komfort, es ist unser <strong>umfassendes Paket praktischer, zuverl\u00e4ssiger und personalisierter Dienste<\/strong> das eine einfache \u00dcbernachtung in ein wirklich wohltuendes Erlebnis verwandelt.<\/p><div class=\"my-2\">\u00a0<\/div><p>Wir wissen, dass unsere G\u00e4ste aus allen Gesellschaftsschichten kommen: internationale Reisende, die ihre ersten Schritte in China machen, Familien, die sich auf eine Reise durchs Land begeben, Gesch\u00e4ftsleute, die den fr\u00fchen Zug nehmen, oder Alleinreisende, die ein authentisches St\u00fcck Pekinger Leben suchen. Deshalb sind unsere Dienstleistungen nicht auf Spektakel ausgelegt, sondern auf <strong>realen Bed\u00fcrfnissen<\/strong>\u2013 daf\u00fcr sorgen, dass sich jeder Gast vom ersten Moment an willkommen, unterst\u00fctzt und wohl f\u00fchlt.<\/p><div class=\"my-2\">\u00a0<\/div><h3>24-Stunden-Rezeption und pers\u00f6nliche G\u00e4stebetreuung<\/h3><p>Unser <strong>24-Stunden-Rezeption<\/strong> ist der Herzschlag des Hotels. Unser mehrsprachiges Team (flie\u00dfend in <strong>Mandarin und Grundkenntnisse in Englisch<\/strong>, mit \u00dcbersetzungs-Apps zur Hand) ist immer bereit zu helfen. Egal, ob Sie um 3 Uhr morgens aus einem versp\u00e4teten Zug ankommen oder Hilfe beim Ausdrucken Ihres Flugplans f\u00fcr den n\u00e4chsten Tag ben\u00f6tigen, wir sind f\u00fcr Sie da.<\/p><div class=\"my-2\">\u00a0<\/div><p>Unser Team k\u00fcmmert sich um mehr als nur Check-in und Check-out. Wir freuen uns:<\/p><ul><li><strong>Rufen Sie ein Taxi oder Didi (Chinas Uber)<\/strong> f\u00fcr Ihr n\u00e4chstes Ziel.<\/li><li><strong>Handgezeichnete Karten bereitstellen<\/strong> und U-Bahn-Anleitungen zur Verbotenen Stadt, zum Platz des Himmlischen Friedens oder nach Wangfujing.<\/li><li><strong>Empfehlen Sie authentische lokale Restaurants<\/strong> nur wenige Schritte vom Hotel entfernt, von dampfenden <em>jianbing<\/em> (Chinesische Cr\u00eapes) St\u00e4nde bis hin zu gem\u00fctlichen Nudell\u00e4den.<\/li><li><strong>Hilfe mit dem Gep\u00e4ck<\/strong> f\u00fcr G\u00e4ste mit schwerem Gep\u00e4ck oder engen Verbindungen.<\/li><\/ul><div class=\"my-2\">\u00a0<\/div><h3>Reibungslose Ankunft und Abreise mit Gep\u00e4ckservice<\/h3><p>Reisen durch einen der verkehrsreichsten Bahnknotenpunkte Asiens k\u00f6nnen stressig sein. Deshalb bieten wir <strong>kostenlose Gep\u00e4ckaufbewahrung<\/strong> Vor dem Check-in und nach dem Check-out. Sie kommen Stunden vor der Zimmerbezugsfertigkeit an? Lassen Sie Ihr Gep\u00e4ck sicher bei uns, erkunden Sie Peking und kehren Sie zur\u00fcck, wenn Sie bereit sind. Dieser Service ist besonders wertvoll f\u00fcr G\u00e4ste, die zwischen Hochgeschwindigkeitsz\u00fcgen umsteigen oder sich auf eine n\u00e4chtliche Abreise vorbereiten.<\/p><div class=\"my-2\">\u00a0<\/div><h3>Komfortable, gepflegte Unterk\u00fcnfte mit grundlegenden Annehmlichkeiten<\/h3><p>Jedes Zimmer im Zhong&#039;an Hotel ist ausgestattet mit <strong>praktischer Komfort<\/strong> Wir legen Wert auf Sauberkeit, Ruhe und Funktionalit\u00e4t \u2013 die wichtigsten Bed\u00fcrfnisse jedes Reisenden. Unsere Services sorgen daf\u00fcr, dass Ihr Zimmer ein friedlicher R\u00fcckzugsort ist:<\/p><ul><li><strong>T\u00e4gliche Zimmerreinigung<\/strong> um Ihren Raum frisch und ordentlich zu halten.<\/li><li><strong>Private Badezimmer<\/strong> in jedem Zimmer, ausgestattet mit Warmwasser, Handt\u00fcchern und wichtigen Toilettenartikeln.<\/li><li><strong>Zuverl\u00e4ssige Klimatisierung und Heizung im Winter<\/strong> f\u00fcr ganzj\u00e4hrigen Komfort, egal zu welcher Jahreszeit.<\/li><li><strong>Kostenloses Highspeed-WLAN<\/strong> im gesamten Hotel, sodass Sie in Verbindung bleiben, E-Mails abrufen oder Ihre Reise mit Ihren Lieben teilen k\u00f6nnen.<\/li><\/ul><div class=\"my-2\">\u00a0<\/div><h3>Unterst\u00fctzung f\u00fcr moderne Reisende<\/h3><p>Wir verstehen die Bed\u00fcrfnisse des Weltreisenden von heute. Deshalb bieten wir:<\/p><ul><li><strong>Mehrere Zahlungsoptionen<\/strong>: Wir akzeptieren <strong>Visa, Mastercard, UnionPay, WeChat Pay und Alipay<\/strong>, wodurch Transaktionen einfach werden, egal ob Sie aus dem Ausland kommen oder im Inland unterwegs sind.<\/li><li><strong>Online-Buchungskompatibilit\u00e4t<\/strong>: Buchen Sie Ihren Aufenthalt nahtlos \u00fcber gro\u00dfe Plattformen wie <strong>Trip.com, Booking.com, Ctrip und Agoda<\/strong>, oder buchen Sie direkt telefonisch bei uns.<\/li><li><strong>Einfaches Fr\u00fchst\u00fcck im chinesischen Stil<\/strong> (gegen Aufpreis erh\u00e4ltlich) mit Reisbrei, ged\u00e4mpften Br\u00f6tchen, Eiern und eingelegtem Gem\u00fcse \u2013 der perfekte Energielieferant f\u00fcr einen Tag voller Entdeckungen.<\/li><\/ul><div class=\"my-2\">\u00a0<\/div><h3>Eine sichere, zug\u00e4ngliche und r\u00fccksichtsvolle Umgebung<\/h3><p>Ihre Sicherheit und Ihr Seelenfrieden stehen an erster Stelle. Die <strong>Der Bezirk Dongcheng ist gut beleuchtet und sicher<\/strong>, und unser Hutong-Standort ist zwar traditionell, aber ein <strong>Wohngegend und ruhige Nachbarschaft<\/strong> mit aktiver lokaler Pr\u00e4senz und Sicherheitspatrouillen. Das Hotel selbst ist gut gepflegt und das Personal ist immer vor Ort.<\/p><div class=\"my-2\">\u00a0<\/div><p>Wir bedauern zwar, dass unser traditionelles Hutong-Ambiente \u2013 mit seinen engen Gassen und Treppen \u2013<strong>ist nicht rollstuhlgerecht<\/strong>, wir empfehlen G\u00e4sten mit besonderen Mobilit\u00e4tsanforderungen, sich im Voraus mit uns in Verbindung zu setzen, damit wir ihnen bestm\u00f6glich helfen und sie beraten k\u00f6nnen.<\/p><div class=\"my-2\">\u00a0<\/div><h3>Mehr als ein Hotel \u2013 Ein zuverl\u00e4ssiger Reisebegleiter<\/h3><p>Im Beijing Zhong&#039;an Hotel sind unsere Dienstleistungen nicht nur eine Checkliste - sie sind Ausdruck unseres Engagements f\u00fcr <strong>authentische, menschenzentrierte Gastfreundschaft<\/strong>Wir haben vielleicht keinen Swimmingpool oder eine gro\u00dfe Lobby, aber was wir bieten, ist weitaus wertvoller: <strong>Zuverl\u00e4ssigkeit, Freundlichkeit und der aufrichtige Wunsch, Ihnen auf Ihrem Weg zum Erfolg zu verhelfen<\/strong>.<\/p><div class=\"my-2\">\u00a0<\/div><p>Von dem Moment an, in dem Sie unsere ruhige Gasse betreten, bis hin zum freundlichen \u201e<em>z\u00e0iji\u00e0n<\/em>\u201d (Auf Wiedersehen) Wenn Sie zu Ihrem n\u00e4chsten Ziel aufbrechen, sind wir hier, um Ihren Aufenthalt in Peking nicht nur angenehm zu gestalten, sondern <strong>wirklich komfortabel und unvergesslich<\/strong>.<\/p><div class=\"my-2\">\u00a0<\/div><div class=\"py-2 my-3\"><hr \/><\/div><div class=\"my-2\">\u00a0<\/div><p><strong>Erleben Sie den Unterschied durch aufmerksamen Service<\/strong><br \/>\ud83d\udccd <strong>Beijing Zhong&#039;an Hotel<\/strong><br \/>Nr. 6 Kuijiachang, Dayangmao Hutong, Beijing Station East Street, Bezirk Dongcheng, Peking, 100005<br \/>\ud83d\udcde +86 10 6522 1122 | \ud83c\udf10 <a href=\"https:\/\/zhonganhotel.com\/de\/\" target=\"_blank\" rel=\"nofollow noopener\">www.zhonganhotel.com <\/a><\/p><div class=\"my-2\">\u00a0<\/div><p data-spm-anchor-id=\"a2ty_o01.29997173.0.i48.3db3c921hBvKzf\"><em>Ihr authentisches Peking-Erlebnis beginnt mit Sorgfalt.<\/em> \ud83c\udfee\ud83e\uddf3\u2764\ufe0f<\/p>\t\t\t\t\t\t\t\t<\/div>\n\t\t\t\t\t<\/div>\n\t\t\t\t<\/div>\n\t\t\t\t<\/div>","protected":false},"excerpt":{"rendered":"<p>We do our best to offer all our guests the services and facilities to make their stay a memorable one. At Beijing Zhong\u2019an Hotel, located in the historic Dayangmao Hutong at No. 6 Kuijiachang, Beijing Station East Street, Dongcheng District, Beijing, 100005, we believe that true hospitality isn\u2019t measured by grand gestures, but by the [&hellip;]<\/p>\n","protected":false},"author":1,"featured_media":0,"parent":0,"menu_order":0,"comment_status":"closed","ping_status":"closed","template":"","meta":{"footnotes":""},"class_list":["post-647","page","type-page","status-publish","hentry","post-no-thumbnail"],"_links":{"self":[{"href":"https:\/\/zhonganhotel.com\/de\/wp-json\/wp\/v2\/pages\/647","targetHints":{"allow":["GET"]}}],"collection":[{"href":"https:\/\/zhonganhotel.com\/de\/wp-json\/wp\/v2\/pages"}],"about":[{"href":"https:\/\/zhonganhotel.com\/de\/wp-json\/wp\/v2\/types\/page"}],"author":[{"embeddable":true,"href":"https:\/\/zhonganhotel.com\/de\/wp-json\/wp\/v2\/users\/1"}],"replies":[{"embeddable":true,"href":"https:\/\/zhonganhotel.com\/de\/wp-json\/wp\/v2\/comments?post=647"}],"version-history":[{"count":0,"href":"https:\/\/zhonganhotel.com\/de\/wp-json\/wp\/v2\/pages\/647\/revisions"}],"wp:attachment":[{"href":"https:\/\/zhonganhotel.com\/de\/wp-json\/wp\/v2\/media?parent=647"}],"curies":[{"name":"wp","href":"https:\/\/api.w.org\/{rel}","templated":true}]}}