{"id":2103,"date":"2021-03-23T04:33:54","date_gmt":"2021-03-23T04:33:54","guid":{"rendered":"http:\/\/localhost\/nuss\/?page_id=103"},"modified":"2025-12-04T08:10:44","modified_gmt":"2025-12-04T08:10:44","slug":"sobre-nosotros","status":"publish","type":"page","link":"https:\/\/zhonganhotel.com\/es\/sobre-nosotros\/","title":{"rendered":"Sobre nosotros"},"content":{"rendered":"<div data-elementor-type=\"wp-page\" data-elementor-id=\"2103\" class=\"elementor elementor-2103\">\n\t\t\t\t\t\t<section class=\"elementor-section elementor-top-section elementor-element elementor-element-8f5bb9d elementor-section-boxed elementor-section-gap-beside-yes elementor-section-height-default elementor-section-height-default elementor-section-column-vertical-align-stretch\" data-id=\"8f5bb9d\" data-element_type=\"section\" data-e-type=\"section\">\n\t\t\t\t\t\t<div class=\"elementor-container elementor-column-gap-extended\">\n\t\t\t\t\t<div class=\"elementor-column elementor-col-100 elementor-top-column elementor-element elementor-element-7ec4215\" data-id=\"7ec4215\" data-element_type=\"column\" data-e-type=\"column\">\n\t\t\t<div class=\"elementor-widget-wrap elementor-element-populated\">\n\t\t\t\t\t\t<div class=\"elementor-element elementor-element-edd9d03 elementor-widget__width-initial elementor-invisible elementor-widget elementor-widget-text-editor\" data-id=\"edd9d03\" data-element_type=\"widget\" data-e-type=\"widget\" data-settings=\"{&quot;_animation&quot;:&quot;nussFadeInUp&quot;}\" data-widget_type=\"text-editor.default\">\n\t\t\t\t\t\t\t\t\t<p>Nuestra historia es sencilla. Amamos NUSS. Los propietarios se casaron aqu\u00ed y generaciones de su familia han vivido y siguen viviendo aqu\u00ed.<\/p>\t\t\t\t\t\t\t\t<\/div>\n\t\t\t\t\t<\/div>\n\t\t<\/div>\n\t\t\t\t\t<\/div>\n\t\t<\/section>\n\t\t\t\t<section class=\"elementor-section elementor-top-section elementor-element elementor-element-22f368b elementor-section-boxed elementor-section-gap-beside-yes elementor-section-height-default elementor-section-height-default elementor-section-column-vertical-align-stretch\" data-id=\"22f368b\" data-element_type=\"section\" data-e-type=\"section\">\n\t\t\t\t\t\t<div class=\"elementor-container elementor-column-gap-extended\">\n\t\t\t\t\t<div class=\"elementor-column elementor-col-50 elementor-top-column elementor-element elementor-element-cd50ecf\" data-id=\"cd50ecf\" data-element_type=\"column\" data-e-type=\"column\">\n\t\t\t<div class=\"elementor-widget-wrap elementor-element-populated\">\n\t\t\t\t\t\t<div class=\"elementor-element elementor-element-e8c92e2 elementor-invisible elementor-widget elementor-widget-text-editor\" data-id=\"e8c92e2\" data-element_type=\"widget\" data-e-type=\"widget\" data-settings=\"{&quot;_animation&quot;:&quot;nussFadeInUp&quot;}\" data-widget_type=\"text-editor.default\">\n\t\t\t\t\t\t\t\t\t<p data-spm-anchor-id=\"a2ty_o01.29997173.0.i11.3db3c921hBvKzf\">Ubicado en el vibrante <strong>Distrito de Dongch\u00e9ng<\/strong> de Beijing en una direcci\u00f3n privilegiada y de gran riqueza hist\u00f3rica\u2014<strong>No. 6 Kuijiachang, Dayangmao Hutong, Beijing Station East Street, Beijing, 100005, China<\/strong>-el <strong>Hotel Zhong&#039;an de Pek\u00edn<\/strong> ofrece a los viajeros una rara mezcla de <strong>Encanto aut\u00e9ntico, comodidad moderna y conveniencia inmejorable<\/strong>M\u00e1s que un simple lugar para descansar, este hotel cuidadosamente dise\u00f1ado sirve como una base ideal para exploradores, profesionales de negocios y entusiastas de la cultura deseosos de experimentar la <strong>La verdadera esencia de Pek\u00edn<\/strong>, donde las tradiciones antiguas se encuentran con la vida urbana contempor\u00e1nea.<\/p>\t\t\t\t\t\t\t\t<\/div>\n\t\t\t\t\t<\/div>\n\t\t<\/div>\n\t\t\t\t<div class=\"elementor-column elementor-col-50 elementor-top-column elementor-element elementor-element-414be75\" data-id=\"414be75\" data-element_type=\"column\" data-e-type=\"column\">\n\t\t\t<div class=\"elementor-widget-wrap elementor-element-populated\">\n\t\t\t\t\t\t<div class=\"elementor-element elementor-element-73d6bb9 elementor-widget elementor-widget-image\" data-id=\"73d6bb9\" data-element_type=\"widget\" data-e-type=\"widget\" data-widget_type=\"image.default\">\n\t\t\t\t\t\t\t\t\t\t\t\t\t\t\t<img fetchpriority=\"high\" decoding=\"async\" width=\"639\" height=\"853\" src=\"https:\/\/zhonganhotel.com\/wp-content\/uploads\/2025\/08\/Beijing-Zhongan-Hotel-109.webp\" class=\"attachment-large size-large wp-image-5550\" alt=\"\" srcset=\"https:\/\/zhonganhotel.com\/wp-content\/uploads\/2025\/08\/Beijing-Zhongan-Hotel-109.webp 639w, https:\/\/zhonganhotel.com\/wp-content\/uploads\/2025\/08\/Beijing-Zhongan-Hotel-109-225x300.webp 225w, https:\/\/zhonganhotel.com\/wp-content\/uploads\/2025\/08\/Beijing-Zhongan-Hotel-109-9x12.webp 9w\" sizes=\"(max-width: 639px) 100vw, 639px\" \/>\t\t\t\t\t\t\t\t\t\t\t\t\t\t\t<\/div>\n\t\t\t\t\t<\/div>\n\t\t<\/div>\n\t\t\t\t\t<\/div>\n\t\t<\/section>\n\t\t\t\t<section class=\"elementor-section elementor-top-section elementor-element elementor-element-2393bc4 elementor-section-height-min-height elementor-section-stretched elementor-section-full_width elementor-section-items-stretch elementor-section-height-default elementor-section-column-vertical-align-stretch\" data-id=\"2393bc4\" data-element_type=\"section\" data-e-type=\"section\" data-settings=\"{&quot;stretch_section&quot;:&quot;section-stretched&quot;}\">\n\t\t\t\t\t\t<div class=\"elementor-container elementor-column-gap-no\">\n\t\t\t\t\t<div class=\"elementor-column elementor-col-50 elementor-top-column elementor-element elementor-element-41b487e\" data-id=\"41b487e\" data-element_type=\"column\" data-e-type=\"column\">\n\t\t\t<div class=\"elementor-widget-wrap elementor-element-populated\">\n\t\t\t\t\t\t<div class=\"elementor-element elementor-element-d12a3c0 elementor-widget__width-initial elementor-widget-mobile__width-inherit elementor-invisible nuss-elementor-loading nuss-slide-in-right elementor-widget elementor-widget-image\" data-id=\"d12a3c0\" data-element_type=\"widget\" data-e-type=\"widget\" data-settings=\"{&quot;_animation&quot;:&quot;nussSlideInRight&quot;}\" data-widget_type=\"image.default\">\n\t\t\t\t\t\t\t\t\t\t\t\t\t\t\t<img decoding=\"async\" width=\"1254\" height=\"853\" src=\"https:\/\/zhonganhotel.com\/wp-content\/uploads\/2025\/08\/Beijing-Zhongan-Hotel-100.webp\" class=\"attachment-full size-full wp-image-5541\" alt=\"\" srcset=\"https:\/\/zhonganhotel.com\/wp-content\/uploads\/2025\/08\/Beijing-Zhongan-Hotel-100.webp 1254w, https:\/\/zhonganhotel.com\/wp-content\/uploads\/2025\/08\/Beijing-Zhongan-Hotel-100-300x204.webp 300w, https:\/\/zhonganhotel.com\/wp-content\/uploads\/2025\/08\/Beijing-Zhongan-Hotel-100-1024x697.webp 1024w, https:\/\/zhonganhotel.com\/wp-content\/uploads\/2025\/08\/Beijing-Zhongan-Hotel-100-768x522.webp 768w, https:\/\/zhonganhotel.com\/wp-content\/uploads\/2025\/08\/Beijing-Zhongan-Hotel-100-18x12.webp 18w\" sizes=\"(max-width: 1254px) 100vw, 1254px\" \/>\t\t\t\t\t\t\t\t\t\t\t\t\t\t\t<\/div>\n\t\t\t\t\t<\/div>\n\t\t<\/div>\n\t\t\t\t<div class=\"elementor-column elementor-col-50 elementor-top-column elementor-element elementor-element-281747b\" data-id=\"281747b\" data-element_type=\"column\" data-e-type=\"column\">\n\t\t\t<div class=\"elementor-widget-wrap elementor-element-populated\">\n\t\t\t\t\t\t<div class=\"elementor-element elementor-element-2ba7908 elementor-invisible elementor-widget elementor-widget-text-editor\" data-id=\"2ba7908\" data-element_type=\"widget\" data-e-type=\"widget\" data-settings=\"{&quot;_animation&quot;:&quot;nussFadeInUp&quot;}\" data-widget_type=\"text-editor.default\">\n\t\t\t\t\t\t\t\t\t<p data-spm-anchor-id=\"a2ty_o01.29997173.0.i13.3db3c921hBvKzf\">Ubicado a solo unos pasos de <strong>Estaci\u00f3n de tren de Pek\u00edn<\/strong>El Hotel Zhong&#039;an, uno de los centros de transporte m\u00e1s importantes de la ciudad, es la mejor opci\u00f3n para viajeros nacionales e internacionales que buscan una conexi\u00f3n fluida. Ya sea que llegue desde Shangh\u00e1i en un tren G de alta velocidad, se traslade desde el aeropuerto con el Airport Express o comience un viaje por varias ciudades de China, el hotel... <strong>proximidad a las principales rutas de tr\u00e1nsito<\/strong> garantiza que su aventura comience sin problemas y sin estr\u00e9s.<\/p><div class=\"my-2\">\u00a0<\/div><p data-spm-anchor-id=\"a2ty_o01.29997173.0.i15.3db3c921hBvKzf\">Pero lo que realmente distingue al Beijing Zhong&#039;an Hotel es su <strong>Ubicaci\u00f3n \u00fanica dentro de un hutong tradicional de Beijing<\/strong>\u2014una red de callejones estrechos y sinuosos que han albergado a generaciones de lugare\u00f1os y cuentan las historias serenas e \u00edntimas del pasado de la ciudad. Al cruzar la entrada del hotel, no solo se registra en una habitaci\u00f3n, sino que se adentra en una parte viva del tejido cultural de Pek\u00edn. Los alrededores <strong>Hutong de Dayang Mao<\/strong> Combina una arquitectura centenaria con la energ\u00eda urbana moderna, ofreciendo a los hu\u00e9spedes la oportunidad de experimentar <strong>La vida local m\u00e1s all\u00e1 de las rutas tur\u00edsticas<\/strong>Disfrute del t\u00e9 de la ma\u00f1ana en un puesto del barrio, observe a los ancianos jugar al ajedrez en las esquinas del patio o pasee por puertas lacadas en rojo que susurran historias del Pek\u00edn de la era imperial.<\/p>\t\t\t\t\t\t\t\t<\/div>\n\t\t\t\t\t<\/div>\n\t\t<\/div>\n\t\t\t\t\t<\/div>\n\t\t<\/section>\n\t\t\t\t<section class=\"elementor-section elementor-top-section elementor-element elementor-element-c776481 elementor-section-height-min-height elementor-section-stretched elementor-section-full_width elementor-section-items-stretch elementor-section-height-default elementor-section-column-vertical-align-stretch\" data-id=\"c776481\" data-element_type=\"section\" data-e-type=\"section\" data-settings=\"{&quot;stretch_section&quot;:&quot;section-stretched&quot;}\">\n\t\t\t\t\t\t<div class=\"elementor-container elementor-column-gap-no\">\n\t\t\t\t\t<div class=\"elementor-column elementor-col-50 elementor-top-column elementor-element elementor-element-5b7c927\" data-id=\"5b7c927\" data-element_type=\"column\" data-e-type=\"column\">\n\t\t\t<div class=\"elementor-widget-wrap elementor-element-populated\">\n\t\t\t\t\t\t<div class=\"elementor-element elementor-element-831e36f elementor-widget__width-initial elementor-widget-mobile__width-inherit elementor-invisible nuss-elementor-loading nuss-slide-in-right elementor-widget elementor-widget-image\" data-id=\"831e36f\" data-element_type=\"widget\" data-e-type=\"widget\" data-settings=\"{&quot;_animation&quot;:&quot;nussSlideInRight&quot;}\" data-widget_type=\"image.default\">\n\t\t\t\t\t\t\t\t\t\t\t\t\t\t\t<img decoding=\"async\" width=\"1006\" height=\"724\" src=\"https:\/\/zhonganhotel.com\/wp-content\/uploads\/2025\/08\/Beijing-Zhongan-Hotel-22.webp\" class=\"attachment-full size-full wp-image-5463\" alt=\"\" srcset=\"https:\/\/zhonganhotel.com\/wp-content\/uploads\/2025\/08\/Beijing-Zhongan-Hotel-22.webp 1006w, https:\/\/zhonganhotel.com\/wp-content\/uploads\/2025\/08\/Beijing-Zhongan-Hotel-22-300x216.webp 300w, https:\/\/zhonganhotel.com\/wp-content\/uploads\/2025\/08\/Beijing-Zhongan-Hotel-22-768x553.webp 768w, https:\/\/zhonganhotel.com\/wp-content\/uploads\/2025\/08\/Beijing-Zhongan-Hotel-22-18x12.webp 18w\" sizes=\"(max-width: 1006px) 100vw, 1006px\" \/>\t\t\t\t\t\t\t\t\t\t\t\t\t\t\t<\/div>\n\t\t\t\t\t<\/div>\n\t\t<\/div>\n\t\t\t\t<div class=\"elementor-column elementor-col-50 elementor-top-column elementor-element elementor-element-e938469\" data-id=\"e938469\" data-element_type=\"column\" data-e-type=\"column\">\n\t\t\t<div class=\"elementor-widget-wrap elementor-element-populated\">\n\t\t\t\t\t\t<div class=\"elementor-element elementor-element-d815c08 elementor-invisible elementor-widget elementor-widget-text-editor\" data-id=\"d815c08\" data-element_type=\"widget\" data-e-type=\"widget\" data-settings=\"{&quot;_animation&quot;:&quot;nussFadeInUp&quot;}\" data-widget_type=\"text-editor.default\">\n\t\t\t\t\t\t\t\t\t<p data-spm-anchor-id=\"a2ty_o01.29997173.0.i16.3db3c921hBvKzf\">A pesar de su tranquilo entorno residencial, el hotel es <strong>Sorprendentemente cerca de los lugares m\u00e1s emblem\u00e1ticos de Pek\u00edn<\/strong>Con solo un corto paseo a pie o un r\u00e1pido viaje en metro, puedes explorar:<\/p><ul><li><strong>Plaza de Tiananm\u00e9n<\/strong> (3 km) \u2013 La plaza p\u00fablica m\u00e1s grande del mundo y s\u00edmbolo de la China moderna<\/li><li data-spm-anchor-id=\"a2ty_o01.29997173.0.i17.3db3c921hBvKzf\"><strong>La Ciudad Prohibida<\/strong> (3,5 km) \u2013 El majestuoso palacio imperial de las dinast\u00edas Ming y Qing<\/li><li><strong>Calle Wangfujing<\/strong> (2,5 km) \u2013 Un animado destino de compras y restaurantes<\/li><li><strong>Templo del Cielo<\/strong> (6 km) \u2013 Un tranquilo lugar declarado Patrimonio de la Humanidad por la UNESCO<\/li><li><strong>Parque Jingshan<\/strong> (3,8 km) \u2013 Ofrece vistas panor\u00e1micas del horizonte de la ciudad.<\/li><\/ul>\t\t\t\t\t\t\t\t<\/div>\n\t\t\t\t\t<\/div>\n\t\t<\/div>\n\t\t\t\t\t<\/div>\n\t\t<\/section>\n\t\t\t\t<section class=\"elementor-section elementor-top-section elementor-element elementor-element-203c19a elementor-section-height-min-height elementor-section-stretched elementor-section-full_width elementor-section-items-stretch elementor-section-height-default elementor-section-column-vertical-align-stretch\" data-id=\"203c19a\" data-element_type=\"section\" data-e-type=\"section\" data-settings=\"{&quot;stretch_section&quot;:&quot;section-stretched&quot;}\">\n\t\t\t\t\t\t<div class=\"elementor-container elementor-column-gap-no\">\n\t\t\t\t\t<div class=\"elementor-column elementor-col-50 elementor-top-column elementor-element elementor-element-a79002e\" data-id=\"a79002e\" data-element_type=\"column\" data-e-type=\"column\">\n\t\t\t<div class=\"elementor-widget-wrap elementor-element-populated\">\n\t\t\t\t\t\t<div class=\"elementor-element elementor-element-53fa3e9 elementor-widget__width-initial elementor-widget-mobile__width-inherit elementor-invisible nuss-elementor-loading nuss-slide-in-right elementor-widget elementor-widget-image\" data-id=\"53fa3e9\" data-element_type=\"widget\" data-e-type=\"widget\" data-settings=\"{&quot;_animation&quot;:&quot;nussSlideInRight&quot;}\" data-widget_type=\"image.default\">\n\t\t\t\t\t\t\t\t\t\t\t\t\t\t\t<img loading=\"lazy\" decoding=\"async\" width=\"1280\" height=\"853\" src=\"https:\/\/zhonganhotel.com\/wp-content\/uploads\/2025\/08\/Beijing-Zhongan-Hotel-57.webp\" class=\"attachment-full size-full wp-image-5498\" alt=\"\" srcset=\"https:\/\/zhonganhotel.com\/wp-content\/uploads\/2025\/08\/Beijing-Zhongan-Hotel-57.webp 1280w, https:\/\/zhonganhotel.com\/wp-content\/uploads\/2025\/08\/Beijing-Zhongan-Hotel-57-300x200.webp 300w, https:\/\/zhonganhotel.com\/wp-content\/uploads\/2025\/08\/Beijing-Zhongan-Hotel-57-1024x682.webp 1024w, https:\/\/zhonganhotel.com\/wp-content\/uploads\/2025\/08\/Beijing-Zhongan-Hotel-57-768x512.webp 768w, https:\/\/zhonganhotel.com\/wp-content\/uploads\/2025\/08\/Beijing-Zhongan-Hotel-57-18x12.webp 18w\" sizes=\"(max-width: 1280px) 100vw, 1280px\" \/>\t\t\t\t\t\t\t\t\t\t\t\t\t\t\t<\/div>\n\t\t\t\t\t<\/div>\n\t\t<\/div>\n\t\t\t\t<div class=\"elementor-column elementor-col-50 elementor-top-column elementor-element elementor-element-fb99c04\" data-id=\"fb99c04\" data-element_type=\"column\" data-e-type=\"column\">\n\t\t\t<div class=\"elementor-widget-wrap elementor-element-populated\">\n\t\t\t\t\t\t<div class=\"elementor-element elementor-element-5616244 elementor-invisible elementor-widget elementor-widget-text-editor\" data-id=\"5616244\" data-element_type=\"widget\" data-e-type=\"widget\" data-settings=\"{&quot;_animation&quot;:&quot;nussFadeInUp&quot;}\" data-widget_type=\"text-editor.default\">\n\t\t\t\t\t\t\t\t\t<p>El hotel Beijing Zhong&#039;an combina <strong>practicidad con encanto<\/strong>Ofrecemos habitaciones limpias y bien equipadas con comodidades modernas (wifi de alta velocidad, aire acondicionado, ba\u00f1o privado y ropa de cama c\u00f3moda) para garantizar una estancia relajante despu\u00e9s de un d\u00eda de turismo. Detalles como la atenci\u00f3n al detalle, como recepci\u00f3n 24 horas, consigna de equipaje y personal multiling\u00fce, hacen que cada hu\u00e9sped se sienta bienvenido, ya sea por negocios, transporte o turismo.<\/p><div class=\"my-2\">\u00a0<\/div><p>Para el viajero amante de la gastronom\u00eda, la zona que rodea el hotel es un <strong>joya culinaria escondida<\/strong>. De cuencos humeantes de <em>jianbing<\/em> (Crepes chinas) al amanecer hasta brochetas nocturnas de <em>yangrou chuan<\/em> (barbacoa de cordero), la escena gastron\u00f3mica callejera local ofrece una deliciosa ventana a los sabores cotidianos de Beijing. Acogedor <em>xiaochi<\/em> Puestos de comida (snacks) y negocios familiares <em>estilo restaurante<\/em> Los restaurantes sirven cl\u00e1sicos como <em>zhajiangmian<\/em> (fideos con salsa de frijoles fritos) y <em>baozi<\/em> (bollos al vapor), a solo minutos de su puerta.<\/p>\t\t\t\t\t\t\t\t<\/div>\n\t\t\t\t\t<\/div>\n\t\t<\/div>\n\t\t\t\t\t<\/div>\n\t\t<\/section>\n\t\t\t\t<section class=\"elementor-section elementor-top-section elementor-element elementor-element-64a434c elementor-section-height-min-height elementor-section-stretched elementor-section-full_width elementor-section-items-stretch elementor-section-height-default elementor-section-column-vertical-align-stretch\" data-id=\"64a434c\" data-element_type=\"section\" data-e-type=\"section\" data-settings=\"{&quot;stretch_section&quot;:&quot;section-stretched&quot;}\">\n\t\t\t\t\t\t<div class=\"elementor-container elementor-column-gap-no\">\n\t\t\t\t\t<div class=\"elementor-column elementor-col-50 elementor-top-column elementor-element elementor-element-a04266b\" data-id=\"a04266b\" data-element_type=\"column\" data-e-type=\"column\">\n\t\t\t<div class=\"elementor-widget-wrap elementor-element-populated\">\n\t\t\t\t\t\t<div class=\"elementor-element elementor-element-1acd728 elementor-widget__width-initial elementor-widget-mobile__width-inherit elementor-invisible nuss-elementor-loading nuss-slide-in-right elementor-widget elementor-widget-image\" data-id=\"1acd728\" data-element_type=\"widget\" data-e-type=\"widget\" data-settings=\"{&quot;_animation&quot;:&quot;nussSlideInRight&quot;}\" data-widget_type=\"image.default\">\n\t\t\t\t\t\t\t\t\t\t\t\t\t\t\t<img loading=\"lazy\" decoding=\"async\" width=\"1280\" height=\"853\" src=\"https:\/\/zhonganhotel.com\/wp-content\/uploads\/2025\/08\/Beijing-Zhongan-Hotel-95.webp\" class=\"attachment-full size-full wp-image-5536\" alt=\"\" srcset=\"https:\/\/zhonganhotel.com\/wp-content\/uploads\/2025\/08\/Beijing-Zhongan-Hotel-95.webp 1280w, https:\/\/zhonganhotel.com\/wp-content\/uploads\/2025\/08\/Beijing-Zhongan-Hotel-95-300x200.webp 300w, https:\/\/zhonganhotel.com\/wp-content\/uploads\/2025\/08\/Beijing-Zhongan-Hotel-95-1024x682.webp 1024w, https:\/\/zhonganhotel.com\/wp-content\/uploads\/2025\/08\/Beijing-Zhongan-Hotel-95-768x512.webp 768w, https:\/\/zhonganhotel.com\/wp-content\/uploads\/2025\/08\/Beijing-Zhongan-Hotel-95-18x12.webp 18w\" sizes=\"(max-width: 1280px) 100vw, 1280px\" \/>\t\t\t\t\t\t\t\t\t\t\t\t\t\t\t<\/div>\n\t\t\t\t\t<\/div>\n\t\t<\/div>\n\t\t\t\t<div class=\"elementor-column elementor-col-50 elementor-top-column elementor-element elementor-element-63a6c8d\" data-id=\"63a6c8d\" data-element_type=\"column\" data-e-type=\"column\">\n\t\t\t<div class=\"elementor-widget-wrap elementor-element-populated\">\n\t\t\t\t\t\t<div class=\"elementor-element elementor-element-7239b78 elementor-invisible elementor-widget elementor-widget-text-editor\" data-id=\"7239b78\" data-element_type=\"widget\" data-e-type=\"widget\" data-settings=\"{&quot;_animation&quot;:&quot;nussFadeInUp&quot;}\" data-widget_type=\"text-editor.default\">\n\t\t\t\t\t\t\t\t\t<p data-spm-anchor-id=\"a2ty_o01.29997173.0.i19.3db3c921hBvKzf\">Dise\u00f1ado con ambos <strong>Comodidad y cultura en mente<\/strong>El Hotel Beijing Zhong&#039;an logra el equilibrio perfecto entre accesibilidad y autenticidad. No es un hotel de cadena est\u00e9ril en una torre de cristal, es un... <strong>Experiencia local con hospitalidad global<\/strong>, donde podr\u00e1s despertarte con los sonidos de un aut\u00e9ntico barrio de Pek\u00edn y, al mismo tiempo, estar en el Gran Sal\u00f3n del Pueblo o en el Museo Nacional en 20 minutos.<\/p><div class=\"my-2\">\u00a0<\/div><p>Ya sea que sea un mochilero solitario, una familia en un viaje cultural o un viajero de negocios con una agenda apretada, <strong>Hotel Zhong&#039;an de Pek\u00edn<\/strong> ofrece la plataforma de lanzamiento ideal para tu aventura en Pek\u00edn. Aqu\u00ed no solo visitar\u00e1s la ciudad, sino que... <strong>viviendo en ella<\/strong>, aunque sea solo por unas noches.<\/p><div class=\"my-2\">\u00a0<\/div><p>Descubra el alma de Beijing con la tranquilidad que le brinda alojarse en un <strong>Hotel confiable, c\u00e9ntrico y culturalmente inmersivo.<\/strong>En el Beijing Zhong&#039;an Hotel, cada estad\u00eda es m\u00e1s que una visita: es una conexi\u00f3n.<\/p>\t\t\t\t\t\t\t\t<\/div>\n\t\t\t\t\t<\/div>\n\t\t<\/div>\n\t\t\t\t\t<\/div>\n\t\t<\/section>\n\t\t\t\t<\/div>","protected":false},"excerpt":{"rendered":"<p>Our story is a simple one. We love NUSS. The owners were married here and generations of their family have lived and still live here. Nestled in the vibrant Dongcheng District of Beijing at a prime and historically rich address\u2014No. 6 Kuijiachang, Dayangmao Hutong, Beijing Station East Street, Beijing, 100005, China\u2014the Beijing Zhong&#8217;an Hotel offers [&hellip;]<\/p>\n","protected":false},"author":1,"featured_media":0,"parent":0,"menu_order":0,"comment_status":"closed","ping_status":"closed","template":"elementor_header_footer","meta":{"footnotes":""},"class_list":["post-2103","page","type-page","status-publish","hentry","post-no-thumbnail"],"_links":{"self":[{"href":"https:\/\/zhonganhotel.com\/es\/wp-json\/wp\/v2\/pages\/2103","targetHints":{"allow":["GET"]}}],"collection":[{"href":"https:\/\/zhonganhotel.com\/es\/wp-json\/wp\/v2\/pages"}],"about":[{"href":"https:\/\/zhonganhotel.com\/es\/wp-json\/wp\/v2\/types\/page"}],"author":[{"embeddable":true,"href":"https:\/\/zhonganhotel.com\/es\/wp-json\/wp\/v2\/users\/1"}],"replies":[{"embeddable":true,"href":"https:\/\/zhonganhotel.com\/es\/wp-json\/wp\/v2\/comments?post=2103"}],"version-history":[{"count":0,"href":"https:\/\/zhonganhotel.com\/es\/wp-json\/wp\/v2\/pages\/2103\/revisions"}],"wp:attachment":[{"href":"https:\/\/zhonganhotel.com\/es\/wp-json\/wp\/v2\/media?parent=2103"}],"curies":[{"name":"gracias","href":"https:\/\/api.w.org\/{rel}","templated":true}]}}