{"id":647,"date":"2021-03-29T02:13:52","date_gmt":"2021-03-29T02:13:52","guid":{"rendered":"http:\/\/localhost\/nuss\/?page_id=647"},"modified":"2025-08-19T04:52:07","modified_gmt":"2025-08-19T04:52:07","slug":"servicios","status":"publish","type":"page","link":"https:\/\/zhonganhotel.com\/es\/servicios\/","title":{"rendered":"Servicios"},"content":{"rendered":"<div data-elementor-type=\"wp-page\" data-elementor-id=\"647\" class=\"elementor elementor-647\">\n\t\t\t\t\t\t<section class=\"elementor-section elementor-top-section elementor-element elementor-element-3353bc8 elementor-section-boxed elementor-section-gap-beside-yes elementor-section-height-default elementor-section-height-default elementor-section-column-vertical-align-stretch\" data-id=\"3353bc8\" data-element_type=\"section\" data-e-type=\"section\">\n\t\t\t\t\t\t<div class=\"elementor-container elementor-column-gap-extended\">\n\t\t\t\t\t<div class=\"elementor-column elementor-col-100 elementor-top-column elementor-element elementor-element-0a2bc64\" data-id=\"0a2bc64\" data-element_type=\"column\" data-e-type=\"column\">\n\t\t\t<div class=\"elementor-widget-wrap elementor-element-populated\">\n\t\t\t\t\t\t<div class=\"elementor-element elementor-element-447e3ef elementor-widget__width-initial elementor-invisible elementor-widget elementor-widget-text-editor\" data-id=\"447e3ef\" data-element_type=\"widget\" data-e-type=\"widget\" data-settings=\"{&quot;_animation&quot;:&quot;nussFadeInUp&quot;}\" data-widget_type=\"text-editor.default\">\n\t\t\t\t\t\t\t\t\t<p>Hacemos todo lo posible para ofrecer a todos nuestros hu\u00e9spedes los servicios e instalaciones para que su estancia sea memorable.<\/p>\t\t\t\t\t\t\t\t<\/div>\n\t\t\t\t\t<\/div>\n\t\t<\/div>\n\t\t\t\t\t<\/div>\n\t\t<\/section>\n\t\t<div class=\"elementor-element elementor-element-f1219df e-flex e-con-boxed e-con e-parent\" data-id=\"f1219df\" data-element_type=\"container\" data-e-type=\"container\">\n\t\t\t\t\t<div class=\"e-con-inner\">\n\t\t\t\t<div class=\"elementor-element elementor-element-0d76ea7 elementor-widget elementor-widget-text-editor\" data-id=\"0d76ea7\" data-element_type=\"widget\" data-e-type=\"widget\" data-widget_type=\"text-editor.default\">\n\t\t\t\t\t\t\t\t\t<p data-spm-anchor-id=\"a2ty_o01.29997173.0.i47.3db3c921hBvKzf\">En <strong>Hotel Zhong&#039;an de Pek\u00edn<\/strong>, ubicado en el hist\u00f3rico <strong>Hutong de Dayang Mao<\/strong> en <strong>No. 6 Kuijiachang, Calle Este de la Estaci\u00f3n de Pek\u00edn, Distrito Dongcheng, Pek\u00edn, 100005<\/strong>Creemos que la verdadera hospitalidad no se mide por los grandes gestos, sino por los detalles discretos y considerados que hacen que el viaje del viajero sea m\u00e1s agradable, seguro y significativo. Si bien nuestra encantadora ubicaci\u00f3n, a solo un... <strong>A 5 minutos a pie de la estaci\u00f3n de tren de Pek\u00edn<\/strong>\u2014ofrece una comodidad inigualable, es nuestra <strong>Conjunto completo de servicios pr\u00e1cticos, confiables y personalizados<\/strong> que transforma una simple estancia de una noche en una experiencia verdaderamente reconfortante.<\/p><div class=\"my-2\">\u00a0<\/div><p>Entendemos que nuestros hu\u00e9spedes provienen de todos los \u00e1mbitos: viajeros internacionales que dan sus primeros pasos en China, familias que se embarcan en una aventura a trav\u00e9s del pa\u00eds, profesionales que toman trenes temprano o exploradores solitarios que buscan una aut\u00e9ntica experiencia de la vida en Pek\u00edn. Por eso, nuestros servicios est\u00e1n dise\u00f1ados no para el espect\u00e1culo, sino para... <strong>necesidades del mundo real<\/strong>\u2014garantizar que cada hu\u00e9sped se sienta bienvenido, apoyado y c\u00f3modo desde el momento de su llegada.<\/p><div class=\"my-2\">\u00a0<\/div><h3>Recepci\u00f3n 24 horas y asistencia personalizada al hu\u00e9sped<\/h3><p>Nuestro <strong>Recepci\u00f3n 24 horas<\/strong> es el coraz\u00f3n del hotel. Nuestro equipo multiling\u00fce (que habla con fluidez el ingl\u00e9s) est\u00e1 disponible las 24 horas. <strong>Mandar\u00edn e ingl\u00e9s b\u00e1sico<\/strong>, con aplicaciones de traducci\u00f3n a mano) siempre est\u00e1 listo para ayudarte. Ya sea que llegues a las 3 a. m. de un tren retrasado o necesites ayuda para imprimir tu itinerario de vuelo del d\u00eda siguiente, estamos aqu\u00ed para ayudarte.<\/p><div class=\"my-2\">\u00a0<\/div><p>Nuestro equipo va m\u00e1s all\u00e1 del registro de entrada y salida. Nos complace:<\/p><ul><li><strong>Llamar a un taxi o Didi (el Uber de China)<\/strong> para su pr\u00f3ximo destino.<\/li><li><strong>Proporcionar mapas dibujados a mano<\/strong> y gu\u00eda en metro hasta la Ciudad Prohibida, la Plaza de Tiananmen o Wangfujing.<\/li><li><strong>Recomendar restaurantes locales aut\u00e9nticos<\/strong> A solo unos pasos del hotel, desde el humeante <em>jianbing<\/em> Desde puestos de crepes chinos hasta acogedoras tiendas de fideos.<\/li><li><strong>Ayudar con el equipaje<\/strong> para hu\u00e9spedes con equipaje pesado o conexiones apretadas.<\/li><\/ul><div class=\"my-2\">\u00a0<\/div><h3>Llegada y salida sin complicaciones con servicios de equipaje<\/h3><p>Viajar por uno de los centros ferroviarios m\u00e1s transitados de Asia puede ser estresante. Por eso ofrecemos <strong>almacenamiento de equipaje gratuito<\/strong> Antes del check-in y despu\u00e9s del check-out. \u00bfLlega horas antes de que su habitaci\u00f3n est\u00e9 lista? Deje su equipaje seguro con nosotros, explore Pek\u00edn y regrese cuando est\u00e9 listo. Este servicio es especialmente valioso para hu\u00e9spedes que hacen transbordo entre trenes de alta velocidad o se preparan para salidas nocturnas.<\/p><div class=\"my-2\">\u00a0<\/div><h3>Alojamientos c\u00f3modos y bien mantenidos con servicios esenciales<\/h3><p>Todas las habitaciones del Hotel Zhong&#039;an est\u00e1n dise\u00f1adas con <strong>comodidad pr\u00e1ctica<\/strong> En mente. Priorizamos la limpieza, la tranquilidad y la funcionalidad, necesidades clave para cualquier viajero. Nuestros servicios garantizan que su habitaci\u00f3n sea un remanso de paz:<\/p><ul><li><strong>Limpieza diaria<\/strong> Para mantener tu espacio fresco y ordenado.<\/li><li><strong>Ba\u00f1os privados en suite<\/strong> En cada habitaci\u00f3n, equipada con agua caliente, toallas y art\u00edculos de aseo esenciales.<\/li><li><strong>Aire acondicionado y calefacci\u00f3n de invierno fiables<\/strong> Para comodidad durante todo el a\u00f1o, sin importar la temporada.<\/li><li><strong>Wi-Fi de alta velocidad gratuito<\/strong> en todo el hotel, para que puedas mantenerte conectado, consultar tu correo electr\u00f3nico o compartir tu viaje con tus seres queridos.<\/li><\/ul><div class=\"my-2\">\u00a0<\/div><h3>Apoyo a los viajeros modernos<\/h3><p>Entendemos las necesidades del viajero global de hoy. Por eso ofrecemos:<\/p><ul><li><strong>M\u00faltiples opciones de pago<\/strong>:Aceptamos <strong>Visa, Mastercard, UnionPay, WeChat Pay y Alipay<\/strong>, lo que facilita las transacciones tanto si se encuentra en el extranjero como si viaja dentro del pa\u00eds.<\/li><li><strong>Compatibilidad con reservas online<\/strong>:Reserve su estancia sin problemas a trav\u00e9s de las principales plataformas como <strong>Trip.com, Booking.com, Ctrip y Agoda<\/strong>, o reserve directamente con nosotros por tel\u00e9fono.<\/li><li><strong>Desayuno sencillo al estilo chino<\/strong> (disponible por una tarifa adicional), con congee, bollos al vapor, huevos y verduras encurtidas: el combustible perfecto para un d\u00eda de exploraci\u00f3n.<\/li><\/ul><div class=\"my-2\">\u00a0<\/div><h3>Un entorno seguro, accesible y reflexivo<\/h3><p>Su seguridad y tranquilidad son primordiales. <strong>El distrito de Dongcheng est\u00e1 bien iluminado y es seguro.<\/strong>, y nuestra ubicaci\u00f3n en hutong, aunque tradicional, es una <strong>Barrio residencial y tranquilo<\/strong> Con presencia local activa y patrullas de seguridad. El hotel est\u00e1 bien mantenido y el personal siempre est\u00e1 presente.<\/p><div class=\"my-2\">\u00a0<\/div><p>Si bien lamentamos que nuestro entorno tradicional de hutong, con sus estrechos callejones y escaleras,<strong>no es accesible para sillas de ruedas<\/strong>Recomendamos a los hu\u00e9spedes con necesidades especiales de movilidad que se pongan en contacto con nosotros con antelaci\u00f3n para que podamos hacer todo lo posible por ayudarles y orientarlos.<\/p><div class=\"my-2\">\u00a0<\/div><h3>M\u00e1s que un hotel: un compa\u00f1ero de viaje de confianza<\/h3><p>En el Hotel Beijing Zhong&#039;an, nuestros servicios no son solo una lista de verificaci\u00f3n, son una expresi\u00f3n de nuestro compromiso con <strong>hospitalidad aut\u00e9ntica y centrada en el ser humano<\/strong>Puede que no tengamos piscina ni un gran vest\u00edbulo, pero lo que ofrecemos es mucho m\u00e1s valioso: <strong>Confiabilidad, amabilidad y un deseo genuino de ayudarlo a tener \u00e9xito en su viaje.<\/strong>.<\/p><div class=\"my-2\">\u00a0<\/div><p>Desde el momento en que ingresas a nuestro tranquilo callej\u00f3n hasta el ambiente amistoso \u201c<em>z\u00e0iji\u00e0n<\/em>\u201d (adi\u00f3s) Mientras se dirige a su pr\u00f3ximo destino, estamos aqu\u00ed para hacer que su estad\u00eda en Beijing no solo sea conveniente, sino <strong>verdaderamente c\u00f3modo y memorable<\/strong>.<\/p><div class=\"my-2\">\u00a0<\/div><div class=\"py-2 my-3\"><hr \/><\/div><div class=\"my-2\">\u00a0<\/div><p><strong>Experimente la diferencia de un servicio atento<\/strong><br \/>\ud83d\udccd <strong>Hotel Zhong&#039;an de Pek\u00edn<\/strong><br \/>No. 6 Kuijiachang, Dayangmao Hutong, Calle Este de la Estaci\u00f3n de Beijing, Distrito Dongcheng, Beijing, 100005<br \/>\ud83d\udcde +86 10 6522 1122 | \ud83c\udf10 <a href=\"https:\/\/zhonganhotel.com\/es\/\" target=\"_blank\" rel=\"nofollow noopener\">www.zhonganhotel.com <\/a><\/p><div class=\"my-2\">\u00a0<\/div><p data-spm-anchor-id=\"a2ty_o01.29997173.0.i48.3db3c921hBvKzf\"><em>Su aut\u00e9ntica experiencia en Beijing comienza con el cuidado.<\/em> \ud83c\udfee\ud83e\uddf3\u2764\ufe0f<\/p>\t\t\t\t\t\t\t\t<\/div>\n\t\t\t\t\t<\/div>\n\t\t\t\t<\/div>\n\t\t\t\t<\/div>","protected":false},"excerpt":{"rendered":"<p>We do our best to offer all our guests the services and facilities to make their stay a memorable one. At Beijing Zhong\u2019an Hotel, located in the historic Dayangmao Hutong at No. 6 Kuijiachang, Beijing Station East Street, Dongcheng District, Beijing, 100005, we believe that true hospitality isn\u2019t measured by grand gestures, but by the [&hellip;]<\/p>\n","protected":false},"author":1,"featured_media":0,"parent":0,"menu_order":0,"comment_status":"closed","ping_status":"closed","template":"","meta":{"footnotes":""},"class_list":["post-647","page","type-page","status-publish","hentry","post-no-thumbnail"],"_links":{"self":[{"href":"https:\/\/zhonganhotel.com\/es\/wp-json\/wp\/v2\/pages\/647","targetHints":{"allow":["GET"]}}],"collection":[{"href":"https:\/\/zhonganhotel.com\/es\/wp-json\/wp\/v2\/pages"}],"about":[{"href":"https:\/\/zhonganhotel.com\/es\/wp-json\/wp\/v2\/types\/page"}],"author":[{"embeddable":true,"href":"https:\/\/zhonganhotel.com\/es\/wp-json\/wp\/v2\/users\/1"}],"replies":[{"embeddable":true,"href":"https:\/\/zhonganhotel.com\/es\/wp-json\/wp\/v2\/comments?post=647"}],"version-history":[{"count":0,"href":"https:\/\/zhonganhotel.com\/es\/wp-json\/wp\/v2\/pages\/647\/revisions"}],"wp:attachment":[{"href":"https:\/\/zhonganhotel.com\/es\/wp-json\/wp\/v2\/media?parent=647"}],"curies":[{"name":"gracias","href":"https:\/\/api.w.org\/{rel}","templated":true}]}}