{"id":2103,"date":"2021-03-23T04:33:54","date_gmt":"2021-03-23T04:33:54","guid":{"rendered":"http:\/\/localhost\/nuss\/?page_id=103"},"modified":"2025-12-04T08:10:44","modified_gmt":"2025-12-04T08:10:44","slug":"a-propos-de-nous","status":"publish","type":"page","link":"https:\/\/zhonganhotel.com\/fr\/a-propos-de-nous\/","title":{"rendered":"\u00c0 propos de nous"},"content":{"rendered":"<div data-elementor-type=\"wp-page\" data-elementor-id=\"2103\" class=\"elementor elementor-2103\">\n\t\t\t\t\t\t<section class=\"elementor-section elementor-top-section elementor-element elementor-element-8f5bb9d elementor-section-boxed elementor-section-gap-beside-yes elementor-section-height-default elementor-section-height-default elementor-section-column-vertical-align-stretch\" data-id=\"8f5bb9d\" data-element_type=\"section\" data-e-type=\"section\">\n\t\t\t\t\t\t<div class=\"elementor-container elementor-column-gap-extended\">\n\t\t\t\t\t<div class=\"elementor-column elementor-col-100 elementor-top-column elementor-element elementor-element-7ec4215\" data-id=\"7ec4215\" data-element_type=\"column\" data-e-type=\"column\">\n\t\t\t<div class=\"elementor-widget-wrap elementor-element-populated\">\n\t\t\t\t\t\t<div class=\"elementor-element elementor-element-edd9d03 elementor-widget__width-initial elementor-invisible elementor-widget elementor-widget-text-editor\" data-id=\"edd9d03\" data-element_type=\"widget\" data-e-type=\"widget\" data-settings=\"{&quot;_animation&quot;:&quot;nussFadeInUp&quot;}\" data-widget_type=\"text-editor.default\">\n\t\t\t\t\t\t\t\t\t<p>Notre histoire est simple. Nous adorons NUSS. Les propri\u00e9taires se sont mari\u00e9s ici et des g\u00e9n\u00e9rations de leur famille y ont v\u00e9cu et y vivent encore.<\/p>\t\t\t\t\t\t\t\t<\/div>\n\t\t\t\t\t<\/div>\n\t\t<\/div>\n\t\t\t\t\t<\/div>\n\t\t<\/section>\n\t\t\t\t<section class=\"elementor-section elementor-top-section elementor-element elementor-element-22f368b elementor-section-boxed elementor-section-gap-beside-yes elementor-section-height-default elementor-section-height-default elementor-section-column-vertical-align-stretch\" data-id=\"22f368b\" data-element_type=\"section\" data-e-type=\"section\">\n\t\t\t\t\t\t<div class=\"elementor-container elementor-column-gap-extended\">\n\t\t\t\t\t<div class=\"elementor-column elementor-col-50 elementor-top-column elementor-element elementor-element-cd50ecf\" data-id=\"cd50ecf\" data-element_type=\"column\" data-e-type=\"column\">\n\t\t\t<div class=\"elementor-widget-wrap elementor-element-populated\">\n\t\t\t\t\t\t<div class=\"elementor-element elementor-element-e8c92e2 elementor-invisible elementor-widget elementor-widget-text-editor\" data-id=\"e8c92e2\" data-element_type=\"widget\" data-e-type=\"widget\" data-settings=\"{&quot;_animation&quot;:&quot;nussFadeInUp&quot;}\" data-widget_type=\"text-editor.default\">\n\t\t\t\t\t\t\t\t\t<p data-spm-anchor-id=\"a2ty_o01.29997173.0.i11.3db3c921hBvKzf\">Nich\u00e9 dans le quartier anim\u00e9 <strong>District de Dongcheng<\/strong> de P\u00e9kin \u00e0 une adresse privil\u00e9gi\u00e9e et historiquement riche\u2014<strong>No. 6 Kuijiachang, Dayangmao Hutong, rue Est de la gare de P\u00e9kin, P\u00e9kin, 100005, Chine<\/strong>-le <strong>H\u00f4tel Zhong&#039;an de P\u00e9kin<\/strong> offre aux voyageurs un m\u00e9lange rare de <strong>charme authentique, confort moderne et commodit\u00e9 imbattable<\/strong>. Plus qu&#039;un simple endroit o\u00f9 se reposer, cet h\u00f4tel soigneusement con\u00e7u constitue une base id\u00e9ale pour les explorateurs, les professionnels et les passionn\u00e9s de culture d\u00e9sireux de d\u00e9couvrir le <strong>la v\u00e9ritable essence de P\u00e9kin<\/strong>, o\u00f9 les traditions anciennes rencontrent la vie urbaine contemporaine.<\/p>\t\t\t\t\t\t\t\t<\/div>\n\t\t\t\t\t<\/div>\n\t\t<\/div>\n\t\t\t\t<div class=\"elementor-column elementor-col-50 elementor-top-column elementor-element elementor-element-414be75\" data-id=\"414be75\" data-element_type=\"column\" data-e-type=\"column\">\n\t\t\t<div class=\"elementor-widget-wrap elementor-element-populated\">\n\t\t\t\t\t\t<div class=\"elementor-element elementor-element-73d6bb9 elementor-widget elementor-widget-image\" data-id=\"73d6bb9\" data-element_type=\"widget\" data-e-type=\"widget\" data-widget_type=\"image.default\">\n\t\t\t\t\t\t\t\t\t\t\t\t\t\t\t<img fetchpriority=\"high\" decoding=\"async\" width=\"639\" height=\"853\" src=\"https:\/\/zhonganhotel.com\/wp-content\/uploads\/2025\/08\/Beijing-Zhongan-Hotel-109.webp\" class=\"attachment-large size-large wp-image-5550\" alt=\"\" srcset=\"https:\/\/zhonganhotel.com\/wp-content\/uploads\/2025\/08\/Beijing-Zhongan-Hotel-109.webp 639w, https:\/\/zhonganhotel.com\/wp-content\/uploads\/2025\/08\/Beijing-Zhongan-Hotel-109-225x300.webp 225w, https:\/\/zhonganhotel.com\/wp-content\/uploads\/2025\/08\/Beijing-Zhongan-Hotel-109-9x12.webp 9w\" sizes=\"(max-width: 639px) 100vw, 639px\" \/>\t\t\t\t\t\t\t\t\t\t\t\t\t\t\t<\/div>\n\t\t\t\t\t<\/div>\n\t\t<\/div>\n\t\t\t\t\t<\/div>\n\t\t<\/section>\n\t\t\t\t<section class=\"elementor-section elementor-top-section elementor-element elementor-element-2393bc4 elementor-section-height-min-height elementor-section-stretched elementor-section-full_width elementor-section-items-stretch elementor-section-height-default elementor-section-column-vertical-align-stretch\" data-id=\"2393bc4\" data-element_type=\"section\" data-e-type=\"section\" data-settings=\"{&quot;stretch_section&quot;:&quot;section-stretched&quot;}\">\n\t\t\t\t\t\t<div class=\"elementor-container elementor-column-gap-no\">\n\t\t\t\t\t<div class=\"elementor-column elementor-col-50 elementor-top-column elementor-element elementor-element-41b487e\" data-id=\"41b487e\" data-element_type=\"column\" data-e-type=\"column\">\n\t\t\t<div class=\"elementor-widget-wrap elementor-element-populated\">\n\t\t\t\t\t\t<div class=\"elementor-element elementor-element-d12a3c0 elementor-widget__width-initial elementor-widget-mobile__width-inherit elementor-invisible nuss-elementor-loading nuss-slide-in-right elementor-widget elementor-widget-image\" data-id=\"d12a3c0\" data-element_type=\"widget\" data-e-type=\"widget\" data-settings=\"{&quot;_animation&quot;:&quot;nussSlideInRight&quot;}\" data-widget_type=\"image.default\">\n\t\t\t\t\t\t\t\t\t\t\t\t\t\t\t<img decoding=\"async\" width=\"1254\" height=\"853\" src=\"https:\/\/zhonganhotel.com\/wp-content\/uploads\/2025\/08\/Beijing-Zhongan-Hotel-100.webp\" class=\"attachment-full size-full wp-image-5541\" alt=\"\" srcset=\"https:\/\/zhonganhotel.com\/wp-content\/uploads\/2025\/08\/Beijing-Zhongan-Hotel-100.webp 1254w, https:\/\/zhonganhotel.com\/wp-content\/uploads\/2025\/08\/Beijing-Zhongan-Hotel-100-300x204.webp 300w, https:\/\/zhonganhotel.com\/wp-content\/uploads\/2025\/08\/Beijing-Zhongan-Hotel-100-1024x697.webp 1024w, https:\/\/zhonganhotel.com\/wp-content\/uploads\/2025\/08\/Beijing-Zhongan-Hotel-100-768x522.webp 768w, https:\/\/zhonganhotel.com\/wp-content\/uploads\/2025\/08\/Beijing-Zhongan-Hotel-100-18x12.webp 18w\" sizes=\"(max-width: 1254px) 100vw, 1254px\" \/>\t\t\t\t\t\t\t\t\t\t\t\t\t\t\t<\/div>\n\t\t\t\t\t<\/div>\n\t\t<\/div>\n\t\t\t\t<div class=\"elementor-column elementor-col-50 elementor-top-column elementor-element elementor-element-281747b\" data-id=\"281747b\" data-element_type=\"column\" data-e-type=\"column\">\n\t\t\t<div class=\"elementor-widget-wrap elementor-element-populated\">\n\t\t\t\t\t\t<div class=\"elementor-element elementor-element-2ba7908 elementor-invisible elementor-widget elementor-widget-text-editor\" data-id=\"2ba7908\" data-element_type=\"widget\" data-e-type=\"widget\" data-settings=\"{&quot;_animation&quot;:&quot;nussFadeInUp&quot;}\" data-widget_type=\"text-editor.default\">\n\t\t\t\t\t\t\t\t\t<p data-spm-anchor-id=\"a2ty_o01.29997173.0.i13.3db3c921hBvKzf\">Situ\u00e9 \u00e0 quelques pas de <strong>Gare de P\u00e9kin<\/strong>Situ\u00e9 \u00e0 Shanghai, l&#039;un des principaux p\u00f4les de transport de la ville, l&#039;h\u00f4tel Zhong&#039;an est le choix id\u00e9al pour les voyageurs nationaux et internationaux en qu\u00eate d&#039;une connectivit\u00e9 optimale. Que vous arriviez de Shanghai par le G-train \u00e0 grande vitesse, que vous preniez une correspondance depuis l&#039;a\u00e9roport par l&#039;Airport Express ou que vous commenciez un voyage \u00e0 travers la Chine, l&#039;h\u00f4tel <strong>proximit\u00e9 des principaux axes de transport en commun<\/strong> garantit que votre aventure d\u00e9marre en douceur et sans stress.<\/p><div class=\"my-2\">\u00a0<\/div><p data-spm-anchor-id=\"a2ty_o01.29997173.0.i15.3db3c921hBvKzf\">Mais ce qui distingue vraiment l&#039;h\u00f4tel Beijing Zhong&#039;an, c&#039;est son <strong>emplacement unique au sein d&#039;un hutong traditionnel de P\u00e9kin<\/strong>\u2014 un r\u00e9seau de ruelles \u00e9troites et sinueuses qui ont abrit\u00e9 des g\u00e9n\u00e9rations d&#039;habitants et racontent l&#039;histoire paisible et intime du pass\u00e9 de la ville. En franchissant l&#039;entr\u00e9e de l&#039;h\u00f4tel, vous ne vous contentez pas d&#039;enregistrer une chambre\u00a0: vous p\u00e9n\u00e9trez dans un \u00e9l\u00e9ment vivant du tissu culturel p\u00e9kinois. Les environs <strong>Hutong Dayangmao<\/strong> allie une architecture s\u00e9culaire \u00e0 l&#039;\u00e9nergie urbaine moderne, offrant aux clients une chance de d\u00e9couvrir <strong>la vie locale au-del\u00e0 des sentiers touristiques<\/strong>Savourez un th\u00e9 matinal dans un stand de quartier, regardez les anciens jouer aux \u00e9checs dans les coins des cours ou promenez-vous devant des portes laqu\u00e9es de rouge qui murmurent des histoires sur le P\u00e9kin de l&#039;\u00e9poque imp\u00e9riale.<\/p>\t\t\t\t\t\t\t\t<\/div>\n\t\t\t\t\t<\/div>\n\t\t<\/div>\n\t\t\t\t\t<\/div>\n\t\t<\/section>\n\t\t\t\t<section class=\"elementor-section elementor-top-section elementor-element elementor-element-c776481 elementor-section-height-min-height elementor-section-stretched elementor-section-full_width elementor-section-items-stretch elementor-section-height-default elementor-section-column-vertical-align-stretch\" data-id=\"c776481\" data-element_type=\"section\" data-e-type=\"section\" data-settings=\"{&quot;stretch_section&quot;:&quot;section-stretched&quot;}\">\n\t\t\t\t\t\t<div class=\"elementor-container elementor-column-gap-no\">\n\t\t\t\t\t<div class=\"elementor-column elementor-col-50 elementor-top-column elementor-element elementor-element-5b7c927\" data-id=\"5b7c927\" data-element_type=\"column\" data-e-type=\"column\">\n\t\t\t<div class=\"elementor-widget-wrap elementor-element-populated\">\n\t\t\t\t\t\t<div class=\"elementor-element elementor-element-831e36f elementor-widget__width-initial elementor-widget-mobile__width-inherit elementor-invisible nuss-elementor-loading nuss-slide-in-right elementor-widget elementor-widget-image\" data-id=\"831e36f\" data-element_type=\"widget\" data-e-type=\"widget\" data-settings=\"{&quot;_animation&quot;:&quot;nussSlideInRight&quot;}\" data-widget_type=\"image.default\">\n\t\t\t\t\t\t\t\t\t\t\t\t\t\t\t<img decoding=\"async\" width=\"1006\" height=\"724\" src=\"https:\/\/zhonganhotel.com\/wp-content\/uploads\/2025\/08\/Beijing-Zhongan-Hotel-22.webp\" class=\"attachment-full size-full wp-image-5463\" alt=\"\" srcset=\"https:\/\/zhonganhotel.com\/wp-content\/uploads\/2025\/08\/Beijing-Zhongan-Hotel-22.webp 1006w, https:\/\/zhonganhotel.com\/wp-content\/uploads\/2025\/08\/Beijing-Zhongan-Hotel-22-300x216.webp 300w, https:\/\/zhonganhotel.com\/wp-content\/uploads\/2025\/08\/Beijing-Zhongan-Hotel-22-768x553.webp 768w, https:\/\/zhonganhotel.com\/wp-content\/uploads\/2025\/08\/Beijing-Zhongan-Hotel-22-18x12.webp 18w\" sizes=\"(max-width: 1006px) 100vw, 1006px\" \/>\t\t\t\t\t\t\t\t\t\t\t\t\t\t\t<\/div>\n\t\t\t\t\t<\/div>\n\t\t<\/div>\n\t\t\t\t<div class=\"elementor-column elementor-col-50 elementor-top-column elementor-element elementor-element-e938469\" data-id=\"e938469\" data-element_type=\"column\" data-e-type=\"column\">\n\t\t\t<div class=\"elementor-widget-wrap elementor-element-populated\">\n\t\t\t\t\t\t<div class=\"elementor-element elementor-element-d815c08 elementor-invisible elementor-widget elementor-widget-text-editor\" data-id=\"d815c08\" data-element_type=\"widget\" data-e-type=\"widget\" data-settings=\"{&quot;_animation&quot;:&quot;nussFadeInUp&quot;}\" data-widget_type=\"text-editor.default\">\n\t\t\t\t\t\t\t\t\t<p data-spm-anchor-id=\"a2ty_o01.29997173.0.i16.3db3c921hBvKzf\">Malgr\u00e9 son cadre r\u00e9sidentiel et tranquille, l&#039;h\u00f4tel est <strong>\u00e9tonnamment proche des monuments les plus embl\u00e9matiques de P\u00e9kin<\/strong>En quelques minutes \u00e0 pied ou en m\u00e9tro, vous pourrez explorer :<\/p><ul><li><strong>Place Tiananmen<\/strong> (3 km) \u2013 La plus grande place publique du monde et symbole de la Chine moderne<\/li><li data-spm-anchor-id=\"a2ty_o01.29997173.0.i17.3db3c921hBvKzf\"><strong>La Cit\u00e9 interdite<\/strong> (3,5 km) \u2013 Le majestueux palais imp\u00e9rial des dynasties Ming et Qing<\/li><li><strong>Rue Wangfujing<\/strong> (2,5 km) \u2013 Une destination anim\u00e9e pour le shopping et la restauration<\/li><li><strong>Temple du Ciel<\/strong> (6 km) \u2013 Un site serein class\u00e9 au patrimoine mondial de l&#039;UNESCO<\/li><li><strong>Parc Jingshan<\/strong> (3,8 km) \u2013 Offrant une vue panoramique sur les toits de la ville<\/li><\/ul>\t\t\t\t\t\t\t\t<\/div>\n\t\t\t\t\t<\/div>\n\t\t<\/div>\n\t\t\t\t\t<\/div>\n\t\t<\/section>\n\t\t\t\t<section class=\"elementor-section elementor-top-section elementor-element elementor-element-203c19a elementor-section-height-min-height elementor-section-stretched elementor-section-full_width elementor-section-items-stretch elementor-section-height-default elementor-section-column-vertical-align-stretch\" data-id=\"203c19a\" data-element_type=\"section\" data-e-type=\"section\" data-settings=\"{&quot;stretch_section&quot;:&quot;section-stretched&quot;}\">\n\t\t\t\t\t\t<div class=\"elementor-container elementor-column-gap-no\">\n\t\t\t\t\t<div class=\"elementor-column elementor-col-50 elementor-top-column elementor-element elementor-element-a79002e\" data-id=\"a79002e\" data-element_type=\"column\" data-e-type=\"column\">\n\t\t\t<div class=\"elementor-widget-wrap elementor-element-populated\">\n\t\t\t\t\t\t<div class=\"elementor-element elementor-element-53fa3e9 elementor-widget__width-initial elementor-widget-mobile__width-inherit elementor-invisible nuss-elementor-loading nuss-slide-in-right elementor-widget elementor-widget-image\" data-id=\"53fa3e9\" data-element_type=\"widget\" data-e-type=\"widget\" data-settings=\"{&quot;_animation&quot;:&quot;nussSlideInRight&quot;}\" data-widget_type=\"image.default\">\n\t\t\t\t\t\t\t\t\t\t\t\t\t\t\t<img loading=\"lazy\" decoding=\"async\" width=\"1280\" height=\"853\" src=\"https:\/\/zhonganhotel.com\/wp-content\/uploads\/2025\/08\/Beijing-Zhongan-Hotel-57.webp\" class=\"attachment-full size-full wp-image-5498\" alt=\"\" srcset=\"https:\/\/zhonganhotel.com\/wp-content\/uploads\/2025\/08\/Beijing-Zhongan-Hotel-57.webp 1280w, https:\/\/zhonganhotel.com\/wp-content\/uploads\/2025\/08\/Beijing-Zhongan-Hotel-57-300x200.webp 300w, https:\/\/zhonganhotel.com\/wp-content\/uploads\/2025\/08\/Beijing-Zhongan-Hotel-57-1024x682.webp 1024w, https:\/\/zhonganhotel.com\/wp-content\/uploads\/2025\/08\/Beijing-Zhongan-Hotel-57-768x512.webp 768w, https:\/\/zhonganhotel.com\/wp-content\/uploads\/2025\/08\/Beijing-Zhongan-Hotel-57-18x12.webp 18w\" sizes=\"(max-width: 1280px) 100vw, 1280px\" \/>\t\t\t\t\t\t\t\t\t\t\t\t\t\t\t<\/div>\n\t\t\t\t\t<\/div>\n\t\t<\/div>\n\t\t\t\t<div class=\"elementor-column elementor-col-50 elementor-top-column elementor-element elementor-element-fb99c04\" data-id=\"fb99c04\" data-element_type=\"column\" data-e-type=\"column\">\n\t\t\t<div class=\"elementor-widget-wrap elementor-element-populated\">\n\t\t\t\t\t\t<div class=\"elementor-element elementor-element-5616244 elementor-invisible elementor-widget elementor-widget-text-editor\" data-id=\"5616244\" data-element_type=\"widget\" data-e-type=\"widget\" data-settings=\"{&quot;_animation&quot;:&quot;nussFadeInUp&quot;}\" data-widget_type=\"text-editor.default\">\n\t\t\t\t\t\t\t\t\t<p>L&#039;h\u00f4tel Beijing Zhong&#039;an combine <strong>praticit\u00e9 avec charme<\/strong>, proposant des chambres propres et bien am\u00e9nag\u00e9es, dot\u00e9es d&#039;\u00e9quipements modernes (wi-fi haut d\u00e9bit, climatisation, salle de bain priv\u00e9e et literie confortable), pour un s\u00e9jour reposant apr\u00e8s une journ\u00e9e d&#039;exploration. Des attentions particuli\u00e8res comme une r\u00e9ception ouverte 24h\/24, une consigne \u00e0 bagages et un personnel multilingue garantissent \u00e0 chaque client un s\u00e9jour des plus agr\u00e9ables, qu&#039;il soit en d\u00e9placement professionnel, de transit ou touristique.<\/p><div class=\"my-2\">\u00a0<\/div><p>Pour le voyageur gourmand, les environs de l&#039;h\u00f4tel sont un <strong>joyau culinaire cach\u00e9<\/strong>. Des bols fumants de <em>jianbing<\/em> (cr\u00eapes chinoises) \u00e0 l&#039;aube jusqu&#039;aux brochettes de fin de soir\u00e9e <em>yangrou chuan<\/em> (barbecue d&#039;agneau), la sc\u00e8ne culinaire de rue locale offre une d\u00e9licieuse fen\u00eatre sur les saveurs quotidiennes de P\u00e9kin. <em>Xiaochi<\/em> stands (de collation) et restaurants familiaux <em>style restaurant<\/em> les restaurants servent des classiques comme <em>zhajiangmian<\/em> (nouilles avec sauce aux haricots frits) et <em>baozi<\/em> (petits pains cuits \u00e0 la vapeur), \u00e0 quelques minutes de votre porte.<\/p>\t\t\t\t\t\t\t\t<\/div>\n\t\t\t\t\t<\/div>\n\t\t<\/div>\n\t\t\t\t\t<\/div>\n\t\t<\/section>\n\t\t\t\t<section class=\"elementor-section elementor-top-section elementor-element elementor-element-64a434c elementor-section-height-min-height elementor-section-stretched elementor-section-full_width elementor-section-items-stretch elementor-section-height-default elementor-section-column-vertical-align-stretch\" data-id=\"64a434c\" data-element_type=\"section\" data-e-type=\"section\" data-settings=\"{&quot;stretch_section&quot;:&quot;section-stretched&quot;}\">\n\t\t\t\t\t\t<div class=\"elementor-container elementor-column-gap-no\">\n\t\t\t\t\t<div class=\"elementor-column elementor-col-50 elementor-top-column elementor-element elementor-element-a04266b\" data-id=\"a04266b\" data-element_type=\"column\" data-e-type=\"column\">\n\t\t\t<div class=\"elementor-widget-wrap elementor-element-populated\">\n\t\t\t\t\t\t<div class=\"elementor-element elementor-element-1acd728 elementor-widget__width-initial elementor-widget-mobile__width-inherit elementor-invisible nuss-elementor-loading nuss-slide-in-right elementor-widget elementor-widget-image\" data-id=\"1acd728\" data-element_type=\"widget\" data-e-type=\"widget\" data-settings=\"{&quot;_animation&quot;:&quot;nussSlideInRight&quot;}\" data-widget_type=\"image.default\">\n\t\t\t\t\t\t\t\t\t\t\t\t\t\t\t<img loading=\"lazy\" decoding=\"async\" width=\"1280\" height=\"853\" src=\"https:\/\/zhonganhotel.com\/wp-content\/uploads\/2025\/08\/Beijing-Zhongan-Hotel-95.webp\" class=\"attachment-full size-full wp-image-5536\" alt=\"\" srcset=\"https:\/\/zhonganhotel.com\/wp-content\/uploads\/2025\/08\/Beijing-Zhongan-Hotel-95.webp 1280w, https:\/\/zhonganhotel.com\/wp-content\/uploads\/2025\/08\/Beijing-Zhongan-Hotel-95-300x200.webp 300w, https:\/\/zhonganhotel.com\/wp-content\/uploads\/2025\/08\/Beijing-Zhongan-Hotel-95-1024x682.webp 1024w, https:\/\/zhonganhotel.com\/wp-content\/uploads\/2025\/08\/Beijing-Zhongan-Hotel-95-768x512.webp 768w, https:\/\/zhonganhotel.com\/wp-content\/uploads\/2025\/08\/Beijing-Zhongan-Hotel-95-18x12.webp 18w\" sizes=\"(max-width: 1280px) 100vw, 1280px\" \/>\t\t\t\t\t\t\t\t\t\t\t\t\t\t\t<\/div>\n\t\t\t\t\t<\/div>\n\t\t<\/div>\n\t\t\t\t<div class=\"elementor-column elementor-col-50 elementor-top-column elementor-element elementor-element-63a6c8d\" data-id=\"63a6c8d\" data-element_type=\"column\" data-e-type=\"column\">\n\t\t\t<div class=\"elementor-widget-wrap elementor-element-populated\">\n\t\t\t\t\t\t<div class=\"elementor-element elementor-element-7239b78 elementor-invisible elementor-widget elementor-widget-text-editor\" data-id=\"7239b78\" data-element_type=\"widget\" data-e-type=\"widget\" data-settings=\"{&quot;_animation&quot;:&quot;nussFadeInUp&quot;}\" data-widget_type=\"text-editor.default\">\n\t\t\t\t\t\t\t\t\t<p data-spm-anchor-id=\"a2ty_o01.29997173.0.i19.3db3c921hBvKzf\">Con\u00e7u avec les deux <strong>confort et culture \u00e0 l&#039;esprit<\/strong>L&#039;h\u00f4tel Beijing Zhong&#039;an allie parfaitement accessibilit\u00e9 et authenticit\u00e9. Loin d&#039;\u00eatre un h\u00f4tel de cha\u00eene st\u00e9rile nich\u00e9 dans une tour de verre, il s&#039;agit d&#039;un <strong>exp\u00e9rience locale avec hospitalit\u00e9 mondiale<\/strong>, o\u00f9 vous pourrez vous r\u00e9veiller au son d&#039;un v\u00e9ritable quartier de P\u00e9kin et \u00eatre toujours au Grand Hall du Peuple ou au Mus\u00e9e National en 20 minutes.<\/p><div class=\"my-2\">\u00a0<\/div><p>Que vous soyez un routard solo, une famille en voyage culturel ou un voyageur d&#039;affaires avec un emploi du temps charg\u00e9, <strong>H\u00f4tel Zhong&#039;an de P\u00e9kin<\/strong> constitue le point de d\u00e9part id\u00e9al pour votre aventure p\u00e9kinoise. Ici, vous ne vous contentez pas de visiter la ville, vous <strong>y vivre<\/strong>, m\u00eame si ce n&#039;est que pour quelques nuits.<\/p><div class=\"my-2\">\u00a0<\/div><p>D\u00e9couvrez l&#039;\u00e2me de P\u00e9kin avec la tranquillit\u00e9 d&#039;esprit que procure un s\u00e9jour dans un <strong>h\u00f4tel de confiance, situ\u00e9 au centre et culturellement immersif<\/strong>\u00c0 l&#039;h\u00f4tel Beijing Zhong&#039;an, chaque s\u00e9jour est plus qu&#039;une simple visite : c&#039;est une connexion.<\/p>\t\t\t\t\t\t\t\t<\/div>\n\t\t\t\t\t<\/div>\n\t\t<\/div>\n\t\t\t\t\t<\/div>\n\t\t<\/section>\n\t\t\t\t<\/div>","protected":false},"excerpt":{"rendered":"<p>Our story is a simple one. We love NUSS. The owners were married here and generations of their family have lived and still live here. Nestled in the vibrant Dongcheng District of Beijing at a prime and historically rich address\u2014No. 6 Kuijiachang, Dayangmao Hutong, Beijing Station East Street, Beijing, 100005, China\u2014the Beijing Zhong&#8217;an Hotel offers [&hellip;]<\/p>\n","protected":false},"author":1,"featured_media":0,"parent":0,"menu_order":0,"comment_status":"closed","ping_status":"closed","template":"elementor_header_footer","meta":{"footnotes":""},"class_list":["post-2103","page","type-page","status-publish","hentry","post-no-thumbnail"],"_links":{"self":[{"href":"https:\/\/zhonganhotel.com\/fr\/wp-json\/wp\/v2\/pages\/2103","targetHints":{"allow":["GET"]}}],"collection":[{"href":"https:\/\/zhonganhotel.com\/fr\/wp-json\/wp\/v2\/pages"}],"about":[{"href":"https:\/\/zhonganhotel.com\/fr\/wp-json\/wp\/v2\/types\/page"}],"author":[{"embeddable":true,"href":"https:\/\/zhonganhotel.com\/fr\/wp-json\/wp\/v2\/users\/1"}],"replies":[{"embeddable":true,"href":"https:\/\/zhonganhotel.com\/fr\/wp-json\/wp\/v2\/comments?post=2103"}],"version-history":[{"count":0,"href":"https:\/\/zhonganhotel.com\/fr\/wp-json\/wp\/v2\/pages\/2103\/revisions"}],"wp:attachment":[{"href":"https:\/\/zhonganhotel.com\/fr\/wp-json\/wp\/v2\/media?parent=2103"}],"curies":[{"name":"wp","href":"https:\/\/api.w.org\/{rel}","templated":true}]}}