{"id":2104,"date":"2021-03-23T09:33:48","date_gmt":"2021-03-23T09:33:48","guid":{"rendered":"http:\/\/localhost\/nuss\/?page_id=167"},"modified":"2025-08-19T04:34:09","modified_gmt":"2025-08-19T04:34:09","slug":"notre-histoire","status":"publish","type":"page","link":"https:\/\/zhonganhotel.com\/fr\/notre-histoire\/","title":{"rendered":"Notre histoire"},"content":{"rendered":"<div data-elementor-type=\"wp-page\" data-elementor-id=\"2104\" class=\"elementor elementor-2104\">\n\t\t\t\t\t\t<section class=\"elementor-section elementor-top-section elementor-element elementor-element-8f5bb9d elementor-section-boxed elementor-section-gap-beside-yes elementor-section-height-default elementor-section-height-default elementor-section-column-vertical-align-stretch\" data-id=\"8f5bb9d\" data-element_type=\"section\" data-e-type=\"section\">\n\t\t\t\t\t\t<div class=\"elementor-container elementor-column-gap-extended\">\n\t\t\t\t\t<div class=\"elementor-column elementor-col-100 elementor-top-column elementor-element elementor-element-7ec4215\" data-id=\"7ec4215\" data-element_type=\"column\" data-e-type=\"column\">\n\t\t\t<div class=\"elementor-widget-wrap elementor-element-populated\">\n\t\t\t\t\t\t<div class=\"elementor-element elementor-element-edd9d03 elementor-widget__width-initial elementor-invisible elementor-widget elementor-widget-text-editor\" data-id=\"edd9d03\" data-element_type=\"widget\" data-e-type=\"widget\" data-settings=\"{&quot;_animation&quot;:&quot;nussFadeInUp&quot;}\" data-widget_type=\"text-editor.default\">\n\t\t\t\t\t\t\t\t\tLe c\u0153ur et le patrimoine de l&#039;h\u00f4tel Zhong&#039;an de P\u00e9kin\t\t\t\t\t\t\t\t<\/div>\n\t\t\t\t\t<\/div>\n\t\t<\/div>\n\t\t\t\t\t<\/div>\n\t\t<\/section>\n\t\t<div class=\"elementor-element elementor-element-692b694 e-flex e-con-boxed e-con e-parent\" data-id=\"692b694\" data-element_type=\"container\" data-e-type=\"container\">\n\t\t\t\t\t<div class=\"e-con-inner\">\n\t\t\t\t<div class=\"elementor-element elementor-element-cd1bb5c elementor-widget elementor-widget-text-editor\" data-id=\"cd1bb5c\" data-element_type=\"widget\" data-e-type=\"widget\" data-widget_type=\"text-editor.default\">\n\t\t\t\t\t\t\t\t\t<p data-spm-anchor-id=\"a2ty_o01.29997173.0.i36.3db3c921hBvKzf\">Nich\u00e9 dans l&#039;\u00e9treinte tranquille de <strong>Hutong Dayangmao<\/strong>, \u00e0 quelques pas du c\u0153ur du centre ferroviaire le plus fr\u00e9quent\u00e9 de P\u00e9kin, <strong>H\u00f4tel Zhong&#039;an de P\u00e9kin<\/strong> est plus qu&#039;un lieu de repos\u00a0: c&#039;est une histoire \u00e9crite dans le langage de la tradition, de la r\u00e9silience et de l&#039;hospitalit\u00e9 sinc\u00e8re. Situ\u00e9 \u00e0 <strong>N\u00b0 6 Kuijiachang, rue Est de la gare de P\u00e9kin, district de Dongcheng, P\u00e9kin, 100005<\/strong>, notre h\u00f4tel se trouve au carrefour de la Chine ancienne et nouvelle, o\u00f9 les \u00e9chos de l&#039;histoire imp\u00e9riale rencontrent le rythme des voyages modernes.<\/p><p>Notre voyage a d\u00e9but\u00e9 non pas avec grandeur, mais avec d\u00e9termination. Pendant des d\u00e9cennies, ce coin de P\u00e9kin, proche de <strong>Gare de P\u00e9kin<\/strong> Pourtant nich\u00e9 dans un d\u00e9dale de ruelles \u00e9troites, ce lieu a accueilli des voyageurs des quatre coins du pays et du monde. Dans les ann\u00e9es 1980, alors que la Chine s&#039;ouvrait au tourisme international, ce site est devenu une humble maison d&#039;h\u00f4tes pour les visiteurs fatigu\u00e9s arrivant en train, \u00e0 la recherche d&#039;un h\u00e9bergement propre, s\u00fbr et abordable avant de se lancer dans leurs aventures \u00e0 travers la capitale. Au fil du temps, cette mission simple s&#039;est transform\u00e9e en quelque chose de plus profond\u00a0: un engagement envers <strong>connexion authentique, pr\u00e9servation culturelle et service authentique<\/strong>.<\/p><p>Au d\u00e9but des ann\u00e9es 2000, la propri\u00e9t\u00e9 a \u00e9t\u00e9 soigneusement restaur\u00e9e et r\u00e9imagin\u00e9e comme <strong>H\u00f4tel Zhong&#039;an de P\u00e9kin<\/strong>, un nom qui refl\u00e8te nos valeurs fondamentales : <em>Zhong<\/em> (\u4e2d) signifiant \u00ab central \u00bb ou \u00ab harmonie \u00bb, et <em>Un<\/em> (\u5b89) signifiant \u00ab paix \u00bb ou \u00ab s\u00e9curit\u00e9 \u00bb. Ensemble, ils incarnent notre vision\u00a0: \u00eatre un <strong>centre de calme et de confort<\/strong> au c\u0153ur d&#039;une m\u00e9tropole anim\u00e9e.<\/p><p>Contrairement aux imposants h\u00f4tels de verre qui bordent les quartiers d&#039;affaires de P\u00e9kin, l&#039;h\u00f4tel Zhong&#039;an a \u00e9t\u00e9 con\u00e7u pour se fondre dans le d\u00e9cor, et non pour se d\u00e9marquer. Nous avons choisi de pr\u00e9server <strong>architecture traditionnelle des hutongs<\/strong>, rendant hommage \u00e0 ce quartier s\u00e9culaire qui a abrit\u00e9 \u00e9rudits, artisans et familles depuis la dynastie Ming. Nos chambres, modernis\u00e9es et dot\u00e9es de tout le confort n\u00e9cessaire comme le Wi-Fi haut d\u00e9bit, des salles de bains privatives et la climatisation, conservent la chaleur des poutres en bois, la douceur de l&#039;\u00e9clairage et l&#039;intimit\u00e9 de l&#039;am\u00e9nagement, reflets de l&#039;\u00e2me r\u00e9sidentielle de P\u00e9kin.<\/p><p>Nous pensons que la v\u00e9ritable hospitalit\u00e9 n\u2019est pas une question de luxe, mais de <strong>soins<\/strong>. Du moment o\u00f9 un client nous appelle pour demander son chemin, souvent fatigu\u00e9 et naviguant dans une ville \u00e9trang\u00e8re, jusqu&#039;au calme \u00ab<em>z\u01ceo \u0101n<\/em>\u00ab (bonjour) de notre personnel au moment du paiement, chaque interaction est guid\u00e9e par un principe simple : <strong>traiter chaque voyageur comme un invit\u00e9 dans notre maison<\/strong>.<\/p><p>Au fil des ans, nous avons accueilli des routards venus d&#039;Europe, des familles pour leur premier voyage en Chine, des voyageurs d&#039;affaires prenant le train t\u00f4t le matin, et m\u00eame des cin\u00e9astes et des \u00e9crivains s\u00e9duits par le calme po\u00e9tique de notre hutong. Nous avons distribu\u00e9 des parapluies lors de pluies estivales soudaines, aid\u00e9 des h\u00f4tes soulag\u00e9s \u00e0 retrouver leurs passeports perdus et partag\u00e9 des anecdotes autour d&#039;une tasse de th\u00e9 au jasmin dans notre petite cour. Ces moments, brefs et improvis\u00e9s, sont la v\u00e9ritable trame de notre histoire.<\/p><p>L&#039;h\u00f4tel Beijing Zhong&#039;an n&#039;a jamais cherch\u00e9 \u00e0 \u00eatre le plus grand ni le plus opulent. Nous nous effor\u00e7ons plut\u00f4t d&#039;\u00eatre le <strong>le plus humain<\/strong>\u2014un endroit o\u00f9 l&#039;emplacement rencontre l&#039;h\u00e9ritage, o\u00f9 la commodit\u00e9 est associ\u00e9e au caract\u00e8re et o\u00f9 un s\u00e9jour n&#039;est pas seulement une transaction, mais un souvenir en devenir.<\/p><p>Aujourd&#039;hui, alors que P\u00e9kin continue de se transformer, nous restons ancr\u00e9s dans notre ruelle, gardiens silencieux d&#039;un autre type de voyage, un voyage qui valorise <strong>la connexion plut\u00f4t que le spectacle, l&#039;authenticit\u00e9 plut\u00f4t que le raffinement et la paix plut\u00f4t que le bruit<\/strong>.<\/p><p>C&#039;est notre histoire.<br \/>Et nous vous invitons \u00e0 en faire partie.<\/p><div class=\"my-2\">\u00a0<\/div><p data-spm-anchor-id=\"a2ty_o01.29997173.0.i37.3db3c921hBvKzf\">Bienvenue \u00e0 l&#039;h\u00f4tel Beijing Zhong&#039;an, o\u00f9 chaque voyage trouve sa place. \ud83c\udfee\ud83e\uddf3\u2764\ufe0f<\/p>\t\t\t\t\t\t\t\t<\/div>\n\t\t\t\t\t<\/div>\n\t\t\t\t<\/div>\n\t\t\t\t<\/div>","protected":false},"excerpt":{"rendered":"<p>The Heart and Heritage of Beijing Zhong\u2019an Hotel Nestled in the quiet embrace of Dayangmao Hutong, just steps from the pulse of Beijing\u2019s busiest rail hub, Beijing Zhong\u2019an Hotel is more than a place to rest\u2014it\u2019s a story written in the language of tradition, resilience, and heartfelt hospitality. Located at No. 6 Kuijiachang, Beijing Station [&hellip;]<\/p>\n","protected":false},"author":1,"featured_media":0,"parent":0,"menu_order":0,"comment_status":"closed","ping_status":"closed","template":"elementor_header_footer","meta":{"footnotes":""},"class_list":["post-2104","page","type-page","status-publish","hentry","post-no-thumbnail"],"_links":{"self":[{"href":"https:\/\/zhonganhotel.com\/fr\/wp-json\/wp\/v2\/pages\/2104","targetHints":{"allow":["GET"]}}],"collection":[{"href":"https:\/\/zhonganhotel.com\/fr\/wp-json\/wp\/v2\/pages"}],"about":[{"href":"https:\/\/zhonganhotel.com\/fr\/wp-json\/wp\/v2\/types\/page"}],"author":[{"embeddable":true,"href":"https:\/\/zhonganhotel.com\/fr\/wp-json\/wp\/v2\/users\/1"}],"replies":[{"embeddable":true,"href":"https:\/\/zhonganhotel.com\/fr\/wp-json\/wp\/v2\/comments?post=2104"}],"version-history":[{"count":0,"href":"https:\/\/zhonganhotel.com\/fr\/wp-json\/wp\/v2\/pages\/2104\/revisions"}],"wp:attachment":[{"href":"https:\/\/zhonganhotel.com\/fr\/wp-json\/wp\/v2\/media?parent=2104"}],"curies":[{"name":"wp","href":"https:\/\/api.w.org\/{rel}","templated":true}]}}