{"id":647,"date":"2021-03-29T02:13:52","date_gmt":"2021-03-29T02:13:52","guid":{"rendered":"http:\/\/localhost\/nuss\/?page_id=647"},"modified":"2025-08-19T04:52:07","modified_gmt":"2025-08-19T04:52:07","slug":"services","status":"publish","type":"page","link":"https:\/\/zhonganhotel.com\/fr\/services\/","title":{"rendered":"Services"},"content":{"rendered":"<div data-elementor-type=\"wp-page\" data-elementor-id=\"647\" class=\"elementor elementor-647\">\n\t\t\t\t\t\t<section class=\"elementor-section elementor-top-section elementor-element elementor-element-3353bc8 elementor-section-boxed elementor-section-gap-beside-yes elementor-section-height-default elementor-section-height-default elementor-section-column-vertical-align-stretch\" data-id=\"3353bc8\" data-element_type=\"section\" data-e-type=\"section\">\n\t\t\t\t\t\t<div class=\"elementor-container elementor-column-gap-extended\">\n\t\t\t\t\t<div class=\"elementor-column elementor-col-100 elementor-top-column elementor-element elementor-element-0a2bc64\" data-id=\"0a2bc64\" data-element_type=\"column\" data-e-type=\"column\">\n\t\t\t<div class=\"elementor-widget-wrap elementor-element-populated\">\n\t\t\t\t\t\t<div class=\"elementor-element elementor-element-447e3ef elementor-widget__width-initial elementor-invisible elementor-widget elementor-widget-text-editor\" data-id=\"447e3ef\" data-element_type=\"widget\" data-e-type=\"widget\" data-settings=\"{&quot;_animation&quot;:&quot;nussFadeInUp&quot;}\" data-widget_type=\"text-editor.default\">\n\t\t\t\t\t\t\t\t\t<p>Nous faisons de notre mieux pour offrir \u00e0 tous nos clients les services et installations n\u00e9cessaires pour rendre leur s\u00e9jour m\u00e9morable.<\/p>\t\t\t\t\t\t\t\t<\/div>\n\t\t\t\t\t<\/div>\n\t\t<\/div>\n\t\t\t\t\t<\/div>\n\t\t<\/section>\n\t\t<div class=\"elementor-element elementor-element-f1219df e-flex e-con-boxed e-con e-parent\" data-id=\"f1219df\" data-element_type=\"container\" data-e-type=\"container\">\n\t\t\t\t\t<div class=\"e-con-inner\">\n\t\t\t\t<div class=\"elementor-element elementor-element-0d76ea7 elementor-widget elementor-widget-text-editor\" data-id=\"0d76ea7\" data-element_type=\"widget\" data-e-type=\"widget\" data-widget_type=\"text-editor.default\">\n\t\t\t\t\t\t\t\t\t<p data-spm-anchor-id=\"a2ty_o01.29997173.0.i47.3db3c921hBvKzf\">\u00c0 <strong>H\u00f4tel Zhong&#039;an de P\u00e9kin<\/strong>, situ\u00e9 dans le quartier historique <strong>Hutong Dayangmao<\/strong> \u00e0 <strong>N\u00b0 6 Kuijiachang, rue Est de la gare de P\u00e9kin, district de Dongcheng, P\u00e9kin, 100005<\/strong>Nous pensons que la v\u00e9ritable hospitalit\u00e9 ne se mesure pas aux grands gestes, mais aux d\u00e9tails discrets et attentionn\u00e9s qui rendent le voyage du voyageur plus agr\u00e9able, plus s\u00fbr et plus enrichissant. Notre emplacement charmant, \u00e0 seulement quelques minutes \u00e0 pied <strong>\u00c0 5 minutes \u00e0 pied de la gare de P\u00e9kin<\/strong>\u2014offre une commodit\u00e9 in\u00e9gal\u00e9e, c&#039;est notre <strong>gamme compl\u00e8te de services pratiques, fiables et personnalis\u00e9s<\/strong> qui transforme une simple nuit\u00e9e en une exp\u00e9rience v\u00e9ritablement r\u00e9confortante.<\/p><div class=\"my-2\">\u00a0<\/div><p>Nous comprenons que nos clients viennent de tous les horizons\u00a0: voyageurs internationaux d\u00e9couvrant la Chine, familles partant \u00e0 l&#039;aventure \u00e0 travers le pays, professionnels prenant le train t\u00f4t le matin ou explorateurs solitaires en qu\u00eate d&#039;un aper\u00e7u authentique de la vie p\u00e9kinoise. C&#039;est pourquoi nos services sont con\u00e7us non pas pour le spectacle, mais pour <strong>besoins du monde r\u00e9el<\/strong>\u2014en veillant \u00e0 ce que chaque invit\u00e9 se sente accueilli, soutenu et \u00e0 l\u2019aise d\u00e8s son arriv\u00e9e.<\/p><div class=\"my-2\">\u00a0<\/div><h3>R\u00e9ception 24h\/24 et assistance personnalis\u00e9e aux clients<\/h3><p>Notre <strong>R\u00e9ception ouverte 24h\/24<\/strong> est le c\u0153ur battant de l&#039;h\u00f4tel. Notre \u00e9quipe multilingue, disponible 24h\/24 et 7j\/7 (parlant couramment <strong>Mandarin et anglais de base<\/strong>(avec des applications de traduction \u00e0 disposition) est toujours pr\u00eat \u00e0 vous aider. Que vous arriviez \u00e0 3 heures du matin apr\u00e8s un retard de train ou que vous ayez besoin d&#039;aide pour imprimer votre itin\u00e9raire de vol du lendemain, nous sommes l\u00e0 pour vous.<\/p><div class=\"my-2\">\u00a0<\/div><p>Notre \u00e9quipe va au-del\u00e0 de l&#039;enregistrement et du d\u00e9part. Nous sommes heureux de\u00a0:<\/p><ul><li><strong>Appelez un taxi ou Didi (Uber chinois)<\/strong> pour votre prochaine destination.<\/li><li><strong>Fournir des cartes dessin\u00e9es \u00e0 la main<\/strong> et un guidage en m\u00e9tro vers la Cit\u00e9 interdite, la place Tiananmen ou Wangfujing.<\/li><li><strong>Recommander des restaurants locaux authentiques<\/strong> \u00e0 quelques pas de l&#039;h\u00f4tel, de la vapeur <em>jianbing<\/em> Des stands de cr\u00eapes chinoises aux restaurants de nouilles chaleureux.<\/li><li><strong>Assistance avec les bagages<\/strong> pour les clients avec des bagages lourds ou des correspondances serr\u00e9es.<\/li><\/ul><div class=\"my-2\">\u00a0<\/div><h3>Arriv\u00e9e et d\u00e9part en toute transparence gr\u00e2ce aux services de bagages<\/h3><p>Voyager dans l&#039;un des p\u00f4les ferroviaires les plus fr\u00e9quent\u00e9s d&#039;Asie peut \u00eatre stressant. C&#039;est pourquoi nous vous proposons <strong>consigne \u00e0 bagages gratuite<\/strong> Avant l&#039;enregistrement et apr\u00e8s le d\u00e9part. Vous arrivez plusieurs heures avant que votre chambre soit pr\u00eate\u00a0? Confiez-nous vos bagages en toute s\u00e9curit\u00e9, explorez P\u00e9kin et revenez quand vous le souhaitez. Ce service est particuli\u00e8rement utile pour les clients en correspondance entre deux trains \u00e0 grande vitesse ou qui pr\u00e9parent un d\u00e9part tard le soir.<\/p><div class=\"my-2\">\u00a0<\/div><h3>H\u00e9bergement confortable et bien entretenu avec \u00e9quipements essentiels<\/h3><p>Chaque chambre de l&#039;h\u00f4tel Zhong&#039;an est con\u00e7ue avec <strong>confort pratique<\/strong> Nous accordons la priorit\u00e9 \u00e0 la propret\u00e9, au calme et \u00e0 la fonctionnalit\u00e9, des besoins essentiels pour tout voyageur. Nos services garantissent que votre chambre sera un v\u00e9ritable havre de paix\u00a0:<\/p><ul><li><strong>M\u00e9nage quotidien<\/strong> pour garder votre espace frais et bien rang\u00e9.<\/li><li><strong>Salles de bains privatives<\/strong> dans chaque chambre, \u00e9quip\u00e9e d&#039;eau chaude, de serviettes et d&#039;articles de toilette essentiels.<\/li><li><strong>Climatisation et chauffage d&#039;hiver fiables<\/strong> pour un confort toute l&#039;ann\u00e9e, quelle que soit la saison.<\/li><li><strong>Wi-Fi haut d\u00e9bit gratuit<\/strong> dans tout l&#039;h\u00f4tel, pour que vous puissiez rester connect\u00e9, consulter vos e-mails ou partager votre voyage avec vos proches.<\/li><\/ul><div class=\"my-2\">\u00a0<\/div><h3>Soutien aux voyageurs modernes<\/h3><p>Nous comprenons les besoins des voyageurs internationaux d&#039;aujourd&#039;hui. C&#039;est pourquoi nous proposons\u00a0:<\/p><ul><li><strong>Plusieurs options de paiement<\/strong>: Nous acceptons <strong>Visa, Mastercard, UnionPay, WeChat Pay et Alipay<\/strong>, facilitant les transactions, que vous soyez de l&#039;\u00e9tranger ou en voyage \u00e0 l&#039;int\u00e9rieur du pays.<\/li><li><strong>Compatibilit\u00e9 de r\u00e9servation en ligne<\/strong>:R\u00e9servez votre s\u00e9jour en toute transparence via les principales plateformes comme <strong>Trip.com, Booking.com, Ctrip et Agoda<\/strong>, ou r\u00e9servez directement avec nous par t\u00e9l\u00e9phone.<\/li><li><strong>Petit-d\u00e9jeuner simple de style chinois<\/strong> (disponible moyennant un suppl\u00e9ment), compos\u00e9 de congee, de petits pains cuits \u00e0 la vapeur, d&#039;\u0153ufs et de l\u00e9gumes marin\u00e9s, le carburant id\u00e9al pour une journ\u00e9e d&#039;exploration.<\/li><\/ul><div class=\"my-2\">\u00a0<\/div><h3>Un environnement s\u00fbr, accessible et r\u00e9fl\u00e9chi<\/h3><p>Votre s\u00e9curit\u00e9 et votre tranquillit\u00e9 d&#039;esprit sont primordiales. <strong>Le district de Dongcheng est bien \u00e9clair\u00e9 et s\u00e9curis\u00e9<\/strong>, et notre emplacement dans un hutong, bien que traditionnel, est un <strong>quartier r\u00e9sidentiel et calme<\/strong> Avec une pr\u00e9sence locale active et des patrouilles de s\u00e9curit\u00e9. L&#039;h\u00f4tel lui-m\u00eame est bien entretenu, avec du personnel toujours pr\u00e9sent sur place.<\/p><div class=\"my-2\">\u00a0<\/div><p>Bien que nous regrettions que notre cadre traditionnel de hutong, avec ses ruelles \u00e9troites et ses escaliers,<strong>n&#039;est pas accessible aux fauteuils roulants<\/strong>, nous encourageons les clients ayant des besoins de mobilit\u00e9 particuliers \u00e0 nous contacter \u00e0 l&#039;avance afin que nous puissions faire de notre mieux pour les aider et les guider.<\/p><div class=\"my-2\">\u00a0<\/div><h3>Plus qu&#039;un h\u00f4tel \u2013 Un compagnon de voyage de confiance<\/h3><p>\u00c0 l&#039;h\u00f4tel Beijing Zhong&#039;an, nos services ne sont pas seulement une liste de contr\u00f4le, ils sont l&#039;expression de notre engagement envers <strong>une hospitalit\u00e9 authentique et centr\u00e9e sur l&#039;humain<\/strong>Nous n\u2019avons peut-\u00eatre pas de piscine ni de grand hall d\u2019entr\u00e9e, mais ce que nous offrons est bien plus pr\u00e9cieux : <strong>fiabilit\u00e9, gentillesse et un r\u00e9el d\u00e9sir de vous aider \u00e0 r\u00e9ussir votre parcours<\/strong>.<\/p><div class=\"my-2\">\u00a0<\/div><p>D\u00e8s l&#039;instant o\u00f9 vous entrez dans notre ruelle tranquille jusqu&#039;\u00e0 l&#039;accueil chaleureux \u00ab<em>z\u00e0iji\u00e0n<\/em>\u00ab (au revoir) alors que vous vous dirigez vers votre prochaine destination, nous sommes l\u00e0 pour rendre votre s\u00e9jour \u00e0 P\u00e9kin non seulement pratique, mais <strong>vraiment confortable et m\u00e9morable<\/strong>.<\/p><div class=\"my-2\">\u00a0<\/div><div class=\"py-2 my-3\"><hr \/><\/div><div class=\"my-2\">\u00a0<\/div><p><strong>D\u00e9couvrez la diff\u00e9rence d&#039;un service attentionn\u00e9<\/strong><br \/>\ud83d\udccd <strong>H\u00f4tel Zhong&#039;an de P\u00e9kin<\/strong><br \/>No. 6 Kuijiachang, Dayangmao Hutong, rue Est de la gare de P\u00e9kin, district de Dongcheng, P\u00e9kin, 100005<br \/>\ud83d\udcde +86 10 6522 1122 | \ud83c\udf10 <a href=\"https:\/\/zhonganhotel.com\/fr\/\" target=\"_blank\" rel=\"nofollow noopener\">www.zhonganhotel.com <\/a><\/p><div class=\"my-2\">\u00a0<\/div><p data-spm-anchor-id=\"a2ty_o01.29997173.0.i48.3db3c921hBvKzf\"><em>Votre exp\u00e9rience authentique \u00e0 P\u00e9kin commence par le soin.<\/em> \ud83c\udfee\ud83e\uddf3\u2764\ufe0f<\/p>\t\t\t\t\t\t\t\t<\/div>\n\t\t\t\t\t<\/div>\n\t\t\t\t<\/div>\n\t\t\t\t<\/div>","protected":false},"excerpt":{"rendered":"<p>We do our best to offer all our guests the services and facilities to make their stay a memorable one. At Beijing Zhong\u2019an Hotel, located in the historic Dayangmao Hutong at No. 6 Kuijiachang, Beijing Station East Street, Dongcheng District, Beijing, 100005, we believe that true hospitality isn\u2019t measured by grand gestures, but by the [&hellip;]<\/p>\n","protected":false},"author":1,"featured_media":0,"parent":0,"menu_order":0,"comment_status":"closed","ping_status":"closed","template":"","meta":{"footnotes":""},"class_list":["post-647","page","type-page","status-publish","hentry","post-no-thumbnail"],"_links":{"self":[{"href":"https:\/\/zhonganhotel.com\/fr\/wp-json\/wp\/v2\/pages\/647","targetHints":{"allow":["GET"]}}],"collection":[{"href":"https:\/\/zhonganhotel.com\/fr\/wp-json\/wp\/v2\/pages"}],"about":[{"href":"https:\/\/zhonganhotel.com\/fr\/wp-json\/wp\/v2\/types\/page"}],"author":[{"embeddable":true,"href":"https:\/\/zhonganhotel.com\/fr\/wp-json\/wp\/v2\/users\/1"}],"replies":[{"embeddable":true,"href":"https:\/\/zhonganhotel.com\/fr\/wp-json\/wp\/v2\/comments?post=647"}],"version-history":[{"count":0,"href":"https:\/\/zhonganhotel.com\/fr\/wp-json\/wp\/v2\/pages\/647\/revisions"}],"wp:attachment":[{"href":"https:\/\/zhonganhotel.com\/fr\/wp-json\/wp\/v2\/media?parent=647"}],"curies":[{"name":"wp","href":"https:\/\/api.w.org\/{rel}","templated":true}]}}