{"id":2103,"date":"2021-03-23T04:33:54","date_gmt":"2021-03-23T04:33:54","guid":{"rendered":"http:\/\/localhost\/nuss\/?page_id=103"},"modified":"2025-12-04T08:10:44","modified_gmt":"2025-12-04T08:10:44","slug":"chi-siamo","status":"publish","type":"page","link":"https:\/\/zhonganhotel.com\/it\/chi-siamo\/","title":{"rendered":"Chi siamo"},"content":{"rendered":"<div data-elementor-type=\"wp-page\" data-elementor-id=\"2103\" class=\"elementor elementor-2103\">\n\t\t\t\t\t\t<section class=\"elementor-section elementor-top-section elementor-element elementor-element-8f5bb9d elementor-section-boxed elementor-section-gap-beside-yes elementor-section-height-default elementor-section-height-default elementor-section-column-vertical-align-stretch\" data-id=\"8f5bb9d\" data-element_type=\"section\" data-e-type=\"section\">\n\t\t\t\t\t\t<div class=\"elementor-container elementor-column-gap-extended\">\n\t\t\t\t\t<div class=\"elementor-column elementor-col-100 elementor-top-column elementor-element elementor-element-7ec4215\" data-id=\"7ec4215\" data-element_type=\"column\" data-e-type=\"column\">\n\t\t\t<div class=\"elementor-widget-wrap elementor-element-populated\">\n\t\t\t\t\t\t<div class=\"elementor-element elementor-element-edd9d03 elementor-widget__width-initial elementor-invisible elementor-widget elementor-widget-text-editor\" data-id=\"edd9d03\" data-element_type=\"widget\" data-e-type=\"widget\" data-settings=\"{&quot;_animation&quot;:&quot;nussFadeInUp&quot;}\" data-widget_type=\"text-editor.default\">\n\t\t\t\t\t\t\t\t\t<p>La nostra storia \u00e8 semplice. Amiamo NUSS. I proprietari si sono sposati qui e generazioni della loro famiglia hanno vissuto e vivono ancora qui.<\/p>\t\t\t\t\t\t\t\t<\/div>\n\t\t\t\t\t<\/div>\n\t\t<\/div>\n\t\t\t\t\t<\/div>\n\t\t<\/section>\n\t\t\t\t<section class=\"elementor-section elementor-top-section elementor-element elementor-element-22f368b elementor-section-boxed elementor-section-gap-beside-yes elementor-section-height-default elementor-section-height-default elementor-section-column-vertical-align-stretch\" data-id=\"22f368b\" data-element_type=\"section\" data-e-type=\"section\">\n\t\t\t\t\t\t<div class=\"elementor-container elementor-column-gap-extended\">\n\t\t\t\t\t<div class=\"elementor-column elementor-col-50 elementor-top-column elementor-element elementor-element-cd50ecf\" data-id=\"cd50ecf\" data-element_type=\"column\" data-e-type=\"column\">\n\t\t\t<div class=\"elementor-widget-wrap elementor-element-populated\">\n\t\t\t\t\t\t<div class=\"elementor-element elementor-element-e8c92e2 elementor-invisible elementor-widget elementor-widget-text-editor\" data-id=\"e8c92e2\" data-element_type=\"widget\" data-e-type=\"widget\" data-settings=\"{&quot;_animation&quot;:&quot;nussFadeInUp&quot;}\" data-widget_type=\"text-editor.default\">\n\t\t\t\t\t\t\t\t\t<p data-spm-anchor-id=\"a2ty_o01.29997173.0.i11.3db3c921hBvKzf\">Immerso nel vibrante <strong>Distretto di Dongcheng<\/strong> di Pechino in un luogo privilegiato e storicamente ricco\u2014<strong>No. 6 Kuijiachang, Dayangmao Hutong, Beijing Station East Street, Pechino, 100005, Cina<\/strong>-IL <strong>Hotel Zhong&#039;an di Pechino<\/strong> offre ai viaggiatori una rara miscela di <strong>fascino autentico, comfort moderno e convenienza imbattibile<\/strong>Pi\u00f9 di un semplice posto dove riposare la testa, questo hotel progettato con cura \u00e8 la base ideale per esploratori, professionisti e appassionati di cultura desiderosi di sperimentare il <strong>la vera essenza di Pechino<\/strong>, dove le antiche tradizioni incontrano la vita cittadina contemporanea.<\/p>\t\t\t\t\t\t\t\t<\/div>\n\t\t\t\t\t<\/div>\n\t\t<\/div>\n\t\t\t\t<div class=\"elementor-column elementor-col-50 elementor-top-column elementor-element elementor-element-414be75\" data-id=\"414be75\" data-element_type=\"column\" data-e-type=\"column\">\n\t\t\t<div class=\"elementor-widget-wrap elementor-element-populated\">\n\t\t\t\t\t\t<div class=\"elementor-element elementor-element-73d6bb9 elementor-widget elementor-widget-image\" data-id=\"73d6bb9\" data-element_type=\"widget\" data-e-type=\"widget\" data-widget_type=\"image.default\">\n\t\t\t\t\t\t\t\t\t\t\t\t\t\t\t<img fetchpriority=\"high\" decoding=\"async\" width=\"639\" height=\"853\" src=\"https:\/\/zhonganhotel.com\/wp-content\/uploads\/2025\/08\/Beijing-Zhongan-Hotel-109.webp\" class=\"attachment-large size-large wp-image-5550\" alt=\"\" srcset=\"https:\/\/zhonganhotel.com\/wp-content\/uploads\/2025\/08\/Beijing-Zhongan-Hotel-109.webp 639w, https:\/\/zhonganhotel.com\/wp-content\/uploads\/2025\/08\/Beijing-Zhongan-Hotel-109-225x300.webp 225w, https:\/\/zhonganhotel.com\/wp-content\/uploads\/2025\/08\/Beijing-Zhongan-Hotel-109-9x12.webp 9w\" sizes=\"(max-width: 639px) 100vw, 639px\" \/>\t\t\t\t\t\t\t\t\t\t\t\t\t\t\t<\/div>\n\t\t\t\t\t<\/div>\n\t\t<\/div>\n\t\t\t\t\t<\/div>\n\t\t<\/section>\n\t\t\t\t<section class=\"elementor-section elementor-top-section elementor-element elementor-element-2393bc4 elementor-section-height-min-height elementor-section-stretched elementor-section-full_width elementor-section-items-stretch elementor-section-height-default elementor-section-column-vertical-align-stretch\" data-id=\"2393bc4\" data-element_type=\"section\" data-e-type=\"section\" data-settings=\"{&quot;stretch_section&quot;:&quot;section-stretched&quot;}\">\n\t\t\t\t\t\t<div class=\"elementor-container elementor-column-gap-no\">\n\t\t\t\t\t<div class=\"elementor-column elementor-col-50 elementor-top-column elementor-element elementor-element-41b487e\" data-id=\"41b487e\" data-element_type=\"column\" data-e-type=\"column\">\n\t\t\t<div class=\"elementor-widget-wrap elementor-element-populated\">\n\t\t\t\t\t\t<div class=\"elementor-element elementor-element-d12a3c0 elementor-widget__width-initial elementor-widget-mobile__width-inherit elementor-invisible nuss-elementor-loading nuss-slide-in-right elementor-widget elementor-widget-image\" data-id=\"d12a3c0\" data-element_type=\"widget\" data-e-type=\"widget\" data-settings=\"{&quot;_animation&quot;:&quot;nussSlideInRight&quot;}\" data-widget_type=\"image.default\">\n\t\t\t\t\t\t\t\t\t\t\t\t\t\t\t<img decoding=\"async\" width=\"1254\" height=\"853\" src=\"https:\/\/zhonganhotel.com\/wp-content\/uploads\/2025\/08\/Beijing-Zhongan-Hotel-100.webp\" class=\"attachment-full size-full wp-image-5541\" alt=\"\" srcset=\"https:\/\/zhonganhotel.com\/wp-content\/uploads\/2025\/08\/Beijing-Zhongan-Hotel-100.webp 1254w, https:\/\/zhonganhotel.com\/wp-content\/uploads\/2025\/08\/Beijing-Zhongan-Hotel-100-300x204.webp 300w, https:\/\/zhonganhotel.com\/wp-content\/uploads\/2025\/08\/Beijing-Zhongan-Hotel-100-1024x697.webp 1024w, https:\/\/zhonganhotel.com\/wp-content\/uploads\/2025\/08\/Beijing-Zhongan-Hotel-100-768x522.webp 768w, https:\/\/zhonganhotel.com\/wp-content\/uploads\/2025\/08\/Beijing-Zhongan-Hotel-100-18x12.webp 18w\" sizes=\"(max-width: 1254px) 100vw, 1254px\" \/>\t\t\t\t\t\t\t\t\t\t\t\t\t\t\t<\/div>\n\t\t\t\t\t<\/div>\n\t\t<\/div>\n\t\t\t\t<div class=\"elementor-column elementor-col-50 elementor-top-column elementor-element elementor-element-281747b\" data-id=\"281747b\" data-element_type=\"column\" data-e-type=\"column\">\n\t\t\t<div class=\"elementor-widget-wrap elementor-element-populated\">\n\t\t\t\t\t\t<div class=\"elementor-element elementor-element-2ba7908 elementor-invisible elementor-widget elementor-widget-text-editor\" data-id=\"2ba7908\" data-element_type=\"widget\" data-e-type=\"widget\" data-settings=\"{&quot;_animation&quot;:&quot;nussFadeInUp&quot;}\" data-widget_type=\"text-editor.default\">\n\t\t\t\t\t\t\t\t\t<p data-spm-anchor-id=\"a2ty_o01.29997173.0.i13.3db3c921hBvKzf\">Situato a pochi passi da <strong>Stazione ferroviaria di Pechino<\/strong>Situato a Shanghai, uno degli snodi di trasporto pi\u00f9 importanti della citt\u00e0, lo Zhong&#039;an Hotel \u00e8 la scelta ideale per i viaggiatori nazionali e internazionali che cercano una connettivit\u00e0 impeccabile. Che arriviate da Shanghai con un treno ad alta velocit\u00e0 G, siate in trasferimento dall&#039;aeroporto con l&#039;Airport Express o stiate iniziando un viaggio multi-citt\u00e0 in Cina, l&#039;hotel <strong>vicinanza alle principali vie di transito<\/strong> assicura che la tua avventura inizi senza intoppi e senza stress.<\/p><div class=\"my-2\">\u00a0<\/div><p data-spm-anchor-id=\"a2ty_o01.29997173.0.i15.3db3c921hBvKzf\">Ma ci\u00f2 che veramente distingue il Beijing Zhong&#039;an Hotel \u00e8 il suo <strong>posizione unica all&#039;interno di un tradizionale hutong di Pechino<\/strong>\u2014una rete di vicoli stretti e tortuosi che hanno ospitato generazioni di abitanti del posto e raccontano le storie tranquille e intime del passato della citt\u00e0. Varcando l&#039;ingresso dell&#039;hotel, non si entra semplicemente in una stanza, ma si entra in un pezzo vivo del tessuto culturale di Pechino. I dintorni <strong>Dayangmao Hutong<\/strong> fonde l&#039;architettura secolare con l&#039;energia urbana moderna, offrendo agli ospiti la possibilit\u00e0 di sperimentare <strong>vita locale oltre i sentieri turistici<\/strong>Sorseggiate il t\u00e8 mattutino in una bancarella del quartiere, osservate gli anziani giocare a scacchi negli angoli dei cortili o passeggiate lungo i cancelli laccati di rosso che sussurrano storie della Pechino dell&#039;epoca imperiale.<\/p>\t\t\t\t\t\t\t\t<\/div>\n\t\t\t\t\t<\/div>\n\t\t<\/div>\n\t\t\t\t\t<\/div>\n\t\t<\/section>\n\t\t\t\t<section class=\"elementor-section elementor-top-section elementor-element elementor-element-c776481 elementor-section-height-min-height elementor-section-stretched elementor-section-full_width elementor-section-items-stretch elementor-section-height-default elementor-section-column-vertical-align-stretch\" data-id=\"c776481\" data-element_type=\"section\" data-e-type=\"section\" data-settings=\"{&quot;stretch_section&quot;:&quot;section-stretched&quot;}\">\n\t\t\t\t\t\t<div class=\"elementor-container elementor-column-gap-no\">\n\t\t\t\t\t<div class=\"elementor-column elementor-col-50 elementor-top-column elementor-element elementor-element-5b7c927\" data-id=\"5b7c927\" data-element_type=\"column\" data-e-type=\"column\">\n\t\t\t<div class=\"elementor-widget-wrap elementor-element-populated\">\n\t\t\t\t\t\t<div class=\"elementor-element elementor-element-831e36f elementor-widget__width-initial elementor-widget-mobile__width-inherit elementor-invisible nuss-elementor-loading nuss-slide-in-right elementor-widget elementor-widget-image\" data-id=\"831e36f\" data-element_type=\"widget\" data-e-type=\"widget\" data-settings=\"{&quot;_animation&quot;:&quot;nussSlideInRight&quot;}\" data-widget_type=\"image.default\">\n\t\t\t\t\t\t\t\t\t\t\t\t\t\t\t<img decoding=\"async\" width=\"1006\" height=\"724\" src=\"https:\/\/zhonganhotel.com\/wp-content\/uploads\/2025\/08\/Beijing-Zhongan-Hotel-22.webp\" class=\"attachment-full size-full wp-image-5463\" alt=\"\" srcset=\"https:\/\/zhonganhotel.com\/wp-content\/uploads\/2025\/08\/Beijing-Zhongan-Hotel-22.webp 1006w, https:\/\/zhonganhotel.com\/wp-content\/uploads\/2025\/08\/Beijing-Zhongan-Hotel-22-300x216.webp 300w, https:\/\/zhonganhotel.com\/wp-content\/uploads\/2025\/08\/Beijing-Zhongan-Hotel-22-768x553.webp 768w, https:\/\/zhonganhotel.com\/wp-content\/uploads\/2025\/08\/Beijing-Zhongan-Hotel-22-18x12.webp 18w\" sizes=\"(max-width: 1006px) 100vw, 1006px\" \/>\t\t\t\t\t\t\t\t\t\t\t\t\t\t\t<\/div>\n\t\t\t\t\t<\/div>\n\t\t<\/div>\n\t\t\t\t<div class=\"elementor-column elementor-col-50 elementor-top-column elementor-element elementor-element-e938469\" data-id=\"e938469\" data-element_type=\"column\" data-e-type=\"column\">\n\t\t\t<div class=\"elementor-widget-wrap elementor-element-populated\">\n\t\t\t\t\t\t<div class=\"elementor-element elementor-element-d815c08 elementor-invisible elementor-widget elementor-widget-text-editor\" data-id=\"d815c08\" data-element_type=\"widget\" data-e-type=\"widget\" data-settings=\"{&quot;_animation&quot;:&quot;nussFadeInUp&quot;}\" data-widget_type=\"text-editor.default\">\n\t\t\t\t\t\t\t\t\t<p data-spm-anchor-id=\"a2ty_o01.29997173.0.i16.3db3c921hBvKzf\">Nonostante la sua tranquilla posizione residenziale, l&#039;hotel \u00e8 <strong>sorprendentemente vicino ai monumenti pi\u00f9 iconici di Pechino<\/strong>Con una breve passeggiata o un breve viaggio in metropolitana, puoi esplorare:<\/p><ul><li><strong>Piazza Tienanmen<\/strong> (3 km) \u2013 La piazza pubblica pi\u00f9 grande del mondo e simbolo della Cina moderna<\/li><li data-spm-anchor-id=\"a2ty_o01.29997173.0.i17.3db3c921hBvKzf\"><strong>La Citt\u00e0 Proibita<\/strong> (3,5 km) \u2013 Il maestoso palazzo imperiale delle dinastie Ming e Qing<\/li><li><strong>Via Wangfujing<\/strong> (2,5 km) \u2013 Una vivace destinazione per lo shopping e la ristorazione<\/li><li><strong>Tempio del Cielo<\/strong> (6 km) \u2013 Un sereno sito patrimonio mondiale dell&#039;UNESCO<\/li><li><strong>Parco Jingshan<\/strong> (3,8 km) \u2013 Offre viste panoramiche sullo skyline della citt\u00e0<\/li><\/ul>\t\t\t\t\t\t\t\t<\/div>\n\t\t\t\t\t<\/div>\n\t\t<\/div>\n\t\t\t\t\t<\/div>\n\t\t<\/section>\n\t\t\t\t<section class=\"elementor-section elementor-top-section elementor-element elementor-element-203c19a elementor-section-height-min-height elementor-section-stretched elementor-section-full_width elementor-section-items-stretch elementor-section-height-default elementor-section-column-vertical-align-stretch\" data-id=\"203c19a\" data-element_type=\"section\" data-e-type=\"section\" data-settings=\"{&quot;stretch_section&quot;:&quot;section-stretched&quot;}\">\n\t\t\t\t\t\t<div class=\"elementor-container elementor-column-gap-no\">\n\t\t\t\t\t<div class=\"elementor-column elementor-col-50 elementor-top-column elementor-element elementor-element-a79002e\" data-id=\"a79002e\" data-element_type=\"column\" data-e-type=\"column\">\n\t\t\t<div class=\"elementor-widget-wrap elementor-element-populated\">\n\t\t\t\t\t\t<div class=\"elementor-element elementor-element-53fa3e9 elementor-widget__width-initial elementor-widget-mobile__width-inherit elementor-invisible nuss-elementor-loading nuss-slide-in-right elementor-widget elementor-widget-image\" data-id=\"53fa3e9\" data-element_type=\"widget\" data-e-type=\"widget\" data-settings=\"{&quot;_animation&quot;:&quot;nussSlideInRight&quot;}\" data-widget_type=\"image.default\">\n\t\t\t\t\t\t\t\t\t\t\t\t\t\t\t<img loading=\"lazy\" decoding=\"async\" width=\"1280\" height=\"853\" src=\"https:\/\/zhonganhotel.com\/wp-content\/uploads\/2025\/08\/Beijing-Zhongan-Hotel-57.webp\" class=\"attachment-full size-full wp-image-5498\" alt=\"\" srcset=\"https:\/\/zhonganhotel.com\/wp-content\/uploads\/2025\/08\/Beijing-Zhongan-Hotel-57.webp 1280w, https:\/\/zhonganhotel.com\/wp-content\/uploads\/2025\/08\/Beijing-Zhongan-Hotel-57-300x200.webp 300w, https:\/\/zhonganhotel.com\/wp-content\/uploads\/2025\/08\/Beijing-Zhongan-Hotel-57-1024x682.webp 1024w, https:\/\/zhonganhotel.com\/wp-content\/uploads\/2025\/08\/Beijing-Zhongan-Hotel-57-768x512.webp 768w, https:\/\/zhonganhotel.com\/wp-content\/uploads\/2025\/08\/Beijing-Zhongan-Hotel-57-18x12.webp 18w\" sizes=\"(max-width: 1280px) 100vw, 1280px\" \/>\t\t\t\t\t\t\t\t\t\t\t\t\t\t\t<\/div>\n\t\t\t\t\t<\/div>\n\t\t<\/div>\n\t\t\t\t<div class=\"elementor-column elementor-col-50 elementor-top-column elementor-element elementor-element-fb99c04\" data-id=\"fb99c04\" data-element_type=\"column\" data-e-type=\"column\">\n\t\t\t<div class=\"elementor-widget-wrap elementor-element-populated\">\n\t\t\t\t\t\t<div class=\"elementor-element elementor-element-5616244 elementor-invisible elementor-widget elementor-widget-text-editor\" data-id=\"5616244\" data-element_type=\"widget\" data-e-type=\"widget\" data-settings=\"{&quot;_animation&quot;:&quot;nussFadeInUp&quot;}\" data-widget_type=\"text-editor.default\">\n\t\t\t\t\t\t\t\t\t<p>Il Beijing Zhong&#039;an Hotel combina <strong>praticit\u00e0 con fascino<\/strong>, offre camere pulite e ben arredate, dotate di comfort moderni come Wi-Fi ad alta velocit\u00e0, aria condizionata, bagno privato e biancheria da letto confortevole, per garantire un soggiorno riposante dopo una giornata di esplorazione. Dettagli premurosi come la reception aperta 24 ore su 24, il deposito bagagli e il personale multilingue faranno sentire ogni ospite benvenuto, che siate in viaggio per affari, per piacere o per piacere.<\/p><div class=\"my-2\">\u00a0<\/div><p>Per il viaggiatore amante del cibo, la zona intorno all&#039;hotel \u00e8 un <strong>gioiello culinario nascosto<\/strong>. Dalle ciotole fumanti di <em>jianbing<\/em> (crepes cinesi) all&#039;alba fino a tarda notte spiedini di <em>yangrou chuan<\/em> (agnello alla griglia), la scena del cibo di strada locale offre una deliziosa finestra sui sapori quotidiani di Pechino. Accogliente <em>xiaochi<\/em> bancarelle (di snack) e a conduzione familiare <em>stile diner<\/em> i ristoranti servono classici come <em>zhajiangmian<\/em> (tagliatelle con salsa di fagioli fritti) e <em>baozi<\/em> (panini al vapore), a pochi minuti da casa tua.<\/p>\t\t\t\t\t\t\t\t<\/div>\n\t\t\t\t\t<\/div>\n\t\t<\/div>\n\t\t\t\t\t<\/div>\n\t\t<\/section>\n\t\t\t\t<section class=\"elementor-section elementor-top-section elementor-element elementor-element-64a434c elementor-section-height-min-height elementor-section-stretched elementor-section-full_width elementor-section-items-stretch elementor-section-height-default elementor-section-column-vertical-align-stretch\" data-id=\"64a434c\" data-element_type=\"section\" data-e-type=\"section\" data-settings=\"{&quot;stretch_section&quot;:&quot;section-stretched&quot;}\">\n\t\t\t\t\t\t<div class=\"elementor-container elementor-column-gap-no\">\n\t\t\t\t\t<div class=\"elementor-column elementor-col-50 elementor-top-column elementor-element elementor-element-a04266b\" data-id=\"a04266b\" data-element_type=\"column\" data-e-type=\"column\">\n\t\t\t<div class=\"elementor-widget-wrap elementor-element-populated\">\n\t\t\t\t\t\t<div class=\"elementor-element elementor-element-1acd728 elementor-widget__width-initial elementor-widget-mobile__width-inherit elementor-invisible nuss-elementor-loading nuss-slide-in-right elementor-widget elementor-widget-image\" data-id=\"1acd728\" data-element_type=\"widget\" data-e-type=\"widget\" data-settings=\"{&quot;_animation&quot;:&quot;nussSlideInRight&quot;}\" data-widget_type=\"image.default\">\n\t\t\t\t\t\t\t\t\t\t\t\t\t\t\t<img loading=\"lazy\" decoding=\"async\" width=\"1280\" height=\"853\" src=\"https:\/\/zhonganhotel.com\/wp-content\/uploads\/2025\/08\/Beijing-Zhongan-Hotel-95.webp\" class=\"attachment-full size-full wp-image-5536\" alt=\"\" srcset=\"https:\/\/zhonganhotel.com\/wp-content\/uploads\/2025\/08\/Beijing-Zhongan-Hotel-95.webp 1280w, https:\/\/zhonganhotel.com\/wp-content\/uploads\/2025\/08\/Beijing-Zhongan-Hotel-95-300x200.webp 300w, https:\/\/zhonganhotel.com\/wp-content\/uploads\/2025\/08\/Beijing-Zhongan-Hotel-95-1024x682.webp 1024w, https:\/\/zhonganhotel.com\/wp-content\/uploads\/2025\/08\/Beijing-Zhongan-Hotel-95-768x512.webp 768w, https:\/\/zhonganhotel.com\/wp-content\/uploads\/2025\/08\/Beijing-Zhongan-Hotel-95-18x12.webp 18w\" sizes=\"(max-width: 1280px) 100vw, 1280px\" \/>\t\t\t\t\t\t\t\t\t\t\t\t\t\t\t<\/div>\n\t\t\t\t\t<\/div>\n\t\t<\/div>\n\t\t\t\t<div class=\"elementor-column elementor-col-50 elementor-top-column elementor-element elementor-element-63a6c8d\" data-id=\"63a6c8d\" data-element_type=\"column\" data-e-type=\"column\">\n\t\t\t<div class=\"elementor-widget-wrap elementor-element-populated\">\n\t\t\t\t\t\t<div class=\"elementor-element elementor-element-7239b78 elementor-invisible elementor-widget elementor-widget-text-editor\" data-id=\"7239b78\" data-element_type=\"widget\" data-e-type=\"widget\" data-settings=\"{&quot;_animation&quot;:&quot;nussFadeInUp&quot;}\" data-widget_type=\"text-editor.default\">\n\t\t\t\t\t\t\t\t\t<p data-spm-anchor-id=\"a2ty_o01.29997173.0.i19.3db3c921hBvKzf\">Progettato con entrambi <strong>comfort e cultura in mente<\/strong>, il Beijing Zhong&#039;an Hotel raggiunge il perfetto equilibrio tra accessibilit\u00e0 e autenticit\u00e0. Non \u00e8 un sterile hotel di catena in una torre di vetro: \u00e8 un <strong>esperienza locale con ospitalit\u00e0 globale<\/strong>, dove potrete svegliarvi con i suoni di un vero quartiere di Pechino e raggiungere comunque la Grande Sala del Popolo o il Museo Nazionale in 20 minuti.<\/p><div class=\"my-2\">\u00a0<\/div><p>Che tu sia un viaggiatore solitario con lo zaino in spalla, una famiglia in viaggio culturale o un viaggiatore d&#039;affari con un programma serrato, <strong>Hotel Zhong&#039;an di Pechino<\/strong> offre il trampolino di lancio ideale per la tua avventura a Pechino. Qui, non stai solo visitando la citt\u00e0, stai <strong>viverci<\/strong>, anche se solo per poche notti.<\/p><div class=\"my-2\">\u00a0<\/div><p>Scopri l&#039;anima di Pechino con la tranquillit\u00e0 che deriva dal soggiornare in un <strong>hotel affidabile, in posizione centrale e culturalmente immersivo<\/strong>Al Beijing Zhong&#039;an Hotel, ogni soggiorno \u00e8 pi\u00f9 di una semplice visita: \u00e8 un legame.<\/p>\t\t\t\t\t\t\t\t<\/div>\n\t\t\t\t\t<\/div>\n\t\t<\/div>\n\t\t\t\t\t<\/div>\n\t\t<\/section>\n\t\t\t\t<\/div>","protected":false},"excerpt":{"rendered":"<p>Our story is a simple one. We love NUSS. The owners were married here and generations of their family have lived and still live here. Nestled in the vibrant Dongcheng District of Beijing at a prime and historically rich address\u2014No. 6 Kuijiachang, Dayangmao Hutong, Beijing Station East Street, Beijing, 100005, China\u2014the Beijing Zhong&#8217;an Hotel offers [&hellip;]<\/p>\n","protected":false},"author":1,"featured_media":0,"parent":0,"menu_order":0,"comment_status":"closed","ping_status":"closed","template":"elementor_header_footer","meta":{"footnotes":""},"class_list":["post-2103","page","type-page","status-publish","hentry","post-no-thumbnail"],"_links":{"self":[{"href":"https:\/\/zhonganhotel.com\/it\/wp-json\/wp\/v2\/pages\/2103","targetHints":{"allow":["GET"]}}],"collection":[{"href":"https:\/\/zhonganhotel.com\/it\/wp-json\/wp\/v2\/pages"}],"about":[{"href":"https:\/\/zhonganhotel.com\/it\/wp-json\/wp\/v2\/types\/page"}],"author":[{"embeddable":true,"href":"https:\/\/zhonganhotel.com\/it\/wp-json\/wp\/v2\/users\/1"}],"replies":[{"embeddable":true,"href":"https:\/\/zhonganhotel.com\/it\/wp-json\/wp\/v2\/comments?post=2103"}],"version-history":[{"count":0,"href":"https:\/\/zhonganhotel.com\/it\/wp-json\/wp\/v2\/pages\/2103\/revisions"}],"wp:attachment":[{"href":"https:\/\/zhonganhotel.com\/it\/wp-json\/wp\/v2\/media?parent=2103"}],"curies":[{"name":"parola chiave","href":"https:\/\/api.w.org\/{rel}","templated":true}]}}