{"id":612,"date":"2021-03-26T10:04:13","date_gmt":"2021-03-26T10:04:13","guid":{"rendered":"http:\/\/localhost\/nuss\/?page_id=612"},"modified":"2025-12-04T08:11:34","modified_gmt":"2025-12-04T08:11:34","slug":"ristorante","status":"publish","type":"page","link":"https:\/\/zhonganhotel.com\/it\/ristorante\/","title":{"rendered":"Ristorante"},"content":{"rendered":"<div data-elementor-type=\"wp-page\" data-elementor-id=\"612\" class=\"elementor elementor-612\">\n\t\t\t\t\t\t<section class=\"elementor-section elementor-top-section elementor-element elementor-element-e2effe8 elementor-section-boxed elementor-section-gap-beside-yes elementor-section-height-default elementor-section-height-default elementor-section-column-vertical-align-stretch\" data-id=\"e2effe8\" data-element_type=\"section\" data-e-type=\"section\">\n\t\t\t\t\t\t<div class=\"elementor-container elementor-column-gap-extended\">\n\t\t\t\t\t<div class=\"elementor-column elementor-col-100 elementor-top-column elementor-element elementor-element-e18f688\" data-id=\"e18f688\" data-element_type=\"column\" data-e-type=\"column\">\n\t\t\t<div class=\"elementor-widget-wrap elementor-element-populated\">\n\t\t\t\t\t\t<div class=\"elementor-element elementor-element-6db146d elementor-widget__width-initial elementor-invisible elementor-widget elementor-widget-text-editor\" data-id=\"6db146d\" data-element_type=\"widget\" data-e-type=\"widget\" data-settings=\"{&quot;_animation&quot;:&quot;nussFadeInUp&quot;}\" data-widget_type=\"text-editor.default\">\n\t\t\t\t\t\t\t\t\t<p><strong data-spm-anchor-id=\"a2ty_o01.29997173.0.i43.3db3c921hBvKzf\">Scopri il sapore nel cuore di Pechino<\/strong><\/p>\t\t\t\t\t\t\t\t<\/div>\n\t\t\t\t\t<\/div>\n\t\t<\/div>\n\t\t\t\t\t<\/div>\n\t\t<\/section>\n\t\t<div class=\"elementor-element elementor-element-7fc824d e-flex e-con-boxed e-con e-parent\" data-id=\"7fc824d\" data-element_type=\"container\" data-e-type=\"container\">\n\t\t\t\t\t<div class=\"e-con-inner\">\n\t\t\t\t<div class=\"elementor-element elementor-element-4abd994 elementor-widget elementor-widget-nuss-image-gallery\" data-id=\"4abd994\" data-element_type=\"widget\" data-e-type=\"widget\" data-widget_type=\"nuss-image-gallery.default\">\n\t\t\t\t<div class=\"elementor-widget-container\">\n\t\t\t\t\t\t\t<div class=\"nuss-grid-wrapper\" data-grid=\"{&quot;type&quot;:&quot;grid&quot;,&quot;ratio&quot;:null,&quot;columns&quot;:3,&quot;gutter&quot;:30}\">\r\n\t\t\t<div class=\"nuss-grid lazy-grid\">\r\n\t\t\t\t<div class=\"grid-sizer\"><\/div>\r\n\r\n\t\t\t\t\t\t\t\t\t\t\t\t<div class=\"grid-item\">\r\n\t\t\t\t\t\t<div class=\"nuss-box\">\t\t<div class=\"nuss-image image\">\r\n\t\t\t<img decoding=\"async\"  src=\"https:\/\/zhonganhotel.com\/wp-content\/uploads\/2025\/08\/Beijing-Zhongan-Hotel-95.webp\" alt=\"Pechino Zhongan Hotel (95)\" \/>\t\t<\/div>\r\n\t\t\t\t<\/div>\t\t\t\t\t<\/div>\r\n\t\t\t\t\t\t<div class=\"grid-item\">\r\n\t\t\t\t\t\t<div class=\"nuss-box\">\t\t<div class=\"nuss-image image\">\r\n\t\t\t<img decoding=\"async\"  src=\"https:\/\/zhonganhotel.com\/wp-content\/uploads\/2025\/08\/Beijing-Zhongan-Hotel-96.webp\" alt=\"Pechino Zhongan Hotel (96)\" \/>\t\t<\/div>\r\n\t\t\t\t<\/div>\t\t\t\t\t<\/div>\r\n\t\t\t\t\t\t<div class=\"grid-item\">\r\n\t\t\t\t\t\t<div class=\"nuss-box\">\t\t<div class=\"nuss-image image\">\r\n\t\t\t<img decoding=\"async\"  src=\"https:\/\/zhonganhotel.com\/wp-content\/uploads\/2025\/08\/Beijing-Zhongan-Hotel-97.webp\" alt=\"Pechino Zhongan Hotel (97)\" \/>\t\t<\/div>\r\n\t\t\t\t<\/div>\t\t\t\t\t<\/div>\r\n\t\t\t\t\t\t<div class=\"grid-item\">\r\n\t\t\t\t\t\t<div class=\"nuss-box\">\t\t<div class=\"nuss-image image\">\r\n\t\t\t<img decoding=\"async\"  src=\"https:\/\/zhonganhotel.com\/wp-content\/uploads\/2025\/08\/Beijing-Zhongan-Hotel-98.webp\" alt=\"Pechino Zhongan Hotel (98)\" \/>\t\t<\/div>\r\n\t\t\t\t<\/div>\t\t\t\t\t<\/div>\r\n\t\t\t\t\t\t<div class=\"grid-item\">\r\n\t\t\t\t\t\t<div class=\"nuss-box\">\t\t<div class=\"nuss-image image\">\r\n\t\t\t<img decoding=\"async\"  src=\"https:\/\/zhonganhotel.com\/wp-content\/uploads\/2025\/08\/Beijing-Zhongan-Hotel-94.webp\" alt=\"Pechino Zhongan Hotel (94)\" \/>\t\t<\/div>\r\n\t\t\t\t<\/div>\t\t\t\t\t<\/div>\r\n\t\t\t\t\t\t<div class=\"grid-item\">\r\n\t\t\t\t\t\t<div class=\"nuss-box\">\t\t<div class=\"nuss-image image\">\r\n\t\t\t<img decoding=\"async\"  src=\"https:\/\/zhonganhotel.com\/wp-content\/uploads\/2025\/08\/Beijing-Zhongan-Hotel-93.webp\" alt=\"Pechino Zhongan Hotel (93)\" \/>\t\t<\/div>\r\n\t\t\t\t<\/div>\t\t\t\t\t<\/div>\r\n\t\t\t\t\t\t<div class=\"grid-item\">\r\n\t\t\t\t\t\t<div class=\"nuss-box\">\t\t<div class=\"nuss-image image\">\r\n\t\t\t<img decoding=\"async\"  src=\"https:\/\/zhonganhotel.com\/wp-content\/uploads\/2025\/08\/Beijing-Zhongan-Hotel-92.webp\" alt=\"Pechino Zhongan Hotel (92)\" \/>\t\t<\/div>\r\n\t\t\t\t<\/div>\t\t\t\t\t<\/div>\r\n\t\t\t\t\t\t<div class=\"grid-item\">\r\n\t\t\t\t\t\t<div class=\"nuss-box\">\t\t<div class=\"nuss-image image\">\r\n\t\t\t<img decoding=\"async\"  src=\"https:\/\/zhonganhotel.com\/wp-content\/uploads\/2025\/08\/Beijing-Zhongan-Hotel-91.webp\" alt=\"Pechino Zhongan Hotel (91)\" \/>\t\t<\/div>\r\n\t\t\t\t<\/div>\t\t\t\t\t<\/div>\r\n\t\t\t\t\t\t<div class=\"grid-item\">\r\n\t\t\t\t\t\t<div class=\"nuss-box\">\t\t<div class=\"nuss-image image\">\r\n\t\t\t<img decoding=\"async\"  src=\"https:\/\/zhonganhotel.com\/wp-content\/uploads\/2025\/08\/Beijing-Zhongan-Hotel-90.webp\" alt=\"Pechino Zhongan Hotel (90)\" \/>\t\t<\/div>\r\n\t\t\t\t<\/div>\t\t\t\t\t<\/div>\r\n\t\t\t\t\t\t<div class=\"grid-item\">\r\n\t\t\t\t\t\t<div class=\"nuss-box\">\t\t<div class=\"nuss-image image\">\r\n\t\t\t<img decoding=\"async\"  src=\"https:\/\/zhonganhotel.com\/wp-content\/uploads\/2025\/08\/Beijing-Zhongan-Hotel-86.webp\" alt=\"Pechino Zhongan Hotel (86)\" \/>\t\t<\/div>\r\n\t\t\t\t<\/div>\t\t\t\t\t<\/div>\r\n\t\t\t\t\t\t<div class=\"grid-item\">\r\n\t\t\t\t\t\t<div class=\"nuss-box\">\t\t<div class=\"nuss-image image\">\r\n\t\t\t<img decoding=\"async\"  src=\"https:\/\/zhonganhotel.com\/wp-content\/uploads\/2025\/08\/Beijing-Zhongan-Hotel-85.webp\" alt=\"Pechino Zhongan Hotel (85)\" \/>\t\t<\/div>\r\n\t\t\t\t<\/div>\t\t\t\t\t<\/div>\r\n\t\t\t\t\t\t<div class=\"grid-item\">\r\n\t\t\t\t\t\t<div class=\"nuss-box\">\t\t<div class=\"nuss-image image\">\r\n\t\t\t<img decoding=\"async\"  src=\"https:\/\/zhonganhotel.com\/wp-content\/uploads\/2025\/08\/Beijing-Zhongan-Hotel-84.webp\" alt=\"Pechino Zhongan Hotel (84)\" \/>\t\t<\/div>\r\n\t\t\t\t<\/div>\t\t\t\t\t<\/div>\r\n\t\t\t\t\t\t\t\r\n\t\t\t<\/div>\r\n\t\t<\/div>\r\n\t\t\t\t\t\t<\/div>\n\t\t\t\t<\/div>\n\t\t\t\t\t<\/div>\n\t\t\t\t<\/div>\n\t\t<div class=\"elementor-element elementor-element-751a088 e-flex e-con-boxed e-con e-parent\" data-id=\"751a088\" data-element_type=\"container\" data-e-type=\"container\">\n\t\t\t\t\t<div class=\"e-con-inner\">\n\t\t\t\t<div class=\"elementor-element elementor-element-a3cb669 elementor-widget elementor-widget-text-editor\" data-id=\"a3cb669\" data-element_type=\"widget\" data-e-type=\"widget\" data-widget_type=\"text-editor.default\">\n\t\t\t\t\t\t\t\t\t<p data-spm-anchor-id=\"a2ty_o01.29997173.0.i42.3db3c921hBvKzf\">Nascosto tra i vicoli storici di <strong>Dayangmao Hutong<\/strong> nel vivace quartiere Dongcheng di Pechino, il ristorante di <strong>Hotel Zhong&#039;an di Pechino<\/strong> offre pi\u00f9 di un semplice pasto: offre un assaggio autentico della ricca anima culinaria della capitale. Situato a <strong>No. 6 Kuijiachang, Beijing Station East Street, Pechino, 100005<\/strong>, il nostro spazio ristoro in loco \u00e8 un gioiello nascosto dove la tradizione incontra il comfort e ogni piatto racconta una storia di tradizione locale, ingredienti di stagione e la calda ospitalit\u00e0 che caratterizza la vera ospitalit\u00e0 di Pechino.<\/p><div class=\"my-2\">\u00a0<\/div><p>Progettato per completare l&#039;atmosfera intima e culturalmente radicata dell&#039;hotel, il nostro ristorante offre un <strong>rifugio accogliente e ospitale<\/strong> per viaggiatori, ospiti d&#039;affari e curiosi amanti del cibo. Che siate appena arrivati con un treno a lunga percorrenza nelle vicinanze <strong>Stazione ferroviaria di Pechino<\/strong> o se state tornando da una giornata trascorsa a esplorare la Citt\u00e0 Proibita e Piazza Tienanmen, il nostro ristorante vi invita a rallentare, assaporare e sperimentare i sapori della Cina settentrionale in un ambiente rilassato e senza pretese.<\/p><div class=\"my-2\">\u00a0<\/div><h3>Un assaggio dell&#039;autentica Pechino<\/h3><p>Il nostro men\u00f9 celebra il <strong>sapori classici della cucina di Pechino e della Cina settentrionale<\/strong>, realizzato con cura e autenticit\u00e0. Dal primo sorso di caldo <strong>t\u00e8 al gelsomino<\/strong> fino all&#039;ultimo morso della nostra firma <strong>zhajiangmian (noodles con salsa saporita di fagioli fritti)<\/strong>, ogni elemento \u00e8 progettato per riflettere la profondit\u00e0 e il calore della cucina cinese casalinga.<\/p><div class=\"my-2\">\u00a0<\/div><p>Inizia la tua giornata con un nutriente <strong>colazione in stile cinese<\/strong>, disponibili tutti i giorni e inclusi in pacchetti camera selezionati. Scegli tra una confortevole selezione di:<\/p><ul><li>Cottura a vapore <strong>congee<\/strong> con verdure sottaceto e uovo centenario<\/li><li>Appena cotto a vapore <strong>baozi<\/strong> (gnocchi) ripieni di maiale, verdure o fagioli rossi<\/li><li>Croccante <strong>tu tio<\/strong> (bastoncini di pasta fritti)<\/li><li>Morbido <strong>mantou<\/strong> (panini al vapore) con salse salate<\/li><\/ul><div class=\"my-2\">\u00a0<\/div><p>Per pranzo e cena, esplora il nostro <strong>men\u00f9 alla carta<\/strong>, con piatti casalinghi come:<\/p><ul><li><strong>Pollo Kung Pao<\/strong> \u2013 un perfetto equilibrio tra piccante, dolce e nocciolato<\/li><li><strong>Pancetta di maiale brasata (Hong Shao Rou)<\/strong> \u2013 una ricchezza tenera e che si scioglie in bocca<\/li><li><strong>Verdure di stagione saltate in padella<\/strong> \u2013 provenienti dai mercati locali per la massima freschezza<\/li><li><strong>Gnocchi fatti in casa<\/strong> \u2013 disponibile nelle varianti con maiale, erba cipollina e vegetariana<\/li><\/ul><div class=\"my-2\">\u00a0<\/div><p>Offriamo anche semplici <strong>Opzioni occidentali<\/strong> per gli ospiti internazionali, tra cui toast, uova e caff\u00e8, per garantire un pasto soddisfacente a prescindere dal palato.<\/p><div class=\"my-2\">\u00a0<\/div><h3>Pi\u00f9 di un semplice pasto: un&#039;esperienza culinaria<\/h3><p>Ci\u00f2 che distingue il nostro ristorante \u00e8 il suo <strong>autenticit\u00e0 e accessibilit\u00e0<\/strong>A differenza dei ristoranti turistici, cuciniamo per i nostri ospiti come farebbe una famiglia locale: semplice, saporito e preparato con cura. L&#039;ambiente aperto e la cordialit\u00e0 del personale incoraggiano la conversazione, rendendo facile fare domande, chiedere consigli o persino imparare qualche frase in cinese mandarino sulla cucina.<\/p><div class=\"my-2\">\u00a0<\/div><p>L&#039;atmosfera \u00e8 intenzionalmente <strong>tranquillo e calmante<\/strong>, un pacifico contrasto con l&#039;energia del centro di Pechino. Tavoli in legno, luci soffuse e delicati tocchi tradizionali creano uno spazio dove rilassarsi dopo un lungo viaggio o pianificare la prossima avventura sorseggiando una calda zuppa.<\/p><div class=\"my-2\">\u00a0<\/div><h3>Posizione perfetta per i viaggiatori<\/h3><p>La posizione del nostro ristorante, a solo un <strong>5 minuti a piedi dalla stazione ferroviaria di Pechino<\/strong>\u2014lo rende una scelta ideale per la ristorazione:<\/p><ul><li><strong>Partenze al mattino presto<\/strong>: Gustatevi una colazione calda e veloce prima del treno.<\/li><li><strong>Arrivi a tarda notte<\/strong>: Trova un pasto caldo quando gli altri ristoranti sono chiusi.<\/li><li><strong>Viaggiatori in transito<\/strong>: Deposita i bagagli in hotel e goditi uno spuntino rilassante tra una coincidenza e l&#039;altra.<\/li><\/ul><div class=\"my-2\">\u00a0<\/div><p>E poich\u00e9 comprendiamo le esigenze dei viaggiatori moderni, offriamo <strong>Wi-Fi ad alta velocit\u00e0 gratuito<\/strong>, ampi posti a sedere e personale multilingue pronto ad assistere con traduzioni o richieste dietetiche.<\/p><div class=\"my-2\">\u00a0<\/div><h3>Il nostro impegno per la qualit\u00e0 e il comfort<\/h3><p>Crediamo che il buon cibo sia la chiave di un soggiorno indimenticabile. Ecco perch\u00e9 diamo priorit\u00e0 a:<\/p><ul><li><strong>Ingredienti freschi e di provenienza locale<\/strong><\/li><li><strong>Pratiche di cucina pulite e igieniche<\/strong><\/li><li><strong>Prezzi accessibili<\/strong> senza compromettere la qualit\u00e0<\/li><li><strong>Servizio giornaliero<\/strong> dalla mattina presto alla sera<\/li><\/ul><div class=\"my-2\">\u00a0<\/div><p>Che tu stia soggiornando da noi o semplicemente di passaggio, il ristorante del Beijing Zhong&#039;an Hotel \u00e8 pi\u00f9 di una comodit\u00e0: \u00e8 un <strong>paradiso culinario<\/strong> nel cuore di uno dei quartieri pi\u00f9 storici della Cina.<\/p><div class=\"my-2\">\u00a0<\/div><div class=\"py-2 my-3\"><hr \/><\/div><div class=\"my-2\">\u00a0<\/div><p><strong>Vieni come viaggiatore e riparti con il sapore della vera Pechino sul palato.<\/strong><br \/>Presso il ristorante dello Zhong&#039;an Hotel, ogni pasto \u00e8 un passo pi\u00f9 in profondit\u00e0 nella cultura, nel comfort e nella comunit\u00e0 che rendono questa citt\u00e0 indimenticabile.<\/p><div class=\"my-2\">\u00a0<\/div><p>\ud83d\udccd <strong>Ristorante dell&#039;hotel Zhong&#039;an di Pechino<\/strong><br \/>No. 6 Kuijiachang, Dayangmao Hutong, Beijing Station East Street, Distretto Dongcheng, Pechino, 100005<br \/>\ud83d\udcde +86 10 6522 1122 | \ud83c\udf10 <a href=\"https:\/\/zhonganhotel.com\/it\/\" target=\"_blank\" rel=\"nofollow noopener\">www.zhonganhotel.com <\/a><\/p><div class=\"my-2\">\u00a0<\/div><p data-spm-anchor-id=\"a2ty_o01.29997173.0.i41.3db3c921hBvKzf\"><em>La tua autentica esperienza culinaria pechinese inizia qui.<\/em> \ud83e\udd62\ud83c\udf5c\ud83e\udd5f<\/p>\t\t\t\t\t\t\t\t<\/div>\n\t\t\t\t\t<\/div>\n\t\t\t\t<\/div>\n\t\t\t\t<\/div>","protected":false},"excerpt":{"rendered":"<p>Discover Flavor in the Heart of Beijing Tucked within the historic alleyways of Dayangmao Hutong in Beijing\u2019s vibrant Dongcheng District, the restaurant at Beijing Zhong\u2019an Hotel offers more than just a meal\u2014it delivers an authentic taste of the capital\u2019s rich culinary soul. Located at No. 6 Kuijiachang, Beijing Station East Street, Beijing, 100005, our on-site [&hellip;]<\/p>\n","protected":false},"author":1,"featured_media":0,"parent":0,"menu_order":0,"comment_status":"closed","ping_status":"closed","template":"","meta":{"footnotes":""},"class_list":["post-612","page","type-page","status-publish","hentry","post-no-thumbnail"],"_links":{"self":[{"href":"https:\/\/zhonganhotel.com\/it\/wp-json\/wp\/v2\/pages\/612","targetHints":{"allow":["GET"]}}],"collection":[{"href":"https:\/\/zhonganhotel.com\/it\/wp-json\/wp\/v2\/pages"}],"about":[{"href":"https:\/\/zhonganhotel.com\/it\/wp-json\/wp\/v2\/types\/page"}],"author":[{"embeddable":true,"href":"https:\/\/zhonganhotel.com\/it\/wp-json\/wp\/v2\/users\/1"}],"replies":[{"embeddable":true,"href":"https:\/\/zhonganhotel.com\/it\/wp-json\/wp\/v2\/comments?post=612"}],"version-history":[{"count":0,"href":"https:\/\/zhonganhotel.com\/it\/wp-json\/wp\/v2\/pages\/612\/revisions"}],"wp:attachment":[{"href":"https:\/\/zhonganhotel.com\/it\/wp-json\/wp\/v2\/media?parent=612"}],"curies":[{"name":"parola chiave","href":"https:\/\/api.w.org\/{rel}","templated":true}]}}