{"id":647,"date":"2021-03-29T02:13:52","date_gmt":"2021-03-29T02:13:52","guid":{"rendered":"http:\/\/localhost\/nuss\/?page_id=647"},"modified":"2025-08-19T04:52:07","modified_gmt":"2025-08-19T04:52:07","slug":"servizi","status":"publish","type":"page","link":"https:\/\/zhonganhotel.com\/it\/servizi\/","title":{"rendered":"Servizi"},"content":{"rendered":"<div data-elementor-type=\"wp-page\" data-elementor-id=\"647\" class=\"elementor elementor-647\">\n\t\t\t\t\t\t<section class=\"elementor-section elementor-top-section elementor-element elementor-element-3353bc8 elementor-section-boxed elementor-section-gap-beside-yes elementor-section-height-default elementor-section-height-default elementor-section-column-vertical-align-stretch\" data-id=\"3353bc8\" data-element_type=\"section\" data-e-type=\"section\">\n\t\t\t\t\t\t<div class=\"elementor-container elementor-column-gap-extended\">\n\t\t\t\t\t<div class=\"elementor-column elementor-col-100 elementor-top-column elementor-element elementor-element-0a2bc64\" data-id=\"0a2bc64\" data-element_type=\"column\" data-e-type=\"column\">\n\t\t\t<div class=\"elementor-widget-wrap elementor-element-populated\">\n\t\t\t\t\t\t<div class=\"elementor-element elementor-element-447e3ef elementor-widget__width-initial elementor-invisible elementor-widget elementor-widget-text-editor\" data-id=\"447e3ef\" data-element_type=\"widget\" data-e-type=\"widget\" data-settings=\"{&quot;_animation&quot;:&quot;nussFadeInUp&quot;}\" data-widget_type=\"text-editor.default\">\n\t\t\t\t\t\t\t\t\t<p>Facciamo del nostro meglio per offrire a tutti i nostri ospiti i servizi e le strutture necessari per rendere il loro soggiorno indimenticabile.<\/p>\t\t\t\t\t\t\t\t<\/div>\n\t\t\t\t\t<\/div>\n\t\t<\/div>\n\t\t\t\t\t<\/div>\n\t\t<\/section>\n\t\t<div class=\"elementor-element elementor-element-f1219df e-flex e-con-boxed e-con e-parent\" data-id=\"f1219df\" data-element_type=\"container\" data-e-type=\"container\">\n\t\t\t\t\t<div class=\"e-con-inner\">\n\t\t\t\t<div class=\"elementor-element elementor-element-0d76ea7 elementor-widget elementor-widget-text-editor\" data-id=\"0d76ea7\" data-element_type=\"widget\" data-e-type=\"widget\" data-widget_type=\"text-editor.default\">\n\t\t\t\t\t\t\t\t\t<p data-spm-anchor-id=\"a2ty_o01.29997173.0.i47.3db3c921hBvKzf\">A <strong>Hotel Zhong&#039;an di Pechino<\/strong>, situato nello storico <strong>Dayangmao Hutong<\/strong> A <strong>No. 6 Kuijiachang, Beijing Station East Street, distretto di Dongcheng, Pechino, 100005<\/strong>, crediamo che la vera ospitalit\u00e0 non si misuri con grandi gesti, ma con i dettagli silenziosi e premurosi che rendono il viaggio di un viaggiatore pi\u00f9 agevole, sicuro e significativo. Mentre la nostra incantevole posizione, a solo un <strong>5 minuti a piedi dalla stazione ferroviaria di Pechino<\/strong>\u2014offre una comodit\u00e0 senza pari, \u00e8 il nostro <strong>suite completa di servizi pratici, affidabili e personalizzati<\/strong> che trasforma un semplice pernottamento in un&#039;esperienza davvero confortante.<\/p><div class=\"my-2\">\u00a0<\/div><p>Sappiamo che i nostri ospiti provengono da ogni ceto sociale: viaggiatori internazionali che muovono i primi passi in Cina, famiglie che intraprendono un&#039;avventura attraverso il Paese, professionisti che prendono i treni la mattina presto o esploratori solitari in cerca di un autentico scorcio di vita pechinese. Ecco perch\u00e9 i nostri servizi sono pensati non per lo spettacolo, ma per... <strong>bisogni del mondo reale<\/strong>\u2014assicurando che ogni ospite si senta accolto, supportato e a suo agio fin dal momento del suo arrivo.<\/p><div class=\"my-2\">\u00a0<\/div><h3>Reception aperta 24 ore su 24 e assistenza personalizzata per gli ospiti<\/h3><p>Nostro <strong>reception aperta 24 ore su 24<\/strong> \u00e8 il cuore pulsante dell&#039;hotel. Con personale 24 ore su 24, il nostro team multilingue (fluente in <strong>Mandarino e inglese di base<\/strong>, con app di traduzione a portata di mano) \u00e8 sempre pronto ad assisterti. Che tu arrivi alle 3 del mattino da un treno in ritardo o abbia bisogno di aiuto per stampare l&#039;itinerario del tuo volo del giorno successivo, siamo qui per te.<\/p><div class=\"my-2\">\u00a0<\/div><p>Il nostro team non si limita al check-in e al check-out. Siamo lieti di:<\/p><ul><li><strong>Chiama un taxi o Didi (l&#039;Uber cinese)<\/strong> per la tua prossima destinazione.<\/li><li><strong>Fornire mappe disegnate a mano<\/strong> e indicazioni per la metropolitana verso la Citt\u00e0 Proibita, Piazza Tienanmen o Wangfujing.<\/li><li><strong>Consiglia autentici ristoranti locali<\/strong> a pochi passi dall&#039;hotel, dalla vaporiera <em>jianbing<\/em> (Cr\u00eapes cinesi) fino agli accoglienti negozi di noodle.<\/li><li><strong>Assistenza con i bagagli<\/strong> per gli ospiti con bagagli pesanti o coincidenze strette.<\/li><\/ul><div class=\"my-2\">\u00a0<\/div><h3>Arrivo e partenza senza intoppi con il servizio bagagli<\/h3><p>Viaggiare attraverso uno degli snodi ferroviari pi\u00f9 trafficati dell&#039;Asia pu\u00f2 essere stressante. Ecco perch\u00e9 offriamo <strong>deposito bagagli gratuito<\/strong> Prima del check-in e dopo il check-out. Arrivi ore prima che la tua camera sia pronta? Lascia i tuoi bagagli in tutta sicurezza da noi, esplora Pechino e torna quando sei pronto. Questo servizio \u00e8 particolarmente utile per gli ospiti che devono cambiare treno ad alta velocit\u00e0 o che si preparano per partenze a tarda notte.<\/p><div class=\"my-2\">\u00a0<\/div><h3>Alloggi confortevoli e ben tenuti con servizi essenziali<\/h3><p>Ogni camera dello Zhong&#039;an Hotel \u00e8 progettata con <strong>comodit\u00e0 pratica<\/strong> In mente. Diamo priorit\u00e0 a pulizia, silenzio e funzionalit\u00e0: esigenze fondamentali per ogni viaggiatore. I nostri servizi garantiscono che la vostra camera sia un rifugio tranquillo:<\/p><ul><li><strong>Pulizia giornaliera<\/strong> per mantenere il tuo spazio fresco e ordinato.<\/li><li><strong>Bagni privati interni<\/strong> in ogni camera, dotata di acqua calda, asciugamani e articoli da toeletta essenziali.<\/li><li><strong>Aria condizionata e riscaldamento invernale affidabili<\/strong> per un comfort che dura tutto l&#039;anno, indipendentemente dalla stagione.<\/li><li><strong>Wi-Fi ad alta velocit\u00e0 gratuito<\/strong> in tutto l&#039;hotel, cos\u00ec potrai rimanere connesso, controllare la posta elettronica o condividere il tuo viaggio con i tuoi cari.<\/li><\/ul><div class=\"my-2\">\u00a0<\/div><h3>Supporto per i viaggiatori moderni<\/h3><p>Comprendiamo le esigenze del viaggiatore globale di oggi. Ecco perch\u00e9 offriamo:<\/p><ul><li><strong>Molteplici opzioni di pagamento<\/strong>: Accettiamo <strong>Visa, Mastercard, UnionPay, WeChat Pay e Alipay<\/strong>, rendendo le transazioni semplici sia che tu ti trovi all&#039;estero sia che tu stia viaggiando all&#039;interno del Paese.<\/li><li><strong>Compatibilit\u00e0 con le prenotazioni online<\/strong>: Prenota il tuo soggiorno senza problemi tramite le principali piattaforme come <strong>Trip.com, Booking.com, Ctrip e Agoda<\/strong>oppure prenota direttamente con noi telefonicamente.<\/li><li><strong>Colazione semplice in stile cinese<\/strong> (disponibile a un costo aggiuntivo), con congee, panini al vapore, uova e verdure sottaceto: il carburante perfetto per una giornata di esplorazione.<\/li><\/ul><div class=\"my-2\">\u00a0<\/div><h3>Un ambiente sicuro, accessibile e attento<\/h3><p>La tua sicurezza e la tua tranquillit\u00e0 sono fondamentali. <strong>Il distretto di Dongcheng \u00e8 ben illuminato e sicuro<\/strong>e la nostra posizione nell&#039;hutong, sebbene tradizionale, \u00e8 un <strong>quartiere residenziale e tranquillo<\/strong> Con una presenza locale attiva e pattuglie di sicurezza. L&#039;hotel \u00e8 ben tenuto e il personale \u00e8 sempre presente.<\/p><div class=\"my-2\">\u00a0<\/div><p>Sebbene ci rammarichiamo che il nostro tradizionale ambiente hutong, con i suoi stretti vicoli e le sue scale,<strong>non \u00e8 accessibile alle sedie a rotelle<\/strong>Invitiamo gli ospiti con esigenze motorie particolari a contattarci in anticipo, cos\u00ec da poter fare del nostro meglio per assisterli e fornirgli indicazioni.<\/p><div class=\"my-2\">\u00a0<\/div><h3>Pi\u00f9 di un hotel: un compagno di viaggio affidabile<\/h3><p>Al Beijing Zhong&#039;an Hotel, i nostri servizi non sono solo una lista di controllo: sono l&#039;espressione del nostro impegno per <strong>ospitalit\u00e0 autentica e incentrata sull&#039;uomo<\/strong>Potremmo non avere una piscina o una grande hall, ma ci\u00f2 che offriamo \u00e8 molto pi\u00f9 prezioso: <strong>affidabilit\u00e0, gentilezza e un genuino desiderio di aiutarti a raggiungere il successo nel tuo percorso<\/strong>.<\/p><div class=\"my-2\">\u00a0<\/div><p>Dal momento in cui metti piede nel nostro tranquillo vicolo fino all&#039;amichevole &quot;<em>z\u00e0iji\u00e0n<\/em>&quot; (arrivederci) mentre ti dirigi verso la tua prossima destinazione, siamo qui per rendere il tuo soggiorno a Pechino non solo conveniente, ma <strong>veramente confortevole e memorabile<\/strong>.<\/p><div class=\"my-2\">\u00a0<\/div><div class=\"py-2 my-3\"><hr \/><\/div><div class=\"my-2\">\u00a0<\/div><p><strong>Scopri la differenza di un servizio attento<\/strong><br \/>\ud83d\udccd <strong>Hotel Zhong&#039;an di Pechino<\/strong><br \/>No. 6 Kuijiachang, Dayangmao Hutong, Beijing Station East Street, Distretto Dongcheng, Pechino, 100005<br \/>\ud83d\udcde +86 10 6522 1122 | \ud83c\udf10 <a href=\"https:\/\/zhonganhotel.com\/it\/\" target=\"_blank\" rel=\"nofollow noopener\">www.zhonganhotel.com <\/a><\/p><div class=\"my-2\">\u00a0<\/div><p data-spm-anchor-id=\"a2ty_o01.29997173.0.i48.3db3c921hBvKzf\"><em>La tua autentica esperienza a Pechino inizia con la cura.<\/em> \ud83c\udfee\ud83e\uddf3\u2764\ufe0f<\/p>\t\t\t\t\t\t\t\t<\/div>\n\t\t\t\t\t<\/div>\n\t\t\t\t<\/div>\n\t\t\t\t<\/div>","protected":false},"excerpt":{"rendered":"<p>We do our best to offer all our guests the services and facilities to make their stay a memorable one. At Beijing Zhong\u2019an Hotel, located in the historic Dayangmao Hutong at No. 6 Kuijiachang, Beijing Station East Street, Dongcheng District, Beijing, 100005, we believe that true hospitality isn\u2019t measured by grand gestures, but by the [&hellip;]<\/p>\n","protected":false},"author":1,"featured_media":0,"parent":0,"menu_order":0,"comment_status":"closed","ping_status":"closed","template":"","meta":{"footnotes":""},"class_list":["post-647","page","type-page","status-publish","hentry","post-no-thumbnail"],"_links":{"self":[{"href":"https:\/\/zhonganhotel.com\/it\/wp-json\/wp\/v2\/pages\/647","targetHints":{"allow":["GET"]}}],"collection":[{"href":"https:\/\/zhonganhotel.com\/it\/wp-json\/wp\/v2\/pages"}],"about":[{"href":"https:\/\/zhonganhotel.com\/it\/wp-json\/wp\/v2\/types\/page"}],"author":[{"embeddable":true,"href":"https:\/\/zhonganhotel.com\/it\/wp-json\/wp\/v2\/users\/1"}],"replies":[{"embeddable":true,"href":"https:\/\/zhonganhotel.com\/it\/wp-json\/wp\/v2\/comments?post=647"}],"version-history":[{"count":0,"href":"https:\/\/zhonganhotel.com\/it\/wp-json\/wp\/v2\/pages\/647\/revisions"}],"wp:attachment":[{"href":"https:\/\/zhonganhotel.com\/it\/wp-json\/wp\/v2\/media?parent=647"}],"curies":[{"name":"parola chiave","href":"https:\/\/api.w.org\/{rel}","templated":true}]}}